{"id":2020,"date":"2026-03-30T22:02:53","date_gmt":"2026-03-30T22:02:53","guid":{"rendered":"https:\/\/dev.sahkoherkat.fi\/?page_id=2020"},"modified":"2026-05-10T02:51:52","modified_gmt":"2026-05-10T02:51:52","slug":"vaikuta","status":"publish","type":"page","link":"https:\/\/dev.sahkoherkat.fi\/?page_id=2020","title":{"rendered":"Vaikuta"},"content":{"rendered":"\t\t<div data-elementor-type=\"wp-page\" data-elementor-id=\"2020\" class=\"elementor elementor-2020\" data-elementor-post-type=\"page\">\n\t\t\t\t<div class=\"elementor-element elementor-element-2b56f0a e-flex e-con-boxed e-con e-parent\" data-id=\"2b56f0a\" data-element_type=\"container\" data-e-type=\"container\" data-settings=\"{&quot;background_background&quot;:&quot;classic&quot;}\">\n\t\t\t\t\t<div class=\"e-con-inner\">\n\t\t\t\t\t<\/div>\n\t\t\t\t<\/div>\n\t\t<div class=\"elementor-element elementor-element-d598fdf e-con-full e-flex e-con e-parent\" data-id=\"d598fdf\" data-element_type=\"container\" data-e-type=\"container\" data-settings=\"{&quot;background_background&quot;:&quot;classic&quot;}\">\n\t\t\t\t<div class=\"elementor-element elementor-element-8c0f7b5 elementor-widget elementor-widget-shortcode\" data-id=\"8c0f7b5\" data-element_type=\"widget\" data-e-type=\"widget\" data-widget_type=\"shortcode.default\">\n\t\t\t\t\t\t\t<div class=\"elementor-shortcode\"><span><span><a href=\"https:\/\/dev.sahkoherkat.fi\/\">Etusivu<\/a><\/span><\/span>\n<\/div>\n\t\t\t\t\t\t<\/div>\n\t\t\t\t<div class=\"elementor-element elementor-element-48b3855 elementor-widget elementor-widget-heading\" data-id=\"48b3855\" data-element_type=\"widget\" data-e-type=\"widget\" data-widget_type=\"heading.default\">\n\t\t\t\t\t<h1 class=\"elementor-heading-title elementor-size-default\">Vaikuta<\/h1>\t\t\t\t<\/div>\n\t\t\t\t<\/div>\n\t\t<div class=\"elementor-element elementor-element-dbf2f9c e-con-full e-flex e-con e-parent\" data-id=\"dbf2f9c\" data-element_type=\"container\" data-e-type=\"container\">\n\t\t<div class=\"elementor-element elementor-element-3c5be42 e-con-full e-flex e-con e-child\" data-id=\"3c5be42\" data-element_type=\"container\" data-e-type=\"container\">\n\t\t\t\t<div class=\"elementor-element elementor-element-102e383 elementor-widget elementor-widget-heading\" data-id=\"102e383\" data-element_type=\"widget\" data-e-type=\"widget\" data-widget_type=\"heading.default\">\n\t\t\t\t\t<p class=\"elementor-heading-title elementor-size-default\">S\u00e4hk\u00f6herkkyys koskettaa monia ihmisi\u00e4 eri el\u00e4m\u00e4ntilanteissa ty\u00f6ss\u00e4, opiskelussa ja arjessa. T\u00e4lt\u00e4 sivulta l\u00f6yd\u00e4t konkreettisia tapoja vaikuttaa s\u00e4hk\u00f6herkkien arkeen ja edist\u00e4\u00e4 ymm\u00e4rryst\u00e4 s\u00e4hk\u00f6herkkyydest\u00e4. Pienikin teko voi olla merkityksellinen.<\/p>\t\t\t\t<\/div>\n\t\t\t\t<\/div>\n\t\t\t\t<\/div>\n\t\t<div class=\"elementor-element elementor-element-e90a518 e-con-full e-flex e-con e-parent\" data-id=\"e90a518\" data-element_type=\"container\" data-e-type=\"container\">\n\t\t<div class=\"elementor-element elementor-element-72eabde e-con-full e-flex e-con e-child\" data-id=\"72eabde\" data-element_type=\"container\" data-e-type=\"container\">\n\t\t\t\t<div class=\"elementor-element elementor-element-f4319a8 elementor-widget elementor-widget-image\" data-id=\"f4319a8\" data-element_type=\"widget\" data-e-type=\"widget\" data-widget_type=\"image.default\">\n\t\t\t\t\t\t\t\t\t\t\t\t\t\t\t<img fetchpriority=\"high\" decoding=\"async\" width=\"800\" height=\"534\" src=\"https:\/\/dev.sahkoherkat.fi\/wp-content\/uploads\/2026\/03\/zac-durant-_6HzPU9Hyfg-unsplash-1024x683.jpg\" class=\"attachment-large size-large wp-image-1841\" alt=\"\" srcset=\"https:\/\/dev.sahkoherkat.fi\/wp-content\/uploads\/2026\/03\/zac-durant-_6HzPU9Hyfg-unsplash-1024x683.jpg 1024w, https:\/\/dev.sahkoherkat.fi\/wp-content\/uploads\/2026\/03\/zac-durant-_6HzPU9Hyfg-unsplash-300x200.jpg 300w, https:\/\/dev.sahkoherkat.fi\/wp-content\/uploads\/2026\/03\/zac-durant-_6HzPU9Hyfg-unsplash-768x512.jpg 768w, https:\/\/dev.sahkoherkat.fi\/wp-content\/uploads\/2026\/03\/zac-durant-_6HzPU9Hyfg-unsplash-1536x1024.jpg 1536w, https:\/\/dev.sahkoherkat.fi\/wp-content\/uploads\/2026\/03\/zac-durant-_6HzPU9Hyfg-unsplash-2048x1366.jpg 2048w\" sizes=\"(max-width: 800px) 100vw, 800px\" \/>\t\t\t\t\t\t\t\t\t\t\t\t\t\t\t<\/div>\n\t\t\t\t<div class=\"elementor-element elementor-element-7461e72 elementor-widget elementor-widget-heading\" data-id=\"7461e72\" data-element_type=\"widget\" data-e-type=\"widget\" data-widget_type=\"heading.default\">\n\t\t\t\t\t<h3 class=\"elementor-heading-title elementor-size-default\">Tee s\u00e4hk\u00f6herkkyytt\u00e4 n\u00e4kyv\u00e4ksi<\/h3>\t\t\t\t<\/div>\n\t\t\t\t<div class=\"elementor-element elementor-element-b4d4ae3 elementor-widget elementor-widget-text-editor\" data-id=\"b4d4ae3\" data-element_type=\"widget\" data-e-type=\"widget\" data-widget_type=\"text-editor.default\">\n\t\t\t\t\t\t\t\t\t<p data-start=\"667\" data-end=\"825\">Moni s\u00e4hk\u00f6herkk\u00e4 on tavallinen ty\u00f6ss\u00e4 k\u00e4yv\u00e4, opiskeleva, aktiivinen ja el\u00e4m\u00e4ss\u00e4\u00e4n eteenp\u00e4in pyrkiv\u00e4 ihminen. S\u00e4hk\u00f6herkkyys ei m\u00e4\u00e4rit\u00e4 koko ihmist\u00e4.<\/p><p>Asiallinen n\u00e4kyvyys v\u00e4hent\u00e4\u00e4 ennakkoluuloja ja auttaa ymm\u00e4rt\u00e4m\u00e4\u00e4n, millaisia arjen haasteita s\u00e4hk\u00f6herkkyys voi aiheuttaa.<\/p><p data-start=\"924\" data-end=\"941\">Voit esimerkiksi:<\/p><ul data-start=\"942\" data-end=\"1143\"><li data-section-id=\"1vx49g1\" data-start=\"942\" data-end=\"994\">jakaa luotettavia artikkeleita tai kokemustietoa<\/li><li data-section-id=\"j0l7r7\" data-start=\"995\" data-end=\"1045\">keskustella aiheesta l\u00e4hipiiriss\u00e4 asiallisesti<\/li><li data-section-id=\"13kt95\" data-start=\"1046\" data-end=\"1096\">suhtautua erilaisiin n\u00e4kemyksiin avoimesti<\/li><li data-section-id=\"1rq4ar\" data-start=\"1097\" data-end=\"1143\"><span style=\"background-color: transparent;\">kertoa s\u00e4hk\u00f6herkkyydest\u00e4 silloin kun se tuntuu luontevalta<\/span><\/li><\/ul>\t\t\t\t\t\t\t\t<\/div>\n\t\t\t\t<div class=\"elementor-element elementor-element-dcf9094 elementor-widget elementor-widget-heading\" data-id=\"dcf9094\" data-element_type=\"widget\" data-e-type=\"widget\" data-widget_type=\"heading.default\">\n\t\t\t\t\t<h3 class=\"elementor-heading-title elementor-size-default\">Tue rakentavaa keskustelua<\/h3>\t\t\t\t<\/div>\n\t\t\t\t<div class=\"elementor-element elementor-element-46d4097 elementor-widget elementor-widget-text-editor\" data-id=\"46d4097\" data-element_type=\"widget\" data-e-type=\"widget\" data-widget_type=\"text-editor.default\">\n\t\t\t\t\t\t\t\t\t<p data-start=\"1280\" data-end=\"1388\">S\u00e4hk\u00f6herkkyydest\u00e4 tarvitaan lis\u00e4\u00e4 avointa, uusimpaan tietoon nojaavaa ja ihmisi\u00e4 kunnioittavaa keskustelua. Rakentava keskustelukulttuuri auttaa s\u00e4hk\u00f6herkki\u00e4 tulemaan kohdatuksi vakavasti ja inhimillisesti.<\/p><p data-start=\"1390\" data-end=\"1417\">Voit esimerkiksi:<\/p><ul data-start=\"1418\" data-end=\"1616\"><li style=\"font-size: 16px;\" data-section-id=\"106rmls\" data-start=\"1470\" data-end=\"1515\">seurata aiheeseen liittyv\u00e4\u00e4 keskustelua ja tutkimusta<\/li><li data-section-id=\"1pp33sm\" data-start=\"1418\" data-end=\"1469\">jakaa luotettavaa tietoa eteenp\u00e4in<\/li><li data-section-id=\"1s6549y\" data-start=\"1516\" data-end=\"1561\">oikaista v\u00e4\u00e4rink\u00e4sityksi\u00e4 rauhallisesti<\/li><li data-section-id=\"1j04r45\" data-start=\"1562\" data-end=\"1616\">kannustaa keskusteluun ilman vastakkainasettelua<\/li><\/ul>\t\t\t\t\t\t\t\t<\/div>\n\t\t\t\t<div class=\"elementor-element elementor-element-2ba01da elementor-widget elementor-widget-heading\" data-id=\"2ba01da\" data-element_type=\"widget\" data-e-type=\"widget\" data-widget_type=\"heading.default\">\n\t\t\t\t\t<h3 class=\"elementor-heading-title elementor-size-default\">Vaikuta omassa arkiymp\u00e4rist\u00f6ss\u00e4si<\/h3>\t\t\t\t<\/div>\n\t\t\t\t<div class=\"elementor-element elementor-element-554be2e elementor-widget elementor-widget-text-editor\" data-id=\"554be2e\" data-element_type=\"widget\" data-e-type=\"widget\" data-widget_type=\"text-editor.default\">\n\t\t\t\t\t\t\t\t\t<p data-start=\"1776\" data-end=\"1846\">Pienill\u00e4 k\u00e4yt\u00e4nn\u00f6n ratkaisuilla voidaan usein helpottaa s\u00e4hk\u00f6herk\u00e4n arkea. Kaikkia tarpeita ei v\u00e4ltt\u00e4m\u00e4tt\u00e4 voida ratkaista kerralla, mutta keskustelu ja yhteisty\u00f6 viev\u00e4t asioita eteenp\u00e4in.<\/p><p data-start=\"1848\" data-end=\"1865\">Voit esimerkiksi:<\/p><ul data-start=\"1866\" data-end=\"2125\"><li data-section-id=\"1l8eexr\" data-start=\"1866\" data-end=\"1909\">antaa palautetta palveluista tai tiloista<\/li><li data-section-id=\"1pu4bp3\" data-start=\"1910\" data-end=\"1958\">ehdottaa joustavia ty\u00f6- tai opiskeluratkaisuja<\/li><li data-section-id=\"66wd0v\" data-start=\"1959\" data-end=\"2013\">keskustella vaihtoehtoisista teknisist\u00e4 ratkaisuista<\/li><li data-section-id=\"cmcmy7\" data-start=\"2014\" data-end=\"2070\">edist\u00e4\u00e4 ergonomisempia ja esteett\u00f6m\u00e4mpi\u00e4 ymp\u00e4rist\u00f6j\u00e4<\/li><li data-section-id=\"1k3n1hs\" data-start=\"2071\" data-end=\"2125\">tehd\u00e4 rakentavia ehdotuksia kunnille tai yhteis\u00f6ille<\/li><\/ul>\t\t\t\t\t\t\t\t<\/div>\n\t\t\t\t<div class=\"elementor-element elementor-element-f501d65 elementor-widget elementor-widget-heading\" data-id=\"f501d65\" data-element_type=\"widget\" data-e-type=\"widget\" data-widget_type=\"heading.default\">\n\t\t\t\t\t<h3 class=\"elementor-heading-title elementor-size-default\">Tue arkea ja hyvinvointia<\/h3>\t\t\t\t<\/div>\n\t\t\t\t<div class=\"elementor-element elementor-element-6b84998 elementor-widget elementor-widget-text-editor\" data-id=\"6b84998\" data-element_type=\"widget\" data-e-type=\"widget\" data-widget_type=\"text-editor.default\">\n\t\t\t\t\t\t\t\t\t<p data-start=\"2296\" data-end=\"2447\">Moni s\u00e4hk\u00f6herkkyyden kanssa el\u00e4v\u00e4 kohtaa arjessaan kuormittavia ymp\u00e4rist\u00f6j\u00e4 ja voi ajoittain kokea ep\u00e4varmuutta sek\u00e4 yksin j\u00e4\u00e4mist\u00e4. My\u00f6s s\u00e4hk\u00f6herk\u00e4n l\u00e4heiset voivat kaivata tietoa ja tukea arjen tilanteisiin.<\/p><p data-start=\"2296\" data-end=\"2447\">Joskus vaikuttavin teko on yksinkertainen: olla l\u00e4sn\u00e4 ja auttaa k\u00e4yt\u00e4nn\u00f6ss\u00e4.<\/p><p data-start=\"2449\" data-end=\"2461\">Voit esimerkiksi:<\/p><ul data-start=\"2462\" data-end=\"2646\"><li data-section-id=\"15s6lpx\" data-start=\"2462\" data-end=\"2494\">kuunnella ilman v\u00e4h\u00e4ttely\u00e4<\/li><li data-section-id=\"15s6lpx\" data-start=\"2462\" data-end=\"2494\">auttaa k\u00e4yt\u00e4nn\u00f6n asioissa, kuten asioinnissa tai j\u00e4rjestelyiss\u00e4<\/li><li data-section-id=\"olmqrw\" data-start=\"2495\" data-end=\"2543\">jakaa arjen selviytymiskeinoja<\/li><li data-section-id=\"15rtc1w\" data-start=\"2544\" data-end=\"2586\">kertoa vertaistuen mahdollisuuksista<\/li><li data-section-id=\"wtdu2y\" data-start=\"2587\" data-end=\"2646\">muistuttaa, ettei kukaan ole tilanteensa kanssa yksin<\/li><\/ul>\t\t\t\t\t\t\t\t<\/div>\n\t\t\t\t<div class=\"elementor-element elementor-element-3511912 elementor-widget elementor-widget-heading\" data-id=\"3511912\" data-element_type=\"widget\" data-e-type=\"widget\" data-widget_type=\"heading.default\">\n\t\t\t\t\t<h3 class=\"elementor-heading-title elementor-size-default\">Jokainen teko auttaa<\/h3>\t\t\t\t<\/div>\n\t\t\t\t<div class=\"elementor-element elementor-element-faf22b0 elementor-widget elementor-widget-text-editor\" data-id=\"faf22b0\" data-element_type=\"widget\" data-e-type=\"widget\" data-widget_type=\"text-editor.default\">\n\t\t\t\t\t\t\t\t\t<p data-start=\"1879\" data-end=\"2044\">Vaikuttaminen ei tarkoita suuria tekoja tai jatkuvaa osallistumista. Yksitt\u00e4inenkin keskustelu, viesti, palaute tai kokemuksen jakaminen voi olla merkityksellinen.<\/p><p data-start=\"2046\" data-end=\"2156\">S\u00e4hk\u00f6herk\u00e4t ry:n tavoitteena on lis\u00e4t\u00e4 ymm\u00e4rryst\u00e4 s\u00e4hk\u00f6herkkyydest\u00e4 ja tukea inhimillist\u00e4 kohtaamista arjessa.<\/p>\t\t\t\t\t\t\t\t<\/div>\n\t\t\t\t<div class=\"elementor-element elementor-element-48cd390 elementor-widget elementor-widget-heading\" data-id=\"48cd390\" data-element_type=\"widget\" data-e-type=\"widget\" data-widget_type=\"heading.default\">\n\t\t\t\t\t<h3 class=\"elementor-heading-title elementor-size-default\">Kiinnostuitko toiminnasta laajemmin?<\/h3>\t\t\t\t<\/div>\n\t\t\t\t<div class=\"elementor-element elementor-element-5e4e365 elementor-widget elementor-widget-text-editor\" data-id=\"5e4e365\" data-element_type=\"widget\" data-e-type=\"widget\" data-widget_type=\"text-editor.default\">\n\t\t\t\t\t\t\t\t\t<p>Liittym\u00e4ll\u00e4 S\u00e4hk\u00f6herk\u00e4t ry:n j\u00e4seneksi voit osallistua toimintaan ja halutessasi vaikuttaa s\u00e4hk\u00f6herkkyyteen liittyviin asioihin entist\u00e4 enemm\u00e4n.<\/p>\t\t\t\t\t\t\t\t<\/div>\n\t\t\t\t<\/div>\n\t\t\t\t<\/div>\n\t\t\t\t<\/div>\n\t\t","protected":false},"excerpt":{"rendered":"<p>This is my example excerpt text. T\u00e4m\u00e4 on sivun esittelyteksti, joka n\u00e4kyy galleriakortissa. <\/p>\n","protected":false},"author":1,"featured_media":1820,"parent":2017,"menu_order":30,"comment_status":"closed","ping_status":"closed","template":"","meta":{"footnotes":""},"class_list":["post-2020","page","type-page","status-publish","has-post-thumbnail","hentry"],"yoast_head":"<!-- This site is optimized with the Yoast SEO plugin v27.2 - https:\/\/yoast.com\/product\/yoast-seo-wordpress\/ -->\n<title>Vaikuta - S\u00e4hk\u00f6herk\u00e4t ry<\/title>\n<meta name=\"robots\" content=\"index, follow, max-snippet:-1, max-image-preview:large, max-video-preview:-1\" \/>\n<link rel=\"canonical\" href=\"https:\/\/dev.sahkoherkat.fi\/?page_id=2020\" \/>\n<meta property=\"og:locale\" content=\"fi_FI\" \/>\n<meta property=\"og:type\" content=\"article\" \/>\n<meta property=\"og:title\" content=\"Vaikuta - S\u00e4hk\u00f6herk\u00e4t ry\" \/>\n<meta property=\"og:description\" content=\"This is my example excerpt text. T\u00e4m\u00e4 on sivun esittelyteksti, joka n\u00e4kyy galleriakortissa.\" \/>\n<meta property=\"og:url\" content=\"https:\/\/dev.sahkoherkat.fi\/?page_id=2020\" \/>\n<meta property=\"og:site_name\" content=\"S\u00e4hk\u00f6herk\u00e4t ry\" \/>\n<meta property=\"article:modified_time\" content=\"2026-05-10T02:51:52+00:00\" \/>\n<meta property=\"og:image\" content=\"https:\/\/dev.sahkoherkat.fi\/wp-content\/uploads\/2026\/03\/nick-night-a-CfK0ZDVWQ-unsplash-scaled.jpg\" \/>\n\t<meta property=\"og:image:width\" content=\"2560\" \/>\n\t<meta property=\"og:image:height\" content=\"1440\" \/>\n\t<meta property=\"og:image:type\" content=\"image\/jpeg\" \/>\n<meta name=\"twitter:card\" content=\"summary_large_image\" \/>\n<meta name=\"twitter:label1\" content=\"Arvioitu lukuaika\" \/>\n\t<meta name=\"twitter:data1\" content=\"2 minuuttia\" \/>\n<script type=\"application\/ld+json\" class=\"yoast-schema-graph\">{\"@context\":\"https:\/\/schema.org\",\"@graph\":[{\"@type\":\"WebPage\",\"@id\":\"https:\/\/dev.sahkoherkat.fi\/?page_id=2020\",\"url\":\"https:\/\/dev.sahkoherkat.fi\/?page_id=2020\",\"name\":\"Vaikuta - S\u00e4hk\u00f6herk\u00e4t ry\",\"isPartOf\":{\"@id\":\"https:\/\/dev.sahkoherkat.fi\/#website\"},\"primaryImageOfPage\":{\"@id\":\"https:\/\/dev.sahkoherkat.fi\/?page_id=2020#primaryimage\"},\"image\":{\"@id\":\"https:\/\/dev.sahkoherkat.fi\/?page_id=2020#primaryimage\"},\"thumbnailUrl\":\"https:\/\/dev.sahkoherkat.fi\/wp-content\/uploads\/2026\/03\/nick-night-a-CfK0ZDVWQ-unsplash-scaled.jpg\",\"datePublished\":\"2026-03-30T22:02:53+00:00\",\"dateModified\":\"2026-05-10T02:51:52+00:00\",\"breadcrumb\":{\"@id\":\"https:\/\/dev.sahkoherkat.fi\/?page_id=2020#breadcrumb\"},\"inLanguage\":\"fi\",\"potentialAction\":[{\"@type\":\"ReadAction\",\"target\":[\"https:\/\/dev.sahkoherkat.fi\/?page_id=2020\"]}]},{\"@type\":\"ImageObject\",\"inLanguage\":\"fi\",\"@id\":\"https:\/\/dev.sahkoherkat.fi\/?page_id=2020#primaryimage\",\"url\":\"https:\/\/dev.sahkoherkat.fi\/wp-content\/uploads\/2026\/03\/nick-night-a-CfK0ZDVWQ-unsplash-scaled.jpg\",\"contentUrl\":\"https:\/\/dev.sahkoherkat.fi\/wp-content\/uploads\/2026\/03\/nick-night-a-CfK0ZDVWQ-unsplash-scaled.jpg\",\"width\":2560,\"height\":1440},{\"@type\":\"BreadcrumbList\",\"@id\":\"https:\/\/dev.sahkoherkat.fi\/?page_id=2020#breadcrumb\",\"itemListElement\":[{\"@type\":\"ListItem\",\"position\":1,\"name\":\"Etusivu\",\"item\":\"https:\/\/dev.sahkoherkat.fi\/\"},{\"@type\":\"ListItem\",\"position\":2,\"name\":\"Tule mukaan\",\"item\":\"https:\/\/dev.sahkoherkat.fi\/?page_id=2017\"},{\"@type\":\"ListItem\",\"position\":3,\"name\":\"Vaikuta\"}]},{\"@type\":\"WebSite\",\"@id\":\"https:\/\/dev.sahkoherkat.fi\/#website\",\"url\":\"https:\/\/dev.sahkoherkat.fi\/\",\"name\":\"S\u00e4hk\u00f6herk\u00e4t ry\",\"description\":\"S\u00e4hk\u00f6herk\u00e4t ry on suomalainen yhdistys, jonka p\u00e4\u00e4asiallisena teht\u00e4v\u00e4n\u00e4 on toimia s\u00e4hk\u00f6herkkien etuj\u00e4rjest\u00f6n\u00e4.  Yhdistys jakaa tietoa s\u00e4hk\u00f6herkkyyden tunnetuksi tekemisess\u00e4 sek\u00e4 vaikuttaa viranomaisiin ja p\u00e4\u00e4tt\u00e4jiin, jotta s\u00e4hk\u00f6herkkyys hyv\u00e4ksytt\u00e4isiin sairaudeksi ja henkil\u00f6t saisivat virallisen diagnoosin ja korvauksen ty\u00f6kyvyn menett\u00e4misest\u00e4.\",\"potentialAction\":[{\"@type\":\"SearchAction\",\"target\":{\"@type\":\"EntryPoint\",\"urlTemplate\":\"https:\/\/dev.sahkoherkat.fi\/?s={search_term_string}\"},\"query-input\":{\"@type\":\"PropertyValueSpecification\",\"valueRequired\":true,\"valueName\":\"search_term_string\"}}],\"inLanguage\":\"fi\"}]}<\/script>\n<!-- \/ Yoast SEO plugin. -->","yoast_head_json":{"title":"Vaikuta - S\u00e4hk\u00f6herk\u00e4t ry","robots":{"index":"index","follow":"follow","max-snippet":"max-snippet:-1","max-image-preview":"max-image-preview:large","max-video-preview":"max-video-preview:-1"},"canonical":"https:\/\/dev.sahkoherkat.fi\/?page_id=2020","og_locale":"fi_FI","og_type":"article","og_title":"Vaikuta - S\u00e4hk\u00f6herk\u00e4t ry","og_description":"This is my example excerpt text. T\u00e4m\u00e4 on sivun esittelyteksti, joka n\u00e4kyy galleriakortissa.","og_url":"https:\/\/dev.sahkoherkat.fi\/?page_id=2020","og_site_name":"S\u00e4hk\u00f6herk\u00e4t ry","article_modified_time":"2026-05-10T02:51:52+00:00","og_image":[{"width":2560,"height":1440,"url":"https:\/\/dev.sahkoherkat.fi\/wp-content\/uploads\/2026\/03\/nick-night-a-CfK0ZDVWQ-unsplash-scaled.jpg","type":"image\/jpeg"}],"twitter_card":"summary_large_image","twitter_misc":{"Arvioitu lukuaika":"2 minuuttia"},"schema":{"@context":"https:\/\/schema.org","@graph":[{"@type":"WebPage","@id":"https:\/\/dev.sahkoherkat.fi\/?page_id=2020","url":"https:\/\/dev.sahkoherkat.fi\/?page_id=2020","name":"Vaikuta - S\u00e4hk\u00f6herk\u00e4t ry","isPartOf":{"@id":"https:\/\/dev.sahkoherkat.fi\/#website"},"primaryImageOfPage":{"@id":"https:\/\/dev.sahkoherkat.fi\/?page_id=2020#primaryimage"},"image":{"@id":"https:\/\/dev.sahkoherkat.fi\/?page_id=2020#primaryimage"},"thumbnailUrl":"https:\/\/dev.sahkoherkat.fi\/wp-content\/uploads\/2026\/03\/nick-night-a-CfK0ZDVWQ-unsplash-scaled.jpg","datePublished":"2026-03-30T22:02:53+00:00","dateModified":"2026-05-10T02:51:52+00:00","breadcrumb":{"@id":"https:\/\/dev.sahkoherkat.fi\/?page_id=2020#breadcrumb"},"inLanguage":"fi","potentialAction":[{"@type":"ReadAction","target":["https:\/\/dev.sahkoherkat.fi\/?page_id=2020"]}]},{"@type":"ImageObject","inLanguage":"fi","@id":"https:\/\/dev.sahkoherkat.fi\/?page_id=2020#primaryimage","url":"https:\/\/dev.sahkoherkat.fi\/wp-content\/uploads\/2026\/03\/nick-night-a-CfK0ZDVWQ-unsplash-scaled.jpg","contentUrl":"https:\/\/dev.sahkoherkat.fi\/wp-content\/uploads\/2026\/03\/nick-night-a-CfK0ZDVWQ-unsplash-scaled.jpg","width":2560,"height":1440},{"@type":"BreadcrumbList","@id":"https:\/\/dev.sahkoherkat.fi\/?page_id=2020#breadcrumb","itemListElement":[{"@type":"ListItem","position":1,"name":"Etusivu","item":"https:\/\/dev.sahkoherkat.fi\/"},{"@type":"ListItem","position":2,"name":"Tule mukaan","item":"https:\/\/dev.sahkoherkat.fi\/?page_id=2017"},{"@type":"ListItem","position":3,"name":"Vaikuta"}]},{"@type":"WebSite","@id":"https:\/\/dev.sahkoherkat.fi\/#website","url":"https:\/\/dev.sahkoherkat.fi\/","name":"S\u00e4hk\u00f6herk\u00e4t ry","description":"S\u00e4hk\u00f6herk\u00e4t ry on suomalainen yhdistys, jonka p\u00e4\u00e4asiallisena teht\u00e4v\u00e4n\u00e4 on toimia s\u00e4hk\u00f6herkkien etuj\u00e4rjest\u00f6n\u00e4.  Yhdistys jakaa tietoa s\u00e4hk\u00f6herkkyyden tunnetuksi tekemisess\u00e4 sek\u00e4 vaikuttaa viranomaisiin ja p\u00e4\u00e4tt\u00e4jiin, jotta s\u00e4hk\u00f6herkkyys hyv\u00e4ksytt\u00e4isiin sairaudeksi ja henkil\u00f6t saisivat virallisen diagnoosin ja korvauksen ty\u00f6kyvyn menett\u00e4misest\u00e4.","potentialAction":[{"@type":"SearchAction","target":{"@type":"EntryPoint","urlTemplate":"https:\/\/dev.sahkoherkat.fi\/?s={search_term_string}"},"query-input":{"@type":"PropertyValueSpecification","valueRequired":true,"valueName":"search_term_string"}}],"inLanguage":"fi"}]}},"_links":{"self":[{"href":"https:\/\/dev.sahkoherkat.fi\/index.php?rest_route=\/wp\/v2\/pages\/2020","targetHints":{"allow":["GET"]}}],"collection":[{"href":"https:\/\/dev.sahkoherkat.fi\/index.php?rest_route=\/wp\/v2\/pages"}],"about":[{"href":"https:\/\/dev.sahkoherkat.fi\/index.php?rest_route=\/wp\/v2\/types\/page"}],"author":[{"embeddable":true,"href":"https:\/\/dev.sahkoherkat.fi\/index.php?rest_route=\/wp\/v2\/users\/1"}],"replies":[{"embeddable":true,"href":"https:\/\/dev.sahkoherkat.fi\/index.php?rest_route=%2Fwp%2Fv2%2Fcomments&post=2020"}],"version-history":[{"count":58,"href":"https:\/\/dev.sahkoherkat.fi\/index.php?rest_route=\/wp\/v2\/pages\/2020\/revisions"}],"predecessor-version":[{"id":2434,"href":"https:\/\/dev.sahkoherkat.fi\/index.php?rest_route=\/wp\/v2\/pages\/2020\/revisions\/2434"}],"up":[{"embeddable":true,"href":"https:\/\/dev.sahkoherkat.fi\/index.php?rest_route=\/wp\/v2\/pages\/2017"}],"wp:featuredmedia":[{"embeddable":true,"href":"https:\/\/dev.sahkoherkat.fi\/index.php?rest_route=\/wp\/v2\/media\/1820"}],"wp:attachment":[{"href":"https:\/\/dev.sahkoherkat.fi\/index.php?rest_route=%2Fwp%2Fv2%2Fmedia&parent=2020"}],"curies":[{"name":"wp","href":"https:\/\/api.w.org\/{rel}","templated":true}]}}