{"id":2017,"date":"2026-03-30T21:58:39","date_gmt":"2026-03-30T21:58:39","guid":{"rendered":"https:\/\/dev.sahkoherkat.fi\/?page_id=2017"},"modified":"2026-04-24T23:17:59","modified_gmt":"2026-04-24T23:17:59","slug":"tule-mukaan","status":"publish","type":"page","link":"https:\/\/dev.sahkoherkat.fi\/?page_id=2017","title":{"rendered":"Tule mukaan"},"content":{"rendered":"\t\t<div data-elementor-type=\"wp-page\" data-elementor-id=\"2017\" class=\"elementor elementor-2017\" data-elementor-post-type=\"page\">\n\t\t\t\t<div class=\"elementor-element elementor-element-2b56f0a e-flex e-con-boxed e-con e-parent\" data-id=\"2b56f0a\" data-element_type=\"container\" data-e-type=\"container\" data-settings=\"{&quot;background_background&quot;:&quot;classic&quot;}\">\n\t\t\t\t\t<div class=\"e-con-inner\">\n\t\t\t\t\t<\/div>\n\t\t\t\t<\/div>\n\t\t<div class=\"elementor-element elementor-element-d598fdf e-con-full e-flex e-con e-parent\" data-id=\"d598fdf\" data-element_type=\"container\" data-e-type=\"container\" data-settings=\"{&quot;background_background&quot;:&quot;classic&quot;}\">\n\t\t\t\t<div class=\"elementor-element elementor-element-48b3855 elementor-widget elementor-widget-heading\" data-id=\"48b3855\" data-element_type=\"widget\" data-e-type=\"widget\" data-widget_type=\"heading.default\">\n\t\t\t\t\t<h1 class=\"elementor-heading-title elementor-size-default\">Tule mukaan<\/h1>\t\t\t\t<\/div>\n\t\t\t\t<\/div>\n\t\t<div class=\"elementor-element elementor-element-06f14e2 e-flex e-con-boxed e-con e-parent\" data-id=\"06f14e2\" data-element_type=\"container\" data-e-type=\"container\">\n\t\t\t\t\t<div class=\"e-con-inner\">\n\t\t\t\t<div class=\"elementor-element elementor-element-4a600c8 elementor-widget elementor-widget-text-editor\" data-id=\"4a600c8\" data-element_type=\"widget\" data-e-type=\"widget\" data-widget_type=\"text-editor.default\">\n\t\t\t\t\t\t\t\t\t<p>S\u00e4hk\u00f6herkkyys vaikuttaa monen el\u00e4m\u00e4\u00e4n p\u00e4ivitt\u00e4in, ja sen kanssa el\u00e4v\u00e4t kaipaavat tukea sek\u00e4 ymm\u00e4rryst\u00e4. Liittym\u00e4ll\u00e4 mukaan voit olla osa yhteis\u00f6\u00e4, joka edist\u00e4\u00e4 s\u00e4hk\u00f6herkkien asemaa niin yhteiskunnassa kuin terveydenhuollossakin.<\/p><p>On monia tapoja osallistua ja tehd\u00e4 konkreettinen ero. Voit liitty\u00e4 j\u00e4seneksi, tulla vapaaehtoiseksi, tehd\u00e4 lahjoituksen tai osallistua vaikuttamisty\u00f6h\u00f6n, joka parantaa s\u00e4hk\u00f6herkkien asemaa. J\u00e4senyys itsess\u00e4\u00e4n on t\u00e4rke\u00e4 ja arvokas panos ty\u00f6llemme. Valitse sinulle sopivin tapa ja tule mukaan tukemaan yhteist\u00e4 asiaa!<\/p>\t\t\t\t\t\t\t\t<\/div>\n\t\t\t\t\t<\/div>\n\t\t\t\t<\/div>\n\t\t<div class=\"elementor-element elementor-element-58a9b4a e-flex e-con-boxed e-con e-parent\" data-id=\"58a9b4a\" data-element_type=\"container\" data-e-type=\"container\">\n\t\t\t\t\t<div class=\"e-con-inner\">\n\t\t\t\t<div class=\"elementor-element elementor-element-55f2b99 elementor-widget elementor-widget-heading\" data-id=\"55f2b99\" data-element_type=\"widget\" data-e-type=\"widget\" data-widget_type=\"heading.default\">\n\t\t\t\t\t<h2 class=\"elementor-heading-title elementor-size-default\">Lue lis\u00e4\u00e4<\/h2>\t\t\t\t<\/div>\n\t\t\t\t\t<\/div>\n\t\t\t\t<\/div>\n\t\t<div class=\"elementor-element elementor-element-55e84c4 e-con-full e-flex e-con e-parent\" data-id=\"55e84c4\" data-element_type=\"container\" data-e-type=\"container\">\n\t\t\t\t<div class=\"elementor-element elementor-element-31e27e0 elementor-posts--align-center custom elementor-grid-3 elementor-grid-tablet-2 elementor-grid-mobile-1 elementor-posts--thumbnail-top elementor-widget elementor-widget-posts\" data-id=\"31e27e0\" data-element_type=\"widget\" data-e-type=\"widget\" data-settings=\"{&quot;classic_row_gap_mobile&quot;:{&quot;unit&quot;:&quot;px&quot;,&quot;size&quot;:10,&quot;sizes&quot;:[]},&quot;classic_row_gap_tablet&quot;:{&quot;unit&quot;:&quot;px&quot;,&quot;size&quot;:15,&quot;sizes&quot;:[]},&quot;classic_columns&quot;:&quot;3&quot;,&quot;classic_columns_tablet&quot;:&quot;2&quot;,&quot;classic_columns_mobile&quot;:&quot;1&quot;,&quot;classic_row_gap&quot;:{&quot;unit&quot;:&quot;px&quot;,&quot;size&quot;:35,&quot;sizes&quot;:[]}}\" data-widget_type=\"posts.classic\">\n\t\t\t\t<div class=\"elementor-widget-container\">\n\t\t\t\t\t\t\t<div class=\"elementor-posts-container elementor-posts elementor-posts--skin-classic elementor-grid\" role=\"list\">\n\t\t\t\t<article class=\"elementor-post elementor-grid-item post-2029 page type-page status-publish has-post-thumbnail hentry\" role=\"listitem\">\n\t\t\t\t<a class=\"elementor-post__thumbnail__link\" href=\"https:\/\/dev.sahkoherkat.fi\/?page_id=2029\" tabindex=\"-1\" >\n\t\t\t<div class=\"elementor-post__thumbnail\"><img fetchpriority=\"high\" decoding=\"async\" width=\"300\" height=\"200\" src=\"https:\/\/dev.sahkoherkat.fi\/wp-content\/uploads\/2026\/03\/natalie-pedigo-wJK9eTiEZHY-unsplash-300x200.jpg\" class=\"attachment-medium size-medium wp-image-2034\" alt=\"\" srcset=\"https:\/\/dev.sahkoherkat.fi\/wp-content\/uploads\/2026\/03\/natalie-pedigo-wJK9eTiEZHY-unsplash-300x200.jpg 300w, https:\/\/dev.sahkoherkat.fi\/wp-content\/uploads\/2026\/03\/natalie-pedigo-wJK9eTiEZHY-unsplash-1024x683.jpg 1024w, https:\/\/dev.sahkoherkat.fi\/wp-content\/uploads\/2026\/03\/natalie-pedigo-wJK9eTiEZHY-unsplash-768x512.jpg 768w, https:\/\/dev.sahkoherkat.fi\/wp-content\/uploads\/2026\/03\/natalie-pedigo-wJK9eTiEZHY-unsplash-1536x1024.jpg 1536w, https:\/\/dev.sahkoherkat.fi\/wp-content\/uploads\/2026\/03\/natalie-pedigo-wJK9eTiEZHY-unsplash-2048x1365.jpg 2048w\" sizes=\"(max-width: 300px) 100vw, 300px\" \/><\/div>\n\t\t<\/a>\n\t\t\t\t<div class=\"elementor-post__text\">\n\t\t\t\t<h3 class=\"elementor-post__title\">\n\t\t\t<a href=\"https:\/\/dev.sahkoherkat.fi\/?page_id=2029\" >\n\t\t\t\tLiity j\u00e4seneksi\t\t\t<\/a>\n\t\t<\/h3>\n\t\t\t\t<div class=\"elementor-post__excerpt\">\n\t\t\t<p>Liity j\u00e4seneksi J\u00e4senen\u00e4 saat yhdistyksen lehden (t\u00e4ll\u00e4 hetkell\u00e4 kaksi numeroa vuodessa) listan muiden j\u00e4senten yhteystiedoista teknist\u00e4 tukea k\u00e4yt\u00e4nn\u00f6n ongelmissa tietoa tuki- ja keskusteluryhmist\u00e4 alueilla ja internetiss\u00e4 mahdollisuuden vaikuttaa \u00a0 Voit liitty\u00e4 j\u00e4seneksi t\u00e4ytt\u00e4m\u00e4ll\u00e4 alla olevan lomakkeen ja maksamalla j\u00e4senmaksun pankkisiirtona. Saat ohjeet s\u00e4hk\u00f6postitse. J\u00e4senyyteen tarvitaan my\u00f6s yhdistyksen hallituksen muodollinen hyv\u00e4ksynt\u00e4.<\/p>\n\t\t<\/div>\n\t\t\n\t\t<a class=\"elementor-post__read-more\" href=\"https:\/\/dev.sahkoherkat.fi\/?page_id=2029\" aria-label=\"Read more about Liity j\u00e4seneksi\" tabindex=\"-1\" >\n\t\t\tLue lis\u00e4\u00e4\t\t<\/a>\n\n\t\t\t\t<\/div>\n\t\t\t\t<\/article>\n\t\t\t\t<article class=\"elementor-post elementor-grid-item post-1920 page type-page status-publish has-post-thumbnail hentry\" role=\"listitem\">\n\t\t\t\t<a class=\"elementor-post__thumbnail__link\" href=\"https:\/\/dev.sahkoherkat.fi\/?page_id=1920\" tabindex=\"-1\" >\n\t\t\t<div class=\"elementor-post__thumbnail\"><img decoding=\"async\" width=\"300\" height=\"295\" src=\"https:\/\/dev.sahkoherkat.fi\/wp-content\/uploads\/2026\/03\/veikko-venemies-RtFSn0I2zi8-unsplash-300x295.jpg\" class=\"attachment-medium size-medium wp-image-1823\" alt=\"\" srcset=\"https:\/\/dev.sahkoherkat.fi\/wp-content\/uploads\/2026\/03\/veikko-venemies-RtFSn0I2zi8-unsplash-300x295.jpg 300w, https:\/\/dev.sahkoherkat.fi\/wp-content\/uploads\/2026\/03\/veikko-venemies-RtFSn0I2zi8-unsplash-1024x1008.jpg 1024w, https:\/\/dev.sahkoherkat.fi\/wp-content\/uploads\/2026\/03\/veikko-venemies-RtFSn0I2zi8-unsplash-768x756.jpg 768w, https:\/\/dev.sahkoherkat.fi\/wp-content\/uploads\/2026\/03\/veikko-venemies-RtFSn0I2zi8-unsplash-1536x1512.jpg 1536w, https:\/\/dev.sahkoherkat.fi\/wp-content\/uploads\/2026\/03\/veikko-venemies-RtFSn0I2zi8-unsplash-2048x2016.jpg 2048w\" sizes=\"(max-width: 300px) 100vw, 300px\" \/><\/div>\n\t\t<\/a>\n\t\t\t\t<div class=\"elementor-post__text\">\n\t\t\t\t<h3 class=\"elementor-post__title\">\n\t\t\t<a href=\"https:\/\/dev.sahkoherkat.fi\/?page_id=1920\" >\n\t\t\t\tTule vapaaehtoiseksi\t\t\t<\/a>\n\t\t<\/h3>\n\t\t\t\t<div class=\"elementor-post__excerpt\">\n\t\t\t<p>This is my example excerpt text. T\u00e4m\u00e4 on sivun esittelyteksti, joka n\u00e4kyy galleriakortissa. <\/p>\t\t<\/div>\n\t\t\n\t\t<a class=\"elementor-post__read-more\" href=\"https:\/\/dev.sahkoherkat.fi\/?page_id=1920\" aria-label=\"Read more about Tule vapaaehtoiseksi\" tabindex=\"-1\" >\n\t\t\tLue lis\u00e4\u00e4\t\t<\/a>\n\n\t\t\t\t<\/div>\n\t\t\t\t<\/article>\n\t\t\t\t<article class=\"elementor-post elementor-grid-item post-2022 page type-page status-publish has-post-thumbnail hentry\" role=\"listitem\">\n\t\t\t\t<a class=\"elementor-post__thumbnail__link\" href=\"https:\/\/dev.sahkoherkat.fi\/?page_id=2022\" tabindex=\"-1\" >\n\t\t\t<div class=\"elementor-post__thumbnail\"><img decoding=\"async\" width=\"300\" height=\"200\" src=\"https:\/\/dev.sahkoherkat.fi\/wp-content\/uploads\/2026\/03\/chang-duong-ZshVGzJ6a_s-unsplash-300x200.jpg\" class=\"attachment-medium size-medium wp-image-2024\" alt=\"\" srcset=\"https:\/\/dev.sahkoherkat.fi\/wp-content\/uploads\/2026\/03\/chang-duong-ZshVGzJ6a_s-unsplash-300x200.jpg 300w, https:\/\/dev.sahkoherkat.fi\/wp-content\/uploads\/2026\/03\/chang-duong-ZshVGzJ6a_s-unsplash-1024x683.jpg 1024w, https:\/\/dev.sahkoherkat.fi\/wp-content\/uploads\/2026\/03\/chang-duong-ZshVGzJ6a_s-unsplash-768x512.jpg 768w, https:\/\/dev.sahkoherkat.fi\/wp-content\/uploads\/2026\/03\/chang-duong-ZshVGzJ6a_s-unsplash-1536x1024.jpg 1536w, https:\/\/dev.sahkoherkat.fi\/wp-content\/uploads\/2026\/03\/chang-duong-ZshVGzJ6a_s-unsplash-2048x1366.jpg 2048w\" sizes=\"(max-width: 300px) 100vw, 300px\" \/><\/div>\n\t\t<\/a>\n\t\t\t\t<div class=\"elementor-post__text\">\n\t\t\t\t<h3 class=\"elementor-post__title\">\n\t\t\t<a href=\"https:\/\/dev.sahkoherkat.fi\/?page_id=2022\" >\n\t\t\t\tTee lahjoitus\t\t\t<\/a>\n\t\t<\/h3>\n\t\t\t\t<div class=\"elementor-post__excerpt\">\n\t\t\t<p>This is my example excerpt text. T\u00e4m\u00e4 on sivun esittelyteksti, joka n\u00e4kyy galleriakortissa. <\/p>\t\t<\/div>\n\t\t\n\t\t<a class=\"elementor-post__read-more\" href=\"https:\/\/dev.sahkoherkat.fi\/?page_id=2022\" aria-label=\"Read more about Tee lahjoitus\" tabindex=\"-1\" >\n\t\t\tLue lis\u00e4\u00e4\t\t<\/a>\n\n\t\t\t\t<\/div>\n\t\t\t\t<\/article>\n\t\t\t\t<article class=\"elementor-post elementor-grid-item post-2020 page type-page status-publish has-post-thumbnail hentry\" role=\"listitem\">\n\t\t\t\t<a class=\"elementor-post__thumbnail__link\" href=\"https:\/\/dev.sahkoherkat.fi\/?page_id=2020\" tabindex=\"-1\" >\n\t\t\t<div class=\"elementor-post__thumbnail\"><img loading=\"lazy\" decoding=\"async\" width=\"300\" height=\"169\" src=\"https:\/\/dev.sahkoherkat.fi\/wp-content\/uploads\/2026\/03\/nick-night-a-CfK0ZDVWQ-unsplash-300x169.jpg\" class=\"attachment-medium size-medium wp-image-1820\" alt=\"\" srcset=\"https:\/\/dev.sahkoherkat.fi\/wp-content\/uploads\/2026\/03\/nick-night-a-CfK0ZDVWQ-unsplash-300x169.jpg 300w, https:\/\/dev.sahkoherkat.fi\/wp-content\/uploads\/2026\/03\/nick-night-a-CfK0ZDVWQ-unsplash-1024x576.jpg 1024w, https:\/\/dev.sahkoherkat.fi\/wp-content\/uploads\/2026\/03\/nick-night-a-CfK0ZDVWQ-unsplash-768x432.jpg 768w, https:\/\/dev.sahkoherkat.fi\/wp-content\/uploads\/2026\/03\/nick-night-a-CfK0ZDVWQ-unsplash-1536x864.jpg 1536w, https:\/\/dev.sahkoherkat.fi\/wp-content\/uploads\/2026\/03\/nick-night-a-CfK0ZDVWQ-unsplash-2048x1152.jpg 2048w\" sizes=\"(max-width: 300px) 100vw, 300px\" \/><\/div>\n\t\t<\/a>\n\t\t\t\t<div class=\"elementor-post__text\">\n\t\t\t\t<h3 class=\"elementor-post__title\">\n\t\t\t<a href=\"https:\/\/dev.sahkoherkat.fi\/?page_id=2020\" >\n\t\t\t\tVaikuta\t\t\t<\/a>\n\t\t<\/h3>\n\t\t\t\t<div class=\"elementor-post__excerpt\">\n\t\t\t<p>This is my example excerpt text. T\u00e4m\u00e4 on sivun esittelyteksti, joka n\u00e4kyy galleriakortissa. <\/p>\t\t<\/div>\n\t\t\n\t\t<a class=\"elementor-post__read-more\" href=\"https:\/\/dev.sahkoherkat.fi\/?page_id=2020\" aria-label=\"Read more about Vaikuta\" tabindex=\"-1\" >\n\t\t\tLue lis\u00e4\u00e4\t\t<\/a>\n\n\t\t\t\t<\/div>\n\t\t\t\t<\/article>\n\t\t\t\t<\/div>\n\t\t\n\t\t\t\t\t\t<\/div>\n\t\t\t\t<\/div>\n\t\t\t\t<\/div>\n\t\t<div class=\"elementor-element elementor-element-bbf2677 e-flex e-con-boxed e-con e-parent\" data-id=\"bbf2677\" data-element_type=\"container\" data-e-type=\"container\">\n\t\t\t\t\t<div class=\"e-con-inner\">\n\t\t<div class=\"elementor-element elementor-element-16ae1fd e-con-full e-flex e-con e-child\" data-id=\"16ae1fd\" data-element_type=\"container\" data-e-type=\"container\">\n\t\t\t\t<div class=\"elementor-element elementor-element-c8dbd6d elementor-widget elementor-widget-text-editor\" data-id=\"c8dbd6d\" data-element_type=\"widget\" data-e-type=\"widget\" data-widget_type=\"text-editor.default\">\n\t\t\t\t\t\t\t\t\t<p data-start=\"215\" data-end=\"577\">Olitpa kiinnostunut liittym\u00e4\u00e4n j\u00e4seneksi, toimimaan vapaaehtoisena tai tekem\u00e4\u00e4n lahjoituksen, jokainen teko on t\u00e4rke\u00e4. Yhdess\u00e4 voimme vaikuttaa ja parantaa s\u00e4hk\u00f6herkkien asemaa. Jos et ole viel\u00e4 varma, miten haluaisit osallistua, \u00e4l\u00e4 ep\u00e4r\u00f6i olla yhteydess\u00e4 yhdistykseemme. Tarjoamme mielell\u00e4mme lis\u00e4tietoja ja autamme sinua l\u00f6yt\u00e4m\u00e4\u00e4n sopivan tavan osallistua.<\/p><p data-start=\"579\" data-end=\"615\">Yhdess\u00e4 voimme saavuttaa enemm\u00e4n!<\/p>\t\t\t\t\t\t\t\t<\/div>\n\t\t\t\t<\/div>\n\t\t\t\t\t<\/div>\n\t\t\t\t<\/div>\n\t\t\t\t<\/div>\n\t\t","protected":false},"excerpt":{"rendered":"<p>This is my example excerpt text. T\u00e4m\u00e4 on sivun esittelyteksti, joka n\u00e4kyy galleriakortissa. <\/p>\n","protected":false},"author":1,"featured_media":1836,"parent":0,"menu_order":20,"comment_status":"closed","ping_status":"closed","template":"","meta":{"footnotes":""},"class_list":["post-2017","page","type-page","status-publish","has-post-thumbnail","hentry"],"yoast_head":"<!-- This site is optimized with the Yoast SEO plugin v27.2 - https:\/\/yoast.com\/product\/yoast-seo-wordpress\/ -->\n<title>Tule mukaan - S\u00e4hk\u00f6herk\u00e4t ry<\/title>\n<meta name=\"robots\" content=\"index, follow, max-snippet:-1, max-image-preview:large, max-video-preview:-1\" \/>\n<link rel=\"canonical\" href=\"https:\/\/dev.sahkoherkat.fi\/?page_id=2017\" \/>\n<meta property=\"og:locale\" content=\"fi_FI\" \/>\n<meta property=\"og:type\" content=\"article\" \/>\n<meta property=\"og:title\" content=\"Tule mukaan - S\u00e4hk\u00f6herk\u00e4t ry\" \/>\n<meta property=\"og:description\" content=\"This is my example excerpt text. T\u00e4m\u00e4 on sivun esittelyteksti, joka n\u00e4kyy galleriakortissa.\" \/>\n<meta property=\"og:url\" content=\"https:\/\/dev.sahkoherkat.fi\/?page_id=2017\" \/>\n<meta property=\"og:site_name\" content=\"S\u00e4hk\u00f6herk\u00e4t ry\" \/>\n<meta property=\"article:modified_time\" content=\"2026-04-24T23:17:59+00:00\" \/>\n<meta property=\"og:image\" content=\"https:\/\/dev.sahkoherkat.fi\/wp-content\/uploads\/2026\/03\/priscilla-du-preez-eIWIn7BvVXk-unsplash-scaled.jpg\" \/>\n\t<meta property=\"og:image:width\" content=\"1707\" \/>\n\t<meta property=\"og:image:height\" content=\"2560\" \/>\n\t<meta property=\"og:image:type\" content=\"image\/jpeg\" \/>\n<meta name=\"twitter:card\" content=\"summary_large_image\" \/>\n<meta name=\"twitter:label1\" content=\"Arvioitu lukuaika\" \/>\n\t<meta name=\"twitter:data1\" content=\"2 minuuttia\" \/>\n<script type=\"application\/ld+json\" class=\"yoast-schema-graph\">{\"@context\":\"https:\/\/schema.org\",\"@graph\":[{\"@type\":\"WebPage\",\"@id\":\"https:\/\/dev.sahkoherkat.fi\/?page_id=2017\",\"url\":\"https:\/\/dev.sahkoherkat.fi\/?page_id=2017\",\"name\":\"Tule mukaan - S\u00e4hk\u00f6herk\u00e4t ry\",\"isPartOf\":{\"@id\":\"https:\/\/dev.sahkoherkat.fi\/#website\"},\"primaryImageOfPage\":{\"@id\":\"https:\/\/dev.sahkoherkat.fi\/?page_id=2017#primaryimage\"},\"image\":{\"@id\":\"https:\/\/dev.sahkoherkat.fi\/?page_id=2017#primaryimage\"},\"thumbnailUrl\":\"https:\/\/dev.sahkoherkat.fi\/wp-content\/uploads\/2026\/03\/priscilla-du-preez-eIWIn7BvVXk-unsplash-scaled.jpg\",\"datePublished\":\"2026-03-30T21:58:39+00:00\",\"dateModified\":\"2026-04-24T23:17:59+00:00\",\"breadcrumb\":{\"@id\":\"https:\/\/dev.sahkoherkat.fi\/?page_id=2017#breadcrumb\"},\"inLanguage\":\"fi\",\"potentialAction\":[{\"@type\":\"ReadAction\",\"target\":[\"https:\/\/dev.sahkoherkat.fi\/?page_id=2017\"]}]},{\"@type\":\"ImageObject\",\"inLanguage\":\"fi\",\"@id\":\"https:\/\/dev.sahkoherkat.fi\/?page_id=2017#primaryimage\",\"url\":\"https:\/\/dev.sahkoherkat.fi\/wp-content\/uploads\/2026\/03\/priscilla-du-preez-eIWIn7BvVXk-unsplash-scaled.jpg\",\"contentUrl\":\"https:\/\/dev.sahkoherkat.fi\/wp-content\/uploads\/2026\/03\/priscilla-du-preez-eIWIn7BvVXk-unsplash-scaled.jpg\",\"width\":1707,\"height\":2560},{\"@type\":\"BreadcrumbList\",\"@id\":\"https:\/\/dev.sahkoherkat.fi\/?page_id=2017#breadcrumb\",\"itemListElement\":[{\"@type\":\"ListItem\",\"position\":1,\"name\":\"Etusivu\",\"item\":\"https:\/\/dev.sahkoherkat.fi\/\"},{\"@type\":\"ListItem\",\"position\":2,\"name\":\"Tule mukaan\"}]},{\"@type\":\"WebSite\",\"@id\":\"https:\/\/dev.sahkoherkat.fi\/#website\",\"url\":\"https:\/\/dev.sahkoherkat.fi\/\",\"name\":\"S\u00e4hk\u00f6herk\u00e4t ry\",\"description\":\"S\u00e4hk\u00f6herk\u00e4t ry on suomalainen yhdistys, jonka p\u00e4\u00e4asiallisena teht\u00e4v\u00e4n\u00e4 on toimia s\u00e4hk\u00f6herkkien etuj\u00e4rjest\u00f6n\u00e4.  Yhdistys jakaa tietoa s\u00e4hk\u00f6herkkyyden tunnetuksi tekemisess\u00e4 sek\u00e4 vaikuttaa viranomaisiin ja p\u00e4\u00e4tt\u00e4jiin, jotta s\u00e4hk\u00f6herkkyys hyv\u00e4ksytt\u00e4isiin sairaudeksi ja henkil\u00f6t saisivat virallisen diagnoosin ja korvauksen ty\u00f6kyvyn menett\u00e4misest\u00e4.\",\"potentialAction\":[{\"@type\":\"SearchAction\",\"target\":{\"@type\":\"EntryPoint\",\"urlTemplate\":\"https:\/\/dev.sahkoherkat.fi\/?s={search_term_string}\"},\"query-input\":{\"@type\":\"PropertyValueSpecification\",\"valueRequired\":true,\"valueName\":\"search_term_string\"}}],\"inLanguage\":\"fi\"}]}<\/script>\n<!-- \/ Yoast SEO plugin. -->","yoast_head_json":{"title":"Tule mukaan - S\u00e4hk\u00f6herk\u00e4t ry","robots":{"index":"index","follow":"follow","max-snippet":"max-snippet:-1","max-image-preview":"max-image-preview:large","max-video-preview":"max-video-preview:-1"},"canonical":"https:\/\/dev.sahkoherkat.fi\/?page_id=2017","og_locale":"fi_FI","og_type":"article","og_title":"Tule mukaan - S\u00e4hk\u00f6herk\u00e4t ry","og_description":"This is my example excerpt text. T\u00e4m\u00e4 on sivun esittelyteksti, joka n\u00e4kyy galleriakortissa.","og_url":"https:\/\/dev.sahkoherkat.fi\/?page_id=2017","og_site_name":"S\u00e4hk\u00f6herk\u00e4t ry","article_modified_time":"2026-04-24T23:17:59+00:00","og_image":[{"width":1707,"height":2560,"url":"https:\/\/dev.sahkoherkat.fi\/wp-content\/uploads\/2026\/03\/priscilla-du-preez-eIWIn7BvVXk-unsplash-scaled.jpg","type":"image\/jpeg"}],"twitter_card":"summary_large_image","twitter_misc":{"Arvioitu lukuaika":"2 minuuttia"},"schema":{"@context":"https:\/\/schema.org","@graph":[{"@type":"WebPage","@id":"https:\/\/dev.sahkoherkat.fi\/?page_id=2017","url":"https:\/\/dev.sahkoherkat.fi\/?page_id=2017","name":"Tule mukaan - S\u00e4hk\u00f6herk\u00e4t ry","isPartOf":{"@id":"https:\/\/dev.sahkoherkat.fi\/#website"},"primaryImageOfPage":{"@id":"https:\/\/dev.sahkoherkat.fi\/?page_id=2017#primaryimage"},"image":{"@id":"https:\/\/dev.sahkoherkat.fi\/?page_id=2017#primaryimage"},"thumbnailUrl":"https:\/\/dev.sahkoherkat.fi\/wp-content\/uploads\/2026\/03\/priscilla-du-preez-eIWIn7BvVXk-unsplash-scaled.jpg","datePublished":"2026-03-30T21:58:39+00:00","dateModified":"2026-04-24T23:17:59+00:00","breadcrumb":{"@id":"https:\/\/dev.sahkoherkat.fi\/?page_id=2017#breadcrumb"},"inLanguage":"fi","potentialAction":[{"@type":"ReadAction","target":["https:\/\/dev.sahkoherkat.fi\/?page_id=2017"]}]},{"@type":"ImageObject","inLanguage":"fi","@id":"https:\/\/dev.sahkoherkat.fi\/?page_id=2017#primaryimage","url":"https:\/\/dev.sahkoherkat.fi\/wp-content\/uploads\/2026\/03\/priscilla-du-preez-eIWIn7BvVXk-unsplash-scaled.jpg","contentUrl":"https:\/\/dev.sahkoherkat.fi\/wp-content\/uploads\/2026\/03\/priscilla-du-preez-eIWIn7BvVXk-unsplash-scaled.jpg","width":1707,"height":2560},{"@type":"BreadcrumbList","@id":"https:\/\/dev.sahkoherkat.fi\/?page_id=2017#breadcrumb","itemListElement":[{"@type":"ListItem","position":1,"name":"Etusivu","item":"https:\/\/dev.sahkoherkat.fi\/"},{"@type":"ListItem","position":2,"name":"Tule mukaan"}]},{"@type":"WebSite","@id":"https:\/\/dev.sahkoherkat.fi\/#website","url":"https:\/\/dev.sahkoherkat.fi\/","name":"S\u00e4hk\u00f6herk\u00e4t ry","description":"S\u00e4hk\u00f6herk\u00e4t ry on suomalainen yhdistys, jonka p\u00e4\u00e4asiallisena teht\u00e4v\u00e4n\u00e4 on toimia s\u00e4hk\u00f6herkkien etuj\u00e4rjest\u00f6n\u00e4.  Yhdistys jakaa tietoa s\u00e4hk\u00f6herkkyyden tunnetuksi tekemisess\u00e4 sek\u00e4 vaikuttaa viranomaisiin ja p\u00e4\u00e4tt\u00e4jiin, jotta s\u00e4hk\u00f6herkkyys hyv\u00e4ksytt\u00e4isiin sairaudeksi ja henkil\u00f6t saisivat virallisen diagnoosin ja korvauksen ty\u00f6kyvyn menett\u00e4misest\u00e4.","potentialAction":[{"@type":"SearchAction","target":{"@type":"EntryPoint","urlTemplate":"https:\/\/dev.sahkoherkat.fi\/?s={search_term_string}"},"query-input":{"@type":"PropertyValueSpecification","valueRequired":true,"valueName":"search_term_string"}}],"inLanguage":"fi"}]}},"_links":{"self":[{"href":"https:\/\/dev.sahkoherkat.fi\/index.php?rest_route=\/wp\/v2\/pages\/2017","targetHints":{"allow":["GET"]}}],"collection":[{"href":"https:\/\/dev.sahkoherkat.fi\/index.php?rest_route=\/wp\/v2\/pages"}],"about":[{"href":"https:\/\/dev.sahkoherkat.fi\/index.php?rest_route=\/wp\/v2\/types\/page"}],"author":[{"embeddable":true,"href":"https:\/\/dev.sahkoherkat.fi\/index.php?rest_route=\/wp\/v2\/users\/1"}],"replies":[{"embeddable":true,"href":"https:\/\/dev.sahkoherkat.fi\/index.php?rest_route=%2Fwp%2Fv2%2Fcomments&post=2017"}],"version-history":[{"count":10,"href":"https:\/\/dev.sahkoherkat.fi\/index.php?rest_route=\/wp\/v2\/pages\/2017\/revisions"}],"predecessor-version":[{"id":2203,"href":"https:\/\/dev.sahkoherkat.fi\/index.php?rest_route=\/wp\/v2\/pages\/2017\/revisions\/2203"}],"wp:featuredmedia":[{"embeddable":true,"href":"https:\/\/dev.sahkoherkat.fi\/index.php?rest_route=\/wp\/v2\/media\/1836"}],"wp:attachment":[{"href":"https:\/\/dev.sahkoherkat.fi\/index.php?rest_route=%2Fwp%2Fv2%2Fmedia&parent=2017"}],"curies":[{"name":"wp","href":"https:\/\/api.w.org\/{rel}","templated":true}]}}