{"id":1928,"date":"2026-03-30T13:47:34","date_gmt":"2026-03-30T13:47:34","guid":{"rendered":"https:\/\/dev.sahkoherkat.fi\/?page_id=1928"},"modified":"2026-05-11T22:23:41","modified_gmt":"2026-05-11T22:23:41","slug":"sivupohja-ala-poista-koostesivu","status":"publish","type":"page","link":"https:\/\/dev.sahkoherkat.fi\/?page_id=1928","title":{"rendered":"S\u00e4hk\u00f6postia \u2013 Yhdistyksen j\u00e4senlehti"},"content":{"rendered":"\t\t<div data-elementor-type=\"wp-page\" data-elementor-id=\"1928\" class=\"elementor elementor-1928\" data-elementor-post-type=\"page\">\n\t\t\t\t<div class=\"elementor-element elementor-element-2b56f0a e-flex e-con-boxed e-con e-parent\" data-id=\"2b56f0a\" data-element_type=\"container\" data-e-type=\"container\" data-settings=\"{&quot;background_background&quot;:&quot;classic&quot;}\">\n\t\t\t\t\t<div class=\"e-con-inner\">\n\t\t\t\t\t<\/div>\n\t\t\t\t<\/div>\n\t\t<div class=\"elementor-element elementor-element-d598fdf e-con-full e-flex e-con e-parent\" data-id=\"d598fdf\" data-element_type=\"container\" data-e-type=\"container\" data-settings=\"{&quot;background_background&quot;:&quot;classic&quot;}\">\n\t\t\t\t<div class=\"elementor-element elementor-element-09ae097 elementor-widget elementor-widget-shortcode\" data-id=\"09ae097\" data-element_type=\"widget\" data-e-type=\"widget\" data-widget_type=\"shortcode.default\">\n\t\t\t\t\t\t\t<div class=\"elementor-shortcode\"><span><span><a href=\"https:\/\/dev.sahkoherkat.fi\/\">Etusivu<\/a><\/span><\/span>\n<\/div>\n\t\t\t\t\t\t<\/div>\n\t\t\t\t<div class=\"elementor-element elementor-element-48b3855 elementor-widget elementor-widget-heading\" data-id=\"48b3855\" data-element_type=\"widget\" data-e-type=\"widget\" data-widget_type=\"heading.default\">\n\t\t\t\t\t<h1 class=\"elementor-heading-title elementor-size-default\">S\u00e4hk\u00f6postia<\/h1>\t\t\t\t<\/div>\n\t\t\t\t<\/div>\n\t\t<div class=\"elementor-element elementor-element-06f14e2 e-flex e-con-boxed e-con e-parent\" data-id=\"06f14e2\" data-element_type=\"container\" data-e-type=\"container\">\n\t\t\t\t\t<div class=\"e-con-inner\">\n\t\t\t\t<div class=\"elementor-element elementor-element-4a600c8 elementor-widget elementor-widget-text-editor\" data-id=\"4a600c8\" data-element_type=\"widget\" data-e-type=\"widget\" data-widget_type=\"text-editor.default\">\n\t\t\t\t\t\t\t\t\t<p>S\u00e4hk\u00f6postia on S\u00e4hk\u00f6herk\u00e4t ry:n j\u00e4senlehti, joka ilmestyy kaksi kertaa vuodessa. Lehti kokoaa yhteen ajankohtaista tietoa s\u00e4hk\u00f6herkkyydest\u00e4, yhdistyksen toiminnasta sek\u00e4 j\u00e4senten arjesta ja el\u00e4m\u00e4st\u00e4 s\u00e4hk\u00f6herkkyyden kanssa.<\/p>\t\t\t\t\t\t\t\t<\/div>\n\t\t\t\t\t<\/div>\n\t\t\t\t<\/div>\n\t\t<div class=\"elementor-element elementor-element-58a9b4a e-flex e-con-boxed e-con e-parent\" data-id=\"58a9b4a\" data-element_type=\"container\" data-e-type=\"container\">\n\t\t\t\t\t<div class=\"e-con-inner\">\n\t\t<div class=\"elementor-element elementor-element-06bc77b e-con-full e-flex e-con e-child\" data-id=\"06bc77b\" data-element_type=\"container\" data-e-type=\"container\">\n\t\t\t\t<div class=\"elementor-element elementor-element-1b8f316 elementor-widget elementor-widget-heading\" data-id=\"1b8f316\" data-element_type=\"widget\" data-e-type=\"widget\" data-widget_type=\"heading.default\">\n\t\t\t\t\t<h2 class=\"elementor-heading-title elementor-size-default\">Uusimmat lehdet<\/h2>\t\t\t\t<\/div>\n\t\t\t\t<\/div>\n\t\t\t\t\t<\/div>\n\t\t\t\t<\/div>\n\t\t<div class=\"elementor-element elementor-element-a0bfc70 e-flex e-con-boxed e-con e-parent\" data-id=\"a0bfc70\" data-element_type=\"container\" data-e-type=\"container\">\n\t\t\t\t\t<div class=\"e-con-inner\">\n\t\t\t\t<div class=\"elementor-element elementor-element-2e0e4de elementor-widget elementor-widget-image\" data-id=\"2e0e4de\" data-element_type=\"widget\" data-e-type=\"widget\" data-widget_type=\"image.default\">\n\t\t\t\t\t\t\t\t\t\t\t\t\t\t\t\t<a href=\"https:\/\/dev.sahkoherkat.fi\/wp-content\/uploads\/2026\/04\/sp-2025-02.pdf\" target=\"_blank\">\n\t\t\t\t\t\t\t<img decoding=\"async\" src=\"https:\/\/dev.sahkoherkat.fi\/wp-content\/uploads\/elementor\/thumbs\/sp-2025-02-1-rlbwqvjnjwgehgypf8did4qhiujd3fo0eb0fd0pwgk.jpg\" title=\"sp-2025-02-1\" alt=\"sp-2025-02-1\" loading=\"lazy\" \/>\t\t\t\t\t\t\t\t<\/a>\n\t\t\t\t\t\t\t\t\t\t\t\t\t\t\t<\/div>\n\t\t\t\t<div class=\"elementor-element elementor-element-b16609a elementor-widget elementor-widget-image\" data-id=\"b16609a\" data-element_type=\"widget\" data-e-type=\"widget\" data-widget_type=\"image.default\">\n\t\t\t\t\t\t\t\t\t\t\t\t\t\t\t\t<a href=\"https:\/\/dev.sahkoherkat.fi\/wp-content\/uploads\/2026\/04\/sp-2025-01.pdf\" target=\"_blank\">\n\t\t\t\t\t\t\t<img decoding=\"async\" src=\"https:\/\/dev.sahkoherkat.fi\/wp-content\/uploads\/elementor\/thumbs\/sp-2025-01-nettiversio-1-rlbwqoys827e8789hnj4doe9d5fsljxw1eg102zno4.jpg\" title=\"sp-2025-01-nettiversio-1\" alt=\"sp-2025-01-nettiversio-1\" loading=\"lazy\" \/>\t\t\t\t\t\t\t\t<\/a>\n\t\t\t\t\t\t\t\t\t\t\t\t\t\t\t<\/div>\n\t\t\t\t<div class=\"elementor-element elementor-element-5b3f189 elementor-widget elementor-widget-image\" data-id=\"5b3f189\" data-element_type=\"widget\" data-e-type=\"widget\" data-widget_type=\"image.default\">\n\t\t\t\t\t\t\t\t\t\t\t\t\t\t\t\t<a href=\"https:\/\/dev.sahkoherkat.fi\/wp-content\/uploads\/2026\/04\/sp-2024-02.pdf\" target=\"_blank\">\n\t\t\t\t\t\t\t<img decoding=\"async\" src=\"https:\/\/dev.sahkoherkat.fi\/wp-content\/uploads\/elementor\/thumbs\/sp-2024-02-nettiversio-1-rlbwqidww7ydyxhtk2oqe8217gc83o7rohvmn59evo.jpg\" title=\"sp-2024-02-nettiversio-1\" alt=\"sp-2024-02-nettiversio-1\" loading=\"lazy\" \/>\t\t\t\t\t\t\t\t<\/a>\n\t\t\t\t\t\t\t\t\t\t\t\t\t\t\t<\/div>\n\t\t\t\t<div class=\"elementor-element elementor-element-157faa3 elementor-widget elementor-widget-image\" data-id=\"157faa3\" data-element_type=\"widget\" data-e-type=\"widget\" data-widget_type=\"image.default\">\n\t\t\t\t\t\t\t\t\t\t\t\t\t\t\t\t<a href=\"https:\/\/dev.sahkoherkat.fi\/wp-content\/uploads\/2026\/04\/sp-2024-01.pdf\" target=\"_blank\">\n\t\t\t\t\t\t\t<img decoding=\"async\" src=\"https:\/\/dev.sahkoherkat.fi\/wp-content\/uploads\/elementor\/thumbs\/sp-2024-01-nettiversio-1-rlbwqcqvr7qo19q0h08yz9h9n540thldnpyprhhrx0.jpg\" title=\"sp-2024-01-nettiversio-1\" alt=\"sp-2024-01-nettiversio-1\" loading=\"lazy\" \/>\t\t\t\t\t\t\t\t<\/a>\n\t\t\t\t\t\t\t\t\t\t\t\t\t\t\t<\/div>\n\t\t\t\t<div class=\"elementor-element elementor-element-963aaf5 elementor-widget elementor-widget-image\" data-id=\"963aaf5\" data-element_type=\"widget\" data-e-type=\"widget\" data-widget_type=\"image.default\">\n\t\t\t\t\t\t\t\t\t\t\t\t\t\t\t\t<a href=\"https:\/\/dev.sahkoherkat.fi\/wp-content\/uploads\/2026\/04\/sp-2023-02.pdf\" target=\"_blank\">\n\t\t\t\t\t\t\t<img decoding=\"async\" src=\"https:\/\/dev.sahkoherkat.fi\/wp-content\/uploads\/elementor\/thumbs\/sp-2023-02-nettiversio-1-rlbwq73um7iy3ly7dxt7kawi2tvtjayzmy1svtq4yc.jpg\" title=\"sp-2023-02-nettiversio-1\" alt=\"sp-2023-02-nettiversio-1\" loading=\"lazy\" \/>\t\t\t\t\t\t\t\t<\/a>\n\t\t\t\t\t\t\t\t\t\t\t\t\t\t\t<\/div>\n\t\t\t\t<div class=\"elementor-element elementor-element-b733bf3 elementor-widget elementor-widget-image\" data-id=\"b733bf3\" data-element_type=\"widget\" data-e-type=\"widget\" data-widget_type=\"image.default\">\n\t\t\t\t\t\t\t\t\t\t\t\t\t\t\t\t<a href=\"https:\/\/dev.sahkoherkat.fi\/wp-content\/uploads\/2026\/04\/sp-2023-01.pdf\" target=\"_blank\">\n\t\t\t\t\t\t\t<img decoding=\"async\" src=\"https:\/\/dev.sahkoherkat.fi\/wp-content\/uploads\/elementor\/thumbs\/sp-2023-01-nettiversio-1-rlbwq2eno1cihk515ds2pu373wizgtgbyasdhfx3tg.jpg\" title=\"sp-2023-01-nettiversio-1\" alt=\"sp-2023-01-nettiversio-1\" loading=\"lazy\" \/>\t\t\t\t\t\t\t\t<\/a>\n\t\t\t\t\t\t\t\t\t\t\t\t\t\t\t<\/div>\n\t\t\t\t<div class=\"elementor-element elementor-element-5c452bc elementor-widget elementor-widget-image\" data-id=\"5c452bc\" data-element_type=\"widget\" data-e-type=\"widget\" data-widget_type=\"image.default\">\n\t\t\t\t\t\t\t\t\t\t\t\t\t\t\t\t<a href=\"https:\/\/dev.sahkoherkat.fi\/wp-content\/uploads\/2026\/04\/sp-2022-01.pdf\" target=\"_blank\">\n\t\t\t\t\t\t\t<img decoding=\"async\" src=\"https:\/\/dev.sahkoherkat.fi\/wp-content\/uploads\/elementor\/thumbs\/2022-01-nettiversio-100dpi-1-rlbwodb5bt0viwls25dbpri8huw4khps1wdtagfp1w.jpg\" title=\"2022-01-nettiversio-100dpi-1\" alt=\"2022-01-nettiversio-100dpi-1\" loading=\"lazy\" \/>\t\t\t\t\t\t\t\t<\/a>\n\t\t\t\t\t\t\t\t\t\t\t\t\t\t\t<\/div>\n\t\t\t\t<div class=\"elementor-element elementor-element-51f9d90 elementor-widget elementor-widget-image\" data-id=\"51f9d90\" data-element_type=\"widget\" data-e-type=\"widget\" data-widget_type=\"image.default\">\n\t\t\t\t\t\t\t\t\t\t\t\t\t\t\t\t<a href=\"https:\/\/dev.sahkoherkat.fi\/wp-content\/uploads\/2026\/04\/sp-2021-02.pdf\" target=\"_blank\">\n\t\t\t\t\t\t\t<img decoding=\"async\" src=\"https:\/\/dev.sahkoherkat.fi\/wp-content\/uploads\/elementor\/thumbs\/s-postia-2021-2-1-scaled-rlbwotaejzmr09ykgu9ze5h2lepd7ch7s3h2g5s044.jpg\" title=\"s-postia-2021-2-1\" alt=\"s-postia-2021-2-1\" loading=\"lazy\" \/>\t\t\t\t\t\t\t\t<\/a>\n\t\t\t\t\t\t\t\t\t\t\t\t\t\t\t<\/div>\n\t\t\t\t<div class=\"elementor-element elementor-element-2c788e6 elementor-widget elementor-widget-image\" data-id=\"2c788e6\" data-element_type=\"widget\" data-e-type=\"widget\" data-widget_type=\"image.default\">\n\t\t\t\t\t\t\t\t\t\t\t\t\t\t\t\t<a href=\"https:\/\/dev.sahkoherkat.fi\/wp-content\/uploads\/2026\/04\/sp-2021-01.pdf\" target=\"_blank\">\n\t\t\t\t\t\t\t<img decoding=\"async\" src=\"https:\/\/dev.sahkoherkat.fi\/wp-content\/uploads\/elementor\/thumbs\/1-36-SP-9.4.21-1-scaled-rlbwo6q9zyrv9mvc4kixqb60c5sk2lznoztexipg9g.jpg\" title=\"1-36-SP-9.4.21-1\" alt=\"1-36-SP-9.4.21-1\" loading=\"lazy\" \/>\t\t\t\t\t\t\t\t<\/a>\n\t\t\t\t\t\t\t\t\t\t\t\t\t\t\t<\/div>\n\t\t\t\t\t<\/div>\n\t\t\t\t<\/div>\n\t\t<div class=\"elementor-element elementor-element-bbf2677 e-flex e-con-boxed e-con e-parent\" data-id=\"bbf2677\" data-element_type=\"container\" data-e-type=\"container\">\n\t\t\t\t\t<div class=\"e-con-inner\">\n\t\t<div class=\"elementor-element elementor-element-c08a1ec e-con-full e-flex e-con e-child\" data-id=\"c08a1ec\" data-element_type=\"container\" data-e-type=\"container\">\n\t\t\t\t<div class=\"elementor-element elementor-element-42a7688 elementor-widget elementor-widget-heading\" data-id=\"42a7688\" data-element_type=\"widget\" data-e-type=\"widget\" data-widget_type=\"heading.default\">\n\t\t\t\t\t<h2 class=\"elementor-heading-title elementor-size-default\">Arkisto<\/h2>\t\t\t\t<\/div>\n\t\t\t\t<\/div>\n\t\t\t\t<div class=\"elementor-element elementor-element-c8dbd6d elementor-widget elementor-widget-text-editor\" data-id=\"c8dbd6d\" data-element_type=\"widget\" data-e-type=\"widget\" data-widget_type=\"text-editor.default\">\n\t\t\t\t\t\t\t\t\t<h4><a href=\"https:\/\/dev.sahkoherkat.fi\/wp-content\/uploads\/2026\/04\/sp-2020-03.pdf\" target=\"_blank\" rel=\"noopener\">S\u00e4hk\u00f6postia 3\/2020<\/a><\/h4><h4><a href=\"https:\/\/dev.sahkoherkat.fi\/wp-content\/uploads\/2026\/04\/sp-2020-02.pdf\" target=\"_blank\" rel=\"noopener\">S\u00e4hk\u00f6postia 2\/2020<\/a><\/h4><h4><a href=\"https:\/\/dev.sahkoherkat.fi\/wp-content\/uploads\/2026\/04\/sp-2020-01.pdf\" target=\"_blank\" rel=\"noopener\">S\u00e4hk\u00f6postia 1\/2020<\/a><\/h4><h4><a href=\"https:\/\/dev.sahkoherkat.fi\/wp-content\/uploads\/2026\/04\/sp-2019-03.pdf\" target=\"_blank\" rel=\"noopener\">S\u00e4hk\u00f6postia 3\/2019<\/a><\/h4><h4><a href=\"https:\/\/dev.sahkoherkat.fi\/wp-content\/uploads\/2026\/04\/sp-2019-02.pdf\" target=\"_blank\" rel=\"noopener\">S\u00e4hk\u00f6postia 2\/2019<\/a><\/h4><h4><a href=\"https:\/\/dev.sahkoherkat.fi\/wp-content\/uploads\/2026\/04\/sp-2019-01.pdf\" target=\"_blank\" rel=\"noopener\">S\u00e4hk\u00f6postia 1\/2019<\/a><\/h4><h4><a href=\"https:\/\/dev.sahkoherkat.fi\/wp-content\/uploads\/2026\/04\/sp-2018-03-1.pdf\" target=\"_blank\" rel=\"noopener\">S\u00e4hk\u00f6postia 3\/2018<\/a><\/h4><h4><a href=\"https:\/\/dev.sahkoherkat.fi\/wp-content\/uploads\/2026\/04\/sp-2018_02.pdf\" target=\"_blank\" rel=\"noopener\">S\u00e4hk\u00f6postia 2\/2018<\/a><\/h4><h4><a href=\"https:\/\/dev.sahkoherkat.fi\/wp-content\/uploads\/2026\/04\/sp-2018_01.pdf\" target=\"_blank\" rel=\"noopener\">S\u00e4hk\u00f6postia 1\/2018<\/a><\/h4><h4><a href=\"https:\/\/dev.sahkoherkat.fi\/wp-content\/uploads\/2026\/04\/sp-2017-03.pdf\" target=\"_blank\" rel=\"noopener\">S\u00e4hk\u00f6postia 3\/2017<\/a><\/h4><h4><a href=\"https:\/\/dev.sahkoherkat.fi\/wp-content\/uploads\/2026\/04\/sp-2017-02.pdf\" target=\"_blank\" rel=\"noopener\">S\u00e4hk\u00f6postia 2\/2017<\/a><\/h4><h4><a href=\"https:\/\/dev.sahkoherkat.fi\/wp-content\/uploads\/2026\/04\/sp-2017-01.pdf\" target=\"_blank\" rel=\"noopener\">S\u00e4hk\u00f6postia 1\/2017<\/a><\/h4><h4><a href=\"https:\/\/dev.sahkoherkat.fi\/wp-content\/uploads\/2026\/04\/sp-2016-03.pdf\" target=\"_blank\" rel=\"noopener\">S\u00e4hk\u00f6postia 3\/2016<\/a><\/h4><h4><a href=\"https:\/\/dev.sahkoherkat.fi\/wp-content\/uploads\/2026\/04\/sp-2016-02.pdf\" target=\"_blank\" rel=\"noopener\">S\u00e4hk\u00f6postia 2\/2016<\/a><\/h4><h4><a href=\"https:\/\/dev.sahkoherkat.fi\/wp-content\/uploads\/2026\/04\/sp-2016-01.pdf\" target=\"_blank\" rel=\"noopener\">S\u00e4hk\u00f6postia 1\/2016<\/a><\/h4><h4><a href=\"https:\/\/dev.sahkoherkat.fi\/wp-content\/uploads\/2026\/04\/sp-2015-03.pdf\" target=\"_blank\" rel=\"noopener\">S\u00e4hk\u00f6postia 3\/2015<\/a><\/h4><h4><a href=\"https:\/\/dev.sahkoherkat.fi\/wp-content\/uploads\/2026\/04\/sp-2015-02.pdf\" target=\"_blank\" rel=\"noopener\">S\u00e4hk\u00f6postia 2\/2015<\/a><\/h4><h4><a href=\"https:\/\/dev.sahkoherkat.fi\/wp-content\/uploads\/2026\/04\/sp-2015-01.pdf\" target=\"_blank\" rel=\"noopener\">S\u00e4hk\u00f6postia 1\/2015<\/a><\/h4><h4><a href=\"https:\/\/dev.sahkoherkat.fi\/wp-content\/uploads\/2026\/04\/sp-2014-03.pdf\" target=\"_blank\" rel=\"noopener\">S\u00e4hk\u00f6postia 3\/2014<\/a><\/h4><h4><a href=\"https:\/\/dev.sahkoherkat.fi\/wp-content\/uploads\/2026\/04\/sp-2014-02.pdf\" target=\"_blank\" rel=\"noopener\">S\u00e4hk\u00f6postia 2\/2014<\/a><\/h4><h4><a href=\"https:\/\/dev.sahkoherkat.fi\/wp-content\/uploads\/2026\/04\/sp-2014-01.pdf\" target=\"_blank\" rel=\"noopener\">S\u00e4hk\u00f6postia 1\/2014<\/a><\/h4><h4><a href=\"https:\/\/dev.sahkoherkat.fi\/wp-content\/uploads\/2026\/04\/sp-2013-03.pdf\" target=\"_blank\" rel=\"noopener\">S\u00e4hk\u00f6postia 3\/2013<\/a><\/h4><h4><a href=\"https:\/\/dev.sahkoherkat.fi\/wp-content\/uploads\/2026\/04\/sp-2013-02.pdf\" target=\"_blank\" rel=\"noopener\">S\u00e4hk\u00f6postia 2\/2013<\/a><\/h4><h4><a href=\"https:\/\/dev.sahkoherkat.fi\/wp-content\/uploads\/2026\/04\/sp-2013-01.pdf\" target=\"_blank\" rel=\"noopener\">S\u00e4hk\u00f6postia 1\/2013<\/a><\/h4><h4><a href=\"https:\/\/dev.sahkoherkat.fi\/wp-content\/uploads\/2026\/04\/sp-2012-02.pdf\" target=\"_blank\" rel=\"noopener\">S\u00e4hk\u00f6postia 3\/2012<\/a><\/h4>\t\t\t\t\t\t\t\t<\/div>\n\t\t\t\t\t<\/div>\n\t\t\t\t<\/div>\n\t\t\t\t<\/div>\n\t\t","protected":false},"excerpt":{"rendered":"<p>This is my example excerpt text. T\u00e4m\u00e4 on sivun esittelyteksti, joka n\u00e4kyy galleriakortissa. <\/p>\n","protected":false},"author":1,"featured_media":1818,"parent":1133,"menu_order":26,"comment_status":"closed","ping_status":"closed","template":"","meta":{"footnotes":""},"class_list":["post-1928","page","type-page","status-publish","has-post-thumbnail","hentry"],"yoast_head":"<!-- This site is optimized with the Yoast SEO plugin v27.2 - https:\/\/yoast.com\/product\/yoast-seo-wordpress\/ -->\n<title>S\u00e4hk\u00f6postia \u2013 Yhdistyksen j\u00e4senlehti - S\u00e4hk\u00f6herk\u00e4t ry<\/title>\n<meta name=\"robots\" content=\"index, follow, max-snippet:-1, max-image-preview:large, max-video-preview:-1\" \/>\n<link rel=\"canonical\" href=\"https:\/\/dev.sahkoherkat.fi\/?page_id=1928\" \/>\n<meta property=\"og:locale\" content=\"fi_FI\" \/>\n<meta property=\"og:type\" content=\"article\" \/>\n<meta property=\"og:title\" content=\"S\u00e4hk\u00f6postia \u2013 Yhdistyksen j\u00e4senlehti - S\u00e4hk\u00f6herk\u00e4t ry\" \/>\n<meta property=\"og:description\" content=\"This is my example excerpt text. T\u00e4m\u00e4 on sivun esittelyteksti, joka n\u00e4kyy galleriakortissa.\" \/>\n<meta property=\"og:url\" content=\"https:\/\/dev.sahkoherkat.fi\/?page_id=1928\" \/>\n<meta property=\"og:site_name\" content=\"S\u00e4hk\u00f6herk\u00e4t ry\" \/>\n<meta property=\"article:modified_time\" content=\"2026-05-11T22:23:41+00:00\" \/>\n<meta property=\"og:image\" content=\"https:\/\/dev.sahkoherkat.fi\/wp-content\/uploads\/2026\/03\/jeremy-allouche-LLc-bFnJJ1o-unsplash-scaled.jpg\" \/>\n\t<meta property=\"og:image:width\" content=\"2560\" \/>\n\t<meta property=\"og:image:height\" content=\"1735\" \/>\n\t<meta property=\"og:image:type\" content=\"image\/jpeg\" \/>\n<meta name=\"twitter:card\" content=\"summary_large_image\" \/>\n<meta name=\"twitter:label1\" content=\"Arvioitu lukuaika\" \/>\n\t<meta name=\"twitter:data1\" content=\"3 minuuttia\" \/>\n<script type=\"application\/ld+json\" class=\"yoast-schema-graph\">{\"@context\":\"https:\/\/schema.org\",\"@graph\":[{\"@type\":\"WebPage\",\"@id\":\"https:\/\/dev.sahkoherkat.fi\/?page_id=1928\",\"url\":\"https:\/\/dev.sahkoherkat.fi\/?page_id=1928\",\"name\":\"S\u00e4hk\u00f6postia \u2013 Yhdistyksen j\u00e4senlehti - S\u00e4hk\u00f6herk\u00e4t ry\",\"isPartOf\":{\"@id\":\"https:\/\/dev.sahkoherkat.fi\/#website\"},\"primaryImageOfPage\":{\"@id\":\"https:\/\/dev.sahkoherkat.fi\/?page_id=1928#primaryimage\"},\"image\":{\"@id\":\"https:\/\/dev.sahkoherkat.fi\/?page_id=1928#primaryimage\"},\"thumbnailUrl\":\"https:\/\/dev.sahkoherkat.fi\/wp-content\/uploads\/2026\/03\/jeremy-allouche-LLc-bFnJJ1o-unsplash-scaled.jpg\",\"datePublished\":\"2026-03-30T13:47:34+00:00\",\"dateModified\":\"2026-05-11T22:23:41+00:00\",\"breadcrumb\":{\"@id\":\"https:\/\/dev.sahkoherkat.fi\/?page_id=1928#breadcrumb\"},\"inLanguage\":\"fi\",\"potentialAction\":[{\"@type\":\"ReadAction\",\"target\":[\"https:\/\/dev.sahkoherkat.fi\/?page_id=1928\"]}]},{\"@type\":\"ImageObject\",\"inLanguage\":\"fi\",\"@id\":\"https:\/\/dev.sahkoherkat.fi\/?page_id=1928#primaryimage\",\"url\":\"https:\/\/dev.sahkoherkat.fi\/wp-content\/uploads\/2026\/03\/jeremy-allouche-LLc-bFnJJ1o-unsplash-scaled.jpg\",\"contentUrl\":\"https:\/\/dev.sahkoherkat.fi\/wp-content\/uploads\/2026\/03\/jeremy-allouche-LLc-bFnJJ1o-unsplash-scaled.jpg\",\"width\":2560,\"height\":1735},{\"@type\":\"BreadcrumbList\",\"@id\":\"https:\/\/dev.sahkoherkat.fi\/?page_id=1928#breadcrumb\",\"itemListElement\":[{\"@type\":\"ListItem\",\"position\":1,\"name\":\"Etusivu\",\"item\":\"https:\/\/dev.sahkoherkat.fi\/\"},{\"@type\":\"ListItem\",\"position\":2,\"name\":\"Yhdistyksest\u00e4\",\"item\":\"https:\/\/dev.sahkoherkat.fi\/?page_id=1133\"},{\"@type\":\"ListItem\",\"position\":3,\"name\":\"S\u00e4hk\u00f6postia \u2013 Yhdistyksen j\u00e4senlehti\"}]},{\"@type\":\"WebSite\",\"@id\":\"https:\/\/dev.sahkoherkat.fi\/#website\",\"url\":\"https:\/\/dev.sahkoherkat.fi\/\",\"name\":\"S\u00e4hk\u00f6herk\u00e4t ry\",\"description\":\"S\u00e4hk\u00f6herk\u00e4t ry on suomalainen yhdistys, jonka p\u00e4\u00e4asiallisena teht\u00e4v\u00e4n\u00e4 on toimia s\u00e4hk\u00f6herkkien etuj\u00e4rjest\u00f6n\u00e4.  Yhdistys jakaa tietoa s\u00e4hk\u00f6herkkyyden tunnetuksi tekemisess\u00e4 sek\u00e4 vaikuttaa viranomaisiin ja p\u00e4\u00e4tt\u00e4jiin, jotta s\u00e4hk\u00f6herkkyys hyv\u00e4ksytt\u00e4isiin sairaudeksi ja henkil\u00f6t saisivat virallisen diagnoosin ja korvauksen ty\u00f6kyvyn menett\u00e4misest\u00e4.\",\"potentialAction\":[{\"@type\":\"SearchAction\",\"target\":{\"@type\":\"EntryPoint\",\"urlTemplate\":\"https:\/\/dev.sahkoherkat.fi\/?s={search_term_string}\"},\"query-input\":{\"@type\":\"PropertyValueSpecification\",\"valueRequired\":true,\"valueName\":\"search_term_string\"}}],\"inLanguage\":\"fi\"}]}<\/script>\n<!-- \/ Yoast SEO plugin. -->","yoast_head_json":{"title":"S\u00e4hk\u00f6postia \u2013 Yhdistyksen j\u00e4senlehti - S\u00e4hk\u00f6herk\u00e4t ry","robots":{"index":"index","follow":"follow","max-snippet":"max-snippet:-1","max-image-preview":"max-image-preview:large","max-video-preview":"max-video-preview:-1"},"canonical":"https:\/\/dev.sahkoherkat.fi\/?page_id=1928","og_locale":"fi_FI","og_type":"article","og_title":"S\u00e4hk\u00f6postia \u2013 Yhdistyksen j\u00e4senlehti - S\u00e4hk\u00f6herk\u00e4t ry","og_description":"This is my example excerpt text. T\u00e4m\u00e4 on sivun esittelyteksti, joka n\u00e4kyy galleriakortissa.","og_url":"https:\/\/dev.sahkoherkat.fi\/?page_id=1928","og_site_name":"S\u00e4hk\u00f6herk\u00e4t ry","article_modified_time":"2026-05-11T22:23:41+00:00","og_image":[{"width":2560,"height":1735,"url":"https:\/\/dev.sahkoherkat.fi\/wp-content\/uploads\/2026\/03\/jeremy-allouche-LLc-bFnJJ1o-unsplash-scaled.jpg","type":"image\/jpeg"}],"twitter_card":"summary_large_image","twitter_misc":{"Arvioitu lukuaika":"3 minuuttia"},"schema":{"@context":"https:\/\/schema.org","@graph":[{"@type":"WebPage","@id":"https:\/\/dev.sahkoherkat.fi\/?page_id=1928","url":"https:\/\/dev.sahkoherkat.fi\/?page_id=1928","name":"S\u00e4hk\u00f6postia \u2013 Yhdistyksen j\u00e4senlehti - S\u00e4hk\u00f6herk\u00e4t ry","isPartOf":{"@id":"https:\/\/dev.sahkoherkat.fi\/#website"},"primaryImageOfPage":{"@id":"https:\/\/dev.sahkoherkat.fi\/?page_id=1928#primaryimage"},"image":{"@id":"https:\/\/dev.sahkoherkat.fi\/?page_id=1928#primaryimage"},"thumbnailUrl":"https:\/\/dev.sahkoherkat.fi\/wp-content\/uploads\/2026\/03\/jeremy-allouche-LLc-bFnJJ1o-unsplash-scaled.jpg","datePublished":"2026-03-30T13:47:34+00:00","dateModified":"2026-05-11T22:23:41+00:00","breadcrumb":{"@id":"https:\/\/dev.sahkoherkat.fi\/?page_id=1928#breadcrumb"},"inLanguage":"fi","potentialAction":[{"@type":"ReadAction","target":["https:\/\/dev.sahkoherkat.fi\/?page_id=1928"]}]},{"@type":"ImageObject","inLanguage":"fi","@id":"https:\/\/dev.sahkoherkat.fi\/?page_id=1928#primaryimage","url":"https:\/\/dev.sahkoherkat.fi\/wp-content\/uploads\/2026\/03\/jeremy-allouche-LLc-bFnJJ1o-unsplash-scaled.jpg","contentUrl":"https:\/\/dev.sahkoherkat.fi\/wp-content\/uploads\/2026\/03\/jeremy-allouche-LLc-bFnJJ1o-unsplash-scaled.jpg","width":2560,"height":1735},{"@type":"BreadcrumbList","@id":"https:\/\/dev.sahkoherkat.fi\/?page_id=1928#breadcrumb","itemListElement":[{"@type":"ListItem","position":1,"name":"Etusivu","item":"https:\/\/dev.sahkoherkat.fi\/"},{"@type":"ListItem","position":2,"name":"Yhdistyksest\u00e4","item":"https:\/\/dev.sahkoherkat.fi\/?page_id=1133"},{"@type":"ListItem","position":3,"name":"S\u00e4hk\u00f6postia \u2013 Yhdistyksen j\u00e4senlehti"}]},{"@type":"WebSite","@id":"https:\/\/dev.sahkoherkat.fi\/#website","url":"https:\/\/dev.sahkoherkat.fi\/","name":"S\u00e4hk\u00f6herk\u00e4t ry","description":"S\u00e4hk\u00f6herk\u00e4t ry on suomalainen yhdistys, jonka p\u00e4\u00e4asiallisena teht\u00e4v\u00e4n\u00e4 on toimia s\u00e4hk\u00f6herkkien etuj\u00e4rjest\u00f6n\u00e4.  Yhdistys jakaa tietoa s\u00e4hk\u00f6herkkyyden tunnetuksi tekemisess\u00e4 sek\u00e4 vaikuttaa viranomaisiin ja p\u00e4\u00e4tt\u00e4jiin, jotta s\u00e4hk\u00f6herkkyys hyv\u00e4ksytt\u00e4isiin sairaudeksi ja henkil\u00f6t saisivat virallisen diagnoosin ja korvauksen ty\u00f6kyvyn menett\u00e4misest\u00e4.","potentialAction":[{"@type":"SearchAction","target":{"@type":"EntryPoint","urlTemplate":"https:\/\/dev.sahkoherkat.fi\/?s={search_term_string}"},"query-input":{"@type":"PropertyValueSpecification","valueRequired":true,"valueName":"search_term_string"}}],"inLanguage":"fi"}]}},"_links":{"self":[{"href":"https:\/\/dev.sahkoherkat.fi\/index.php?rest_route=\/wp\/v2\/pages\/1928","targetHints":{"allow":["GET"]}}],"collection":[{"href":"https:\/\/dev.sahkoherkat.fi\/index.php?rest_route=\/wp\/v2\/pages"}],"about":[{"href":"https:\/\/dev.sahkoherkat.fi\/index.php?rest_route=\/wp\/v2\/types\/page"}],"author":[{"embeddable":true,"href":"https:\/\/dev.sahkoherkat.fi\/index.php?rest_route=\/wp\/v2\/users\/1"}],"replies":[{"embeddable":true,"href":"https:\/\/dev.sahkoherkat.fi\/index.php?rest_route=%2Fwp%2Fv2%2Fcomments&post=1928"}],"version-history":[{"count":37,"href":"https:\/\/dev.sahkoherkat.fi\/index.php?rest_route=\/wp\/v2\/pages\/1928\/revisions"}],"predecessor-version":[{"id":2534,"href":"https:\/\/dev.sahkoherkat.fi\/index.php?rest_route=\/wp\/v2\/pages\/1928\/revisions\/2534"}],"up":[{"embeddable":true,"href":"https:\/\/dev.sahkoherkat.fi\/index.php?rest_route=\/wp\/v2\/pages\/1133"}],"wp:featuredmedia":[{"embeddable":true,"href":"https:\/\/dev.sahkoherkat.fi\/index.php?rest_route=\/wp\/v2\/media\/1818"}],"wp:attachment":[{"href":"https:\/\/dev.sahkoherkat.fi\/index.php?rest_route=%2Fwp%2Fv2%2Fmedia&parent=1928"}],"curies":[{"name":"wp","href":"https:\/\/api.w.org\/{rel}","templated":true}]}}