{"id":1920,"date":"2026-03-30T22:01:34","date_gmt":"2026-03-30T22:01:34","guid":{"rendered":"https:\/\/dev.sahkoherkat.fi\/?page_id=1920"},"modified":"2026-05-10T23:32:30","modified_gmt":"2026-05-10T23:32:30","slug":"tule-vapaaehtoiseksi","status":"publish","type":"page","link":"https:\/\/dev.sahkoherkat.fi\/?page_id=1920","title":{"rendered":"Tule vapaaehtoiseksi"},"content":{"rendered":"\t\t<div data-elementor-type=\"wp-page\" data-elementor-id=\"1920\" class=\"elementor elementor-1920\" data-elementor-post-type=\"page\">\n\t\t\t\t<div class=\"elementor-element elementor-element-2b56f0a e-flex e-con-boxed e-con e-parent\" data-id=\"2b56f0a\" data-element_type=\"container\" data-e-type=\"container\" data-settings=\"{&quot;background_background&quot;:&quot;classic&quot;}\">\n\t\t\t\t\t<div class=\"e-con-inner\">\n\t\t\t\t\t<\/div>\n\t\t\t\t<\/div>\n\t\t<div class=\"elementor-element elementor-element-d598fdf e-con-full e-flex e-con e-parent\" data-id=\"d598fdf\" data-element_type=\"container\" data-e-type=\"container\" data-settings=\"{&quot;background_background&quot;:&quot;classic&quot;}\">\n\t\t\t\t<div class=\"elementor-element elementor-element-8c0f7b5 elementor-widget elementor-widget-shortcode\" data-id=\"8c0f7b5\" data-element_type=\"widget\" data-e-type=\"widget\" data-widget_type=\"shortcode.default\">\n\t\t\t\t\t\t\t<div class=\"elementor-shortcode\"><span><span><a href=\"https:\/\/dev.sahkoherkat.fi\/\">Etusivu<\/a><\/span><\/span>\n<\/div>\n\t\t\t\t\t\t<\/div>\n\t\t\t\t<div class=\"elementor-element elementor-element-48b3855 elementor-widget elementor-widget-heading\" data-id=\"48b3855\" data-element_type=\"widget\" data-e-type=\"widget\" data-widget_type=\"heading.default\">\n\t\t\t\t\t<h1 class=\"elementor-heading-title elementor-size-default\">Tule vapaaehtoiseksi<\/h1>\t\t\t\t<\/div>\n\t\t\t\t<\/div>\n\t\t<div class=\"elementor-element elementor-element-dbf2f9c e-con-full e-flex e-con e-parent\" data-id=\"dbf2f9c\" data-element_type=\"container\" data-e-type=\"container\">\n\t\t<div class=\"elementor-element elementor-element-3c5be42 e-con-full e-flex e-con e-child\" data-id=\"3c5be42\" data-element_type=\"container\" data-e-type=\"container\">\n\t\t\t\t<div class=\"elementor-element elementor-element-102e383 elementor-widget elementor-widget-heading\" data-id=\"102e383\" data-element_type=\"widget\" data-e-type=\"widget\" data-widget_type=\"heading.default\">\n\t\t\t\t\t<p class=\"elementor-heading-title elementor-size-default\">Etsimme uusia aktiiveja mukaan kehitt\u00e4m\u00e4\u00e4n yhdistyksen toimintaa ja edist\u00e4m\u00e4\u00e4n s\u00e4hk\u00f6herkkien asemaa. Mukaan voi l\u00e4hte\u00e4 omalla tavallaan ja omien voimavarojen mukaan.<\/p>\t\t\t\t<\/div>\n\t\t\t\t<div class=\"elementor-element elementor-element-8740dad elementor-widget elementor-widget-heading\" data-id=\"8740dad\" data-element_type=\"widget\" data-e-type=\"widget\" data-widget_type=\"heading.default\">\n\t\t\t\t\t<p class=\"elementor-heading-title elementor-size-default\">Erityisesti kaipaamme henkil\u00f6it\u00e4, joilla olisi osaamista tai kiinnostusta esimerkiksi seuraavanlaisiin teht\u00e4viin:<\/p>\t\t\t\t<\/div>\n\t\t\t\t<\/div>\n\t\t\t\t<\/div>\n\t\t<div class=\"elementor-element elementor-element-e90a518 e-con-full e-flex e-con e-parent\" data-id=\"e90a518\" data-element_type=\"container\" data-e-type=\"container\">\n\t\t<div class=\"elementor-element elementor-element-72eabde e-con-full e-flex e-con e-child\" data-id=\"72eabde\" data-element_type=\"container\" data-e-type=\"container\">\n\t\t\t\t<div class=\"elementor-element elementor-element-a5e8491 elementor-widget elementor-widget-heading\" data-id=\"a5e8491\" data-element_type=\"widget\" data-e-type=\"widget\" data-widget_type=\"heading.default\">\n\t\t\t\t\t<h3 class=\"elementor-heading-title elementor-size-default\">Verkkosivut ja viestint\u00e4<\/h3>\t\t\t\t<\/div>\n\t\t\t\t<div class=\"elementor-element elementor-element-f0cf447 elementor-widget elementor-widget-text-editor\" data-id=\"f0cf447\" data-element_type=\"widget\" data-e-type=\"widget\" data-widget_type=\"text-editor.default\">\n\t\t\t\t\t\t\t\t\t<p data-start=\"701\" data-end=\"842\">Haluamme kehitt\u00e4\u00e4 yhdistyksen viestint\u00e4\u00e4 entist\u00e4 selke\u00e4mm\u00e4ksi, ajankohtaisemmaksi ja helpommin l\u00e4hestytt\u00e4v\u00e4ksi. Kaipaamme mukaan esimerkiksi:<\/p>\n<ul data-start=\"843\" data-end=\"1019\">\n<li data-section-id=\"10z6f2d\" data-start=\"843\" data-end=\"888\">verkkosivujen kehitt\u00e4misest\u00e4 kiinnostuneita<\/li>\n<li data-section-id=\"1dayqre\" data-start=\"889\" data-end=\"923\">visuaalisen suunnittelun osaajia<\/li>\n<li data-section-id=\"av4dk4\" data-start=\"924\" data-end=\"959\">kirjoittajia ja sis\u00e4ll\u00f6ntuottajia<\/li>\n<li data-section-id=\"1jflj33\" data-start=\"960\" data-end=\"988\">valokuvaajia ja kuvittajia<\/li>\n<li data-section-id=\"1umja3z\" data-start=\"989\" data-end=\"1019\">sosiaalisen median tekij\u00f6it\u00e4<\/li>\n<\/ul>\t\t\t\t\t\t\t\t<\/div>\n\t\t\t\t<div class=\"elementor-element elementor-element-a204b32 elementor-widget elementor-widget-heading\" data-id=\"a204b32\" data-element_type=\"widget\" data-e-type=\"widget\" data-widget_type=\"heading.default\">\n\t\t\t\t\t<h3 class=\"elementor-heading-title elementor-size-default\">Vaikuttamisty\u00f6<\/h3>\t\t\t\t<\/div>\n\t\t\t\t<div class=\"elementor-element elementor-element-8133340 elementor-widget elementor-widget-text-editor\" data-id=\"8133340\" data-element_type=\"widget\" data-e-type=\"widget\" data-widget_type=\"text-editor.default\">\n\t\t\t\t\t\t\t\t\t<p data-start=\"1040\" data-end=\"1186\">Etsimme ihmisi\u00e4, jotka haluavat olla mukana edist\u00e4m\u00e4ss\u00e4 s\u00e4hk\u00f6herkkien asemaa yhteiskunnassa. Vaikuttamisty\u00f6 voi tarkoittaa esimerkiksi:<\/p><ul data-start=\"1187\" data-end=\"1337\"><li data-section-id=\"wqxhhp\" data-start=\"1187\" data-end=\"1213\">yhteydenpitoa p\u00e4\u00e4tt\u00e4jiin<\/li><li data-section-id=\"1l3wpi5\" data-start=\"1214\" data-end=\"1259\">keskustelua kuntien ja viranomaisten kanssa<\/li><li data-section-id=\"6wvw6g\" data-start=\"1260\" data-end=\"1302\">lausuntojen ja kannanottojen valmistelua<\/li><li data-section-id=\"1n5pd9d\" data-start=\"1303\" data-end=\"1337\">tiedon v\u00e4litt\u00e4mist\u00e4 eri tahoille<\/li><\/ul><p data-start=\"1339\" data-end=\"1437\">Aiempaa kokemusta ei v\u00e4ltt\u00e4m\u00e4tt\u00e4 tarvita, vaan t\u00e4rkeint\u00e4 on kiinnostus ja halu vaikuttaa rakentavasti.<\/p>\t\t\t\t\t\t\t\t<\/div>\n\t\t\t\t<div class=\"elementor-element elementor-element-4a14db1 elementor-widget elementor-widget-heading\" data-id=\"4a14db1\" data-element_type=\"widget\" data-e-type=\"widget\" data-widget_type=\"heading.default\">\n\t\t\t\t\t<h3 class=\"elementor-heading-title elementor-size-default\">Tapahtumat ja n\u00e4kyvyys<\/h3>\t\t\t\t<\/div>\n\t\t\t\t<div class=\"elementor-element elementor-element-1ae8e3c elementor-widget elementor-widget-text-editor\" data-id=\"1ae8e3c\" data-element_type=\"widget\" data-e-type=\"widget\" data-widget_type=\"text-editor.default\">\n\t\t\t\t\t\t\t\t\t<p data-start=\"1466\" data-end=\"1553\">Yhdistys osallistuu ajoittain messuille ja muihin tapahtumiin. Voit auttaa esimerkiksi:<\/p>\n<ul data-start=\"1554\" data-end=\"1686\">\n<li data-section-id=\"pl337x\" data-start=\"1554\" data-end=\"1582\">tapahtumien suunnittelussa<\/li>\n<li data-section-id=\"sykk0a\" data-start=\"1583\" data-end=\"1619\">esittelymateriaalien valmistelussa<\/li>\n<li data-section-id=\"omyr2d\" data-start=\"1620\" data-end=\"1659\">yhdistyksen toiminnan esittelemisess\u00e4<\/li>\n<li data-section-id=\"16nauu7\" data-start=\"1660\" data-end=\"1686\">k\u00e4yt\u00e4nn\u00f6n j\u00e4rjestelyiss\u00e4<\/li>\n<\/ul>\t\t\t\t\t\t\t\t<\/div>\n\t\t\t\t<div class=\"elementor-element elementor-element-30b1f5e elementor-widget elementor-widget-heading\" data-id=\"30b1f5e\" data-element_type=\"widget\" data-e-type=\"widget\" data-widget_type=\"heading.default\">\n\t\t\t\t\t<h3 class=\"elementor-heading-title elementor-size-default\">J\u00e4senlehti ja kokemustarinat<\/h3>\t\t\t\t<\/div>\n\t\t\t\t<div class=\"elementor-element elementor-element-c6fa8ff elementor-widget elementor-widget-text-editor\" data-id=\"c6fa8ff\" data-element_type=\"widget\" data-e-type=\"widget\" data-widget_type=\"text-editor.default\">\n\t\t\t\t\t\t\t\t\t<p data-start=\"1721\" data-end=\"1796\">Etsimme uusia kirjoittajia j\u00e4senlehteen ja verkkosivuille. Voit kirjoittaa esimerkiksi:<\/p>\n<ul data-start=\"1797\" data-end=\"1954\">\n<li data-section-id=\"1vi2pbz\" data-start=\"1797\" data-end=\"1819\">oman kokemustarinasi<\/li>\n<li data-section-id=\"1vygd3q\" data-start=\"1820\" data-end=\"1853\">arjesta ja selviytymiskeinoista<\/li>\n<li data-section-id=\"1ccfj0f\" data-start=\"1854\" data-end=\"1879\">ajatuksia vertaistuesta<\/li>\n<li data-section-id=\"1q2obt6\" data-start=\"1880\" data-end=\"1906\">ajankohtaisista aiheista<\/li>\n<li data-section-id=\"1laenig\" data-start=\"1907\" data-end=\"1954\">muista s\u00e4hk\u00f6herkkyyteen liittyvist\u00e4 teemoista<\/li>\n<\/ul>\n<p data-start=\"1956\" data-end=\"2016\">My\u00f6s valokuvat, kuvitukset ja juttuideat ovat tervetulleita.<\/p>\t\t\t\t\t\t\t\t<\/div>\n\t\t\t\t<div class=\"elementor-element elementor-element-a2894fe elementor-widget elementor-widget-heading\" data-id=\"a2894fe\" data-element_type=\"widget\" data-e-type=\"widget\" data-widget_type=\"heading.default\">\n\t\t\t\t\t<h3 class=\"elementor-heading-title elementor-size-default\">Kiinnostuitko?<\/h3>\t\t\t\t<\/div>\n\t\t\t\t<div class=\"elementor-element elementor-element-ae95e1d elementor-widget elementor-widget-text-editor\" data-id=\"ae95e1d\" data-element_type=\"widget\" data-e-type=\"widget\" data-widget_type=\"text-editor.default\">\n\t\t\t\t\t\t\t\t\t<p data-start=\"194\" data-end=\"403\">Ota meihin rohkeasti yhteytt\u00e4, jos haluat tulla mukaan tai kuulla lis\u00e4\u00e4. Voimme yhdess\u00e4 l\u00f6yt\u00e4\u00e4 sinulle sopivan tavan olla mukana.<\/p>\n<p data-start=\"405\" data-end=\"463\"><a href=\"https:\/\/dev.sahkoherkat.fi\/?page_id=1200\" target=\"_blank\" rel=\"noopener\">Ota yhteytt\u00e4 ja kerro, miten haluaisit osallistua.<\/a><\/p>\t\t\t\t\t\t\t\t<\/div>\n\t\t\t\t<\/div>\n\t\t\t\t<\/div>\n\t\t\t\t<\/div>\n\t\t","protected":false},"excerpt":{"rendered":"<p>This is my example excerpt text. T\u00e4m\u00e4 on sivun esittelyteksti, joka n\u00e4kyy galleriakortissa. <\/p>\n","protected":false},"author":1,"featured_media":1823,"parent":2017,"menu_order":21,"comment_status":"closed","ping_status":"closed","template":"","meta":{"footnotes":""},"class_list":["post-1920","page","type-page","status-publish","has-post-thumbnail","hentry"],"yoast_head":"<!-- This site is optimized with the Yoast SEO plugin v27.2 - https:\/\/yoast.com\/product\/yoast-seo-wordpress\/ -->\n<title>Tule vapaaehtoiseksi - S\u00e4hk\u00f6herk\u00e4t ry<\/title>\n<meta name=\"robots\" content=\"index, follow, max-snippet:-1, max-image-preview:large, max-video-preview:-1\" \/>\n<link rel=\"canonical\" href=\"https:\/\/dev.sahkoherkat.fi\/?page_id=1920\" \/>\n<meta property=\"og:locale\" content=\"fi_FI\" \/>\n<meta property=\"og:type\" content=\"article\" \/>\n<meta property=\"og:title\" content=\"Tule vapaaehtoiseksi - S\u00e4hk\u00f6herk\u00e4t ry\" \/>\n<meta property=\"og:description\" content=\"This is my example excerpt text. T\u00e4m\u00e4 on sivun esittelyteksti, joka n\u00e4kyy galleriakortissa.\" \/>\n<meta property=\"og:url\" content=\"https:\/\/dev.sahkoherkat.fi\/?page_id=1920\" \/>\n<meta property=\"og:site_name\" content=\"S\u00e4hk\u00f6herk\u00e4t ry\" \/>\n<meta property=\"article:modified_time\" content=\"2026-05-10T23:32:30+00:00\" \/>\n<meta property=\"og:image\" content=\"https:\/\/dev.sahkoherkat.fi\/wp-content\/uploads\/2026\/03\/veikko-venemies-RtFSn0I2zi8-unsplash-scaled.jpg\" \/>\n\t<meta property=\"og:image:width\" content=\"2560\" \/>\n\t<meta property=\"og:image:height\" content=\"2520\" \/>\n\t<meta property=\"og:image:type\" content=\"image\/jpeg\" \/>\n<meta name=\"twitter:card\" content=\"summary_large_image\" \/>\n<meta name=\"twitter:label1\" content=\"Arvioitu lukuaika\" \/>\n\t<meta name=\"twitter:data1\" content=\"2 minuuttia\" \/>\n<script type=\"application\/ld+json\" class=\"yoast-schema-graph\">{\"@context\":\"https:\/\/schema.org\",\"@graph\":[{\"@type\":\"WebPage\",\"@id\":\"https:\/\/dev.sahkoherkat.fi\/?page_id=1920\",\"url\":\"https:\/\/dev.sahkoherkat.fi\/?page_id=1920\",\"name\":\"Tule vapaaehtoiseksi - S\u00e4hk\u00f6herk\u00e4t ry\",\"isPartOf\":{\"@id\":\"https:\/\/dev.sahkoherkat.fi\/#website\"},\"primaryImageOfPage\":{\"@id\":\"https:\/\/dev.sahkoherkat.fi\/?page_id=1920#primaryimage\"},\"image\":{\"@id\":\"https:\/\/dev.sahkoherkat.fi\/?page_id=1920#primaryimage\"},\"thumbnailUrl\":\"https:\/\/dev.sahkoherkat.fi\/wp-content\/uploads\/2026\/03\/veikko-venemies-RtFSn0I2zi8-unsplash-scaled.jpg\",\"datePublished\":\"2026-03-30T22:01:34+00:00\",\"dateModified\":\"2026-05-10T23:32:30+00:00\",\"breadcrumb\":{\"@id\":\"https:\/\/dev.sahkoherkat.fi\/?page_id=1920#breadcrumb\"},\"inLanguage\":\"fi\",\"potentialAction\":[{\"@type\":\"ReadAction\",\"target\":[\"https:\/\/dev.sahkoherkat.fi\/?page_id=1920\"]}]},{\"@type\":\"ImageObject\",\"inLanguage\":\"fi\",\"@id\":\"https:\/\/dev.sahkoherkat.fi\/?page_id=1920#primaryimage\",\"url\":\"https:\/\/dev.sahkoherkat.fi\/wp-content\/uploads\/2026\/03\/veikko-venemies-RtFSn0I2zi8-unsplash-scaled.jpg\",\"contentUrl\":\"https:\/\/dev.sahkoherkat.fi\/wp-content\/uploads\/2026\/03\/veikko-venemies-RtFSn0I2zi8-unsplash-scaled.jpg\",\"width\":2560,\"height\":2520},{\"@type\":\"BreadcrumbList\",\"@id\":\"https:\/\/dev.sahkoherkat.fi\/?page_id=1920#breadcrumb\",\"itemListElement\":[{\"@type\":\"ListItem\",\"position\":1,\"name\":\"Etusivu\",\"item\":\"https:\/\/dev.sahkoherkat.fi\/\"},{\"@type\":\"ListItem\",\"position\":2,\"name\":\"Tule mukaan\",\"item\":\"https:\/\/dev.sahkoherkat.fi\/?page_id=2017\"},{\"@type\":\"ListItem\",\"position\":3,\"name\":\"Tule vapaaehtoiseksi\"}]},{\"@type\":\"WebSite\",\"@id\":\"https:\/\/dev.sahkoherkat.fi\/#website\",\"url\":\"https:\/\/dev.sahkoherkat.fi\/\",\"name\":\"S\u00e4hk\u00f6herk\u00e4t ry\",\"description\":\"S\u00e4hk\u00f6herk\u00e4t ry on suomalainen yhdistys, jonka p\u00e4\u00e4asiallisena teht\u00e4v\u00e4n\u00e4 on toimia s\u00e4hk\u00f6herkkien etuj\u00e4rjest\u00f6n\u00e4.  Yhdistys jakaa tietoa s\u00e4hk\u00f6herkkyyden tunnetuksi tekemisess\u00e4 sek\u00e4 vaikuttaa viranomaisiin ja p\u00e4\u00e4tt\u00e4jiin, jotta s\u00e4hk\u00f6herkkyys hyv\u00e4ksytt\u00e4isiin sairaudeksi ja henkil\u00f6t saisivat virallisen diagnoosin ja korvauksen ty\u00f6kyvyn menett\u00e4misest\u00e4.\",\"potentialAction\":[{\"@type\":\"SearchAction\",\"target\":{\"@type\":\"EntryPoint\",\"urlTemplate\":\"https:\/\/dev.sahkoherkat.fi\/?s={search_term_string}\"},\"query-input\":{\"@type\":\"PropertyValueSpecification\",\"valueRequired\":true,\"valueName\":\"search_term_string\"}}],\"inLanguage\":\"fi\"}]}<\/script>\n<!-- \/ Yoast SEO plugin. -->","yoast_head_json":{"title":"Tule vapaaehtoiseksi - S\u00e4hk\u00f6herk\u00e4t ry","robots":{"index":"index","follow":"follow","max-snippet":"max-snippet:-1","max-image-preview":"max-image-preview:large","max-video-preview":"max-video-preview:-1"},"canonical":"https:\/\/dev.sahkoherkat.fi\/?page_id=1920","og_locale":"fi_FI","og_type":"article","og_title":"Tule vapaaehtoiseksi - S\u00e4hk\u00f6herk\u00e4t ry","og_description":"This is my example excerpt text. T\u00e4m\u00e4 on sivun esittelyteksti, joka n\u00e4kyy galleriakortissa.","og_url":"https:\/\/dev.sahkoherkat.fi\/?page_id=1920","og_site_name":"S\u00e4hk\u00f6herk\u00e4t ry","article_modified_time":"2026-05-10T23:32:30+00:00","og_image":[{"width":2560,"height":2520,"url":"https:\/\/dev.sahkoherkat.fi\/wp-content\/uploads\/2026\/03\/veikko-venemies-RtFSn0I2zi8-unsplash-scaled.jpg","type":"image\/jpeg"}],"twitter_card":"summary_large_image","twitter_misc":{"Arvioitu lukuaika":"2 minuuttia"},"schema":{"@context":"https:\/\/schema.org","@graph":[{"@type":"WebPage","@id":"https:\/\/dev.sahkoherkat.fi\/?page_id=1920","url":"https:\/\/dev.sahkoherkat.fi\/?page_id=1920","name":"Tule vapaaehtoiseksi - S\u00e4hk\u00f6herk\u00e4t ry","isPartOf":{"@id":"https:\/\/dev.sahkoherkat.fi\/#website"},"primaryImageOfPage":{"@id":"https:\/\/dev.sahkoherkat.fi\/?page_id=1920#primaryimage"},"image":{"@id":"https:\/\/dev.sahkoherkat.fi\/?page_id=1920#primaryimage"},"thumbnailUrl":"https:\/\/dev.sahkoherkat.fi\/wp-content\/uploads\/2026\/03\/veikko-venemies-RtFSn0I2zi8-unsplash-scaled.jpg","datePublished":"2026-03-30T22:01:34+00:00","dateModified":"2026-05-10T23:32:30+00:00","breadcrumb":{"@id":"https:\/\/dev.sahkoherkat.fi\/?page_id=1920#breadcrumb"},"inLanguage":"fi","potentialAction":[{"@type":"ReadAction","target":["https:\/\/dev.sahkoherkat.fi\/?page_id=1920"]}]},{"@type":"ImageObject","inLanguage":"fi","@id":"https:\/\/dev.sahkoherkat.fi\/?page_id=1920#primaryimage","url":"https:\/\/dev.sahkoherkat.fi\/wp-content\/uploads\/2026\/03\/veikko-venemies-RtFSn0I2zi8-unsplash-scaled.jpg","contentUrl":"https:\/\/dev.sahkoherkat.fi\/wp-content\/uploads\/2026\/03\/veikko-venemies-RtFSn0I2zi8-unsplash-scaled.jpg","width":2560,"height":2520},{"@type":"BreadcrumbList","@id":"https:\/\/dev.sahkoherkat.fi\/?page_id=1920#breadcrumb","itemListElement":[{"@type":"ListItem","position":1,"name":"Etusivu","item":"https:\/\/dev.sahkoherkat.fi\/"},{"@type":"ListItem","position":2,"name":"Tule mukaan","item":"https:\/\/dev.sahkoherkat.fi\/?page_id=2017"},{"@type":"ListItem","position":3,"name":"Tule vapaaehtoiseksi"}]},{"@type":"WebSite","@id":"https:\/\/dev.sahkoherkat.fi\/#website","url":"https:\/\/dev.sahkoherkat.fi\/","name":"S\u00e4hk\u00f6herk\u00e4t ry","description":"S\u00e4hk\u00f6herk\u00e4t ry on suomalainen yhdistys, jonka p\u00e4\u00e4asiallisena teht\u00e4v\u00e4n\u00e4 on toimia s\u00e4hk\u00f6herkkien etuj\u00e4rjest\u00f6n\u00e4.  Yhdistys jakaa tietoa s\u00e4hk\u00f6herkkyyden tunnetuksi tekemisess\u00e4 sek\u00e4 vaikuttaa viranomaisiin ja p\u00e4\u00e4tt\u00e4jiin, jotta s\u00e4hk\u00f6herkkyys hyv\u00e4ksytt\u00e4isiin sairaudeksi ja henkil\u00f6t saisivat virallisen diagnoosin ja korvauksen ty\u00f6kyvyn menett\u00e4misest\u00e4.","potentialAction":[{"@type":"SearchAction","target":{"@type":"EntryPoint","urlTemplate":"https:\/\/dev.sahkoherkat.fi\/?s={search_term_string}"},"query-input":{"@type":"PropertyValueSpecification","valueRequired":true,"valueName":"search_term_string"}}],"inLanguage":"fi"}]}},"_links":{"self":[{"href":"https:\/\/dev.sahkoherkat.fi\/index.php?rest_route=\/wp\/v2\/pages\/1920","targetHints":{"allow":["GET"]}}],"collection":[{"href":"https:\/\/dev.sahkoherkat.fi\/index.php?rest_route=\/wp\/v2\/pages"}],"about":[{"href":"https:\/\/dev.sahkoherkat.fi\/index.php?rest_route=\/wp\/v2\/types\/page"}],"author":[{"embeddable":true,"href":"https:\/\/dev.sahkoherkat.fi\/index.php?rest_route=\/wp\/v2\/users\/1"}],"replies":[{"embeddable":true,"href":"https:\/\/dev.sahkoherkat.fi\/index.php?rest_route=%2Fwp%2Fv2%2Fcomments&post=1920"}],"version-history":[{"count":25,"href":"https:\/\/dev.sahkoherkat.fi\/index.php?rest_route=\/wp\/v2\/pages\/1920\/revisions"}],"predecessor-version":[{"id":2504,"href":"https:\/\/dev.sahkoherkat.fi\/index.php?rest_route=\/wp\/v2\/pages\/1920\/revisions\/2504"}],"up":[{"embeddable":true,"href":"https:\/\/dev.sahkoherkat.fi\/index.php?rest_route=\/wp\/v2\/pages\/2017"}],"wp:featuredmedia":[{"embeddable":true,"href":"https:\/\/dev.sahkoherkat.fi\/index.php?rest_route=\/wp\/v2\/media\/1823"}],"wp:attachment":[{"href":"https:\/\/dev.sahkoherkat.fi\/index.php?rest_route=%2Fwp%2Fv2%2Fmedia&parent=1920"}],"curies":[{"name":"wp","href":"https:\/\/api.w.org\/{rel}","templated":true}]}}