{"id":1919,"date":"2026-03-30T13:42:46","date_gmt":"2026-03-30T13:42:46","guid":{"rendered":"https:\/\/dev.sahkoherkat.fi\/?page_id=1919"},"modified":"2026-05-13T17:19:19","modified_gmt":"2026-05-13T17:19:19","slug":"tukea-sahkoherkan-laheiselle","status":"publish","type":"page","link":"https:\/\/dev.sahkoherkat.fi\/?page_id=1919","title":{"rendered":"Vinkkej\u00e4"},"content":{"rendered":"\t\t<div data-elementor-type=\"wp-page\" data-elementor-id=\"1919\" class=\"elementor elementor-1919\" data-elementor-post-type=\"page\">\n\t\t\t\t<div class=\"elementor-element elementor-element-2b56f0a e-flex e-con-boxed e-con e-parent\" data-id=\"2b56f0a\" data-element_type=\"container\" data-e-type=\"container\" data-settings=\"{&quot;background_background&quot;:&quot;classic&quot;}\">\n\t\t\t\t\t<div class=\"e-con-inner\">\n\t\t\t\t\t<\/div>\n\t\t\t\t<\/div>\n\t\t<div class=\"elementor-element elementor-element-d598fdf e-con-full e-flex e-con e-parent\" data-id=\"d598fdf\" data-element_type=\"container\" data-e-type=\"container\" data-settings=\"{&quot;background_background&quot;:&quot;classic&quot;}\">\n\t\t\t\t<div class=\"elementor-element elementor-element-7812fdc elementor-widget elementor-widget-shortcode\" data-id=\"7812fdc\" data-element_type=\"widget\" data-e-type=\"widget\" data-widget_type=\"shortcode.default\">\n\t\t\t\t\t\t\t<div class=\"elementor-shortcode\"><span><span><a href=\"https:\/\/dev.sahkoherkat.fi\/\">Etusivu<\/a><\/span><\/span>\n<\/div>\n\t\t\t\t\t\t<\/div>\n\t\t\t\t<div class=\"elementor-element elementor-element-48b3855 elementor-widget elementor-widget-heading\" data-id=\"48b3855\" data-element_type=\"widget\" data-e-type=\"widget\" data-widget_type=\"heading.default\">\n\t\t\t\t\t<h1 class=\"elementor-heading-title elementor-size-default\">Vinkkej\u00e4<\/h1>\t\t\t\t<\/div>\n\t\t\t\t<\/div>\n\t\t<div class=\"elementor-element elementor-element-06f14e2 e-flex e-con-boxed e-con e-parent\" data-id=\"06f14e2\" data-element_type=\"container\" data-e-type=\"container\">\n\t\t\t\t\t<div class=\"e-con-inner\">\n\t\t\t\t<div class=\"elementor-element elementor-element-4a600c8 elementor-widget elementor-widget-text-editor\" data-id=\"4a600c8\" data-element_type=\"widget\" data-e-type=\"widget\" data-widget_type=\"text-editor.default\">\n\t\t\t\t\t\t\t\t\t<p>T\u00e4lt\u00e4 sivulta l\u00f6yd\u00e4t k\u00e4yt\u00e4nn\u00f6n vinkkej\u00e4, joiden avulla voit v\u00e4hent\u00e4\u00e4 altistumista s\u00e4hk\u00f6magneettisille kentille ja k\u00e4ytt\u00e4\u00e4 teknologiaa turvallisemmin ja miellytt\u00e4v\u00e4mmin.<\/p>\t\t\t\t\t\t\t\t<\/div>\n\t\t\t\t\t<\/div>\n\t\t\t\t<\/div>\n\t\t<div class=\"elementor-element elementor-element-58a9b4a e-flex e-con-boxed e-con e-parent\" data-id=\"58a9b4a\" data-element_type=\"container\" data-e-type=\"container\">\n\t\t\t\t\t<div class=\"e-con-inner\">\n\t\t\t\t<div class=\"elementor-element elementor-element-55f2b99 elementor-widget elementor-widget-heading\" data-id=\"55f2b99\" data-element_type=\"widget\" data-e-type=\"widget\" data-widget_type=\"heading.default\">\n\t\t\t\t\t<h2 class=\"elementor-heading-title elementor-size-default\">Katso vinkit<\/h2>\t\t\t\t<\/div>\n\t\t\t\t\t<\/div>\n\t\t\t\t<\/div>\n\t\t<div class=\"elementor-element elementor-element-55e84c4 e-con-full e-flex e-con e-parent\" data-id=\"55e84c4\" data-element_type=\"container\" data-e-type=\"container\">\n\t\t\t\t<div class=\"elementor-element elementor-element-31e27e0 elementor-posts--align-left custom elementor-grid-3 elementor-grid-tablet-2 elementor-grid-mobile-1 elementor-posts--thumbnail-top elementor-widget elementor-widget-posts\" data-id=\"31e27e0\" data-element_type=\"widget\" data-e-type=\"widget\" data-settings=\"{&quot;classic_row_gap_mobile&quot;:{&quot;unit&quot;:&quot;px&quot;,&quot;size&quot;:10,&quot;sizes&quot;:[]},&quot;classic_row_gap_tablet&quot;:{&quot;unit&quot;:&quot;px&quot;,&quot;size&quot;:15,&quot;sizes&quot;:[]},&quot;classic_columns&quot;:&quot;3&quot;,&quot;classic_columns_tablet&quot;:&quot;2&quot;,&quot;classic_columns_mobile&quot;:&quot;1&quot;,&quot;classic_row_gap&quot;:{&quot;unit&quot;:&quot;px&quot;,&quot;size&quot;:35,&quot;sizes&quot;:[]}}\" data-widget_type=\"posts.classic\">\n\t\t\t\t<div class=\"elementor-widget-container\">\n\t\t\t\t\t\t\t<div class=\"elementor-posts-container elementor-posts elementor-posts--skin-classic elementor-grid\" role=\"list\">\n\t\t\t\t<article class=\"elementor-post elementor-grid-item post-615 post type-post status-publish format-standard hentry category-vinkkeja\" role=\"listitem\">\n\t\t\t\t<div class=\"elementor-post__text\">\n\t\t\t\t<h3 class=\"elementor-post__title\">\n\t\t\t<a href=\"https:\/\/dev.sahkoherkat.fi\/?p=615\" >\n\t\t\t\tOffline-kartat \u2013 navigointia \u00e4lypuhelimella ilman s\u00e4teilyhaittaa\t\t\t<\/a>\n\t\t<\/h3>\n\t\t\t\t<div class=\"elementor-post__meta-data\">\n\t\t\t\t\t<span class=\"elementor-post-date\">\n\t\t\t15.7.2022\t\t<\/span>\n\t\t\t\t<\/div>\n\t\t\t\t<div class=\"elementor-post__excerpt\">\n\t\t\t<p>Navigointisovellusten ja -laitteiden k\u00e4ytt\u00f6 ei v\u00e4ltt\u00e4m\u00e4tt\u00e4 merkitse s\u00e4teilyrasitusta. GPS-laite on puhtaasti vastaanotin, joka ottaa vastaan satelliittidataa. T\u00e4m\u00e4 ei aiheuta s\u00e4hk\u00f6magneettista s\u00e4teily\u00e4. K\u00e4ytt\u00e4j\u00e4n liikkuessa karttoja pit\u00e4\u00e4 kuitenkin p\u00e4ivitt\u00e4\u00e4. Monissa vanhemmissa navigointilaitteissa kartat on tallennettu laitteen muistiin esim. CD-ROM-levyilt\u00e4. Uudemmissa laitteissa ja sovelluksissa ne yleens\u00e4 haetaan netist\u00e4 aina tarpeen mukaan. J\u00e4lkimm\u00e4isess\u00e4 tapauksessa<\/p>\n\t\t<\/div>\n\t\t\n\t\t<a class=\"elementor-post__read-more\" href=\"https:\/\/dev.sahkoherkat.fi\/?p=615\" aria-label=\"Read more about Offline-kartat \u2013 navigointia \u00e4lypuhelimella ilman s\u00e4teilyhaittaa\" tabindex=\"-1\" >\n\t\t\tLue lis\u00e4\u00e4\t\t<\/a>\n\n\t\t\t\t<\/div>\n\t\t\t\t<\/article>\n\t\t\t\t<article class=\"elementor-post elementor-grid-item post-635 post type-post status-publish format-standard hentry category-vinkkeja\" role=\"listitem\">\n\t\t\t\t<div class=\"elementor-post__text\">\n\t\t\t\t<h3 class=\"elementor-post__title\">\n\t\t\t<a href=\"https:\/\/dev.sahkoherkat.fi\/?p=635\" >\n\t\t\t\tWiFi-reititin l\u00e4pp\u00e4riin kytkettyn\u00e4 &#8211; turvallisempaa WiFin k\u00e4ytt\u00f6\u00e4\t\t\t<\/a>\n\t\t<\/h3>\n\t\t\t\t<div class=\"elementor-post__meta-data\">\n\t\t\t\t\t<span class=\"elementor-post-date\">\n\t\t\t17.7.2022\t\t<\/span>\n\t\t\t\t<\/div>\n\t\t\t\t<div class=\"elementor-post__excerpt\">\n\t\t\t<p>T\u00e4m\u00e4n vinkin avulla voi ratkaisevasti v\u00e4hent\u00e4\u00e4 s\u00e4teilyrasitusta tilanteessa, jossa l\u00e4pp\u00e4rill\u00e4 on k\u00e4ytett\u00e4v\u00e4 WiFi\u00e4. Ideana on, ett\u00e4 l\u00e4pp\u00e4rin sis\u00e4\u00e4nrakennetun antennin sijasta k\u00e4ytet\u00e4\u00e4n erillist\u00e4, pitk\u00e4n kaapelin p\u00e4\u00e4ss\u00e4 olevaa laitetta. WiFin vaatima s\u00e4teily on siis &#8221;ulkoistettu&#8221; kauas k\u00e4ytt\u00e4j\u00e4st\u00e4. Ratkaisu sopii hyvin esimerkiksi matkoille, hotellihuoneessa k\u00e4ytett\u00e4v\u00e4ksi. Sen sijaan tilap\u00e4iseen k\u00e4ytt\u00f6\u00f6n esim. kahvilassa ratkaisu sopii<\/p>\n\t\t<\/div>\n\t\t\n\t\t<a class=\"elementor-post__read-more\" href=\"https:\/\/dev.sahkoherkat.fi\/?p=635\" aria-label=\"Read more about WiFi-reititin l\u00e4pp\u00e4riin kytkettyn\u00e4 &#8211; turvallisempaa WiFin k\u00e4ytt\u00f6\u00e4\" tabindex=\"-1\" >\n\t\t\tLue lis\u00e4\u00e4\t\t<\/a>\n\n\t\t\t\t<\/div>\n\t\t\t\t<\/article>\n\t\t\t\t<article class=\"elementor-post elementor-grid-item post-655 post type-post status-publish format-standard hentry category-vinkkeja\" role=\"listitem\">\n\t\t\t\t<div class=\"elementor-post__text\">\n\t\t\t\t<h3 class=\"elementor-post__title\">\n\t\t\t<a href=\"https:\/\/dev.sahkoherkat.fi\/?p=655\" >\n\t\t\t\tNettipuhelin\t\t\t<\/a>\n\t\t<\/h3>\n\t\t\t\t<div class=\"elementor-post__meta-data\">\n\t\t\t\t\t<span class=\"elementor-post-date\">\n\t\t\t17.7.2022\t\t<\/span>\n\t\t\t\t<\/div>\n\t\t\t\t<div class=\"elementor-post__excerpt\">\n\t\t\t<p>Nettipuhelin on &#8221;lankapuhelin&#8221;, joka perinteisen puhelinverkon sijaan kytket\u00e4\u00e4n kiinte\u00e4sti internetiin. Nettipuhelin k\u00e4ytt\u00e4\u00e4 VoIP-protokollaa, joten sit\u00e4 kutsutaan my\u00f6s VoIP-puhelimeksi. Edellytyksen\u00e4 on kiinte\u00e4 laajakaista. Laajakaistaan liitetty puhelinratkaisu koostuu VoIP-sovitinlaitteesta ja aivan tavallisesta lankapuhelimesta. On my\u00f6s laitteita, joissa sovitin ja puhelin ovat samoissa kuorissa, mutta niit\u00e4 ei voi suositella s\u00e4hk\u00f6herkille, koska VoIP-sovitin jostain<\/p>\n\t\t<\/div>\n\t\t\n\t\t<a class=\"elementor-post__read-more\" href=\"https:\/\/dev.sahkoherkat.fi\/?p=655\" aria-label=\"Read more about Nettipuhelin\" tabindex=\"-1\" >\n\t\t\tLue lis\u00e4\u00e4\t\t<\/a>\n\n\t\t\t\t<\/div>\n\t\t\t\t<\/article>\n\t\t\t\t<article class=\"elementor-post elementor-grid-item post-659 post type-post status-publish format-standard hentry category-vinkkeja\" role=\"listitem\">\n\t\t\t\t<div class=\"elementor-post__text\">\n\t\t\t\t<h3 class=\"elementor-post__title\">\n\t\t\t<a href=\"https:\/\/dev.sahkoherkat.fi\/?p=659\" >\n\t\t\t\t\u00c4lypuhelimen yhdist\u00e4minen lankaverkkoon\t\t\t<\/a>\n\t\t<\/h3>\n\t\t\t\t<div class=\"elementor-post__meta-data\">\n\t\t\t\t\t<span class=\"elementor-post-date\">\n\t\t\t17.7.2022\t\t<\/span>\n\t\t\t\t<\/div>\n\t\t\t\t<div class=\"elementor-post__excerpt\">\n\t\t\t<p>T\u00e4m\u00e4n ratkaisun avulla \u00e4lypuhelin voi liikenn\u00f6id\u00e4 verkkoon langallisesti, jolloin k\u00e4yt\u00f6st\u00e4 aiheutuu s\u00e4teily\u00e4 vain murto-osa tavanomaisesta. Ratkaisu ei toimi kaikilla puhelinmalleilla. Uudet mallit toimivat todenn\u00e4k\u00f6isemmin kuin vanhat. Android-puhelimessa t\u00e4ytyy olla k\u00e4ytt\u00f6j\u00e4rjestelm\u00e4n\u00e4 Android 6.0 (&#8221;Marshmallow&#8221;) tai uudempi. Yhdist\u00e4miseen tarvitaan Ethernet-adapteri, jonka toinen p\u00e4\u00e4 sopii puhelimesi latausliit\u00e4nt\u00e4\u00e4n (USB-C, micro-USB tai Lightning). Sovittimia l\u00f6ytyy<\/p>\n\t\t<\/div>\n\t\t\n\t\t<a class=\"elementor-post__read-more\" href=\"https:\/\/dev.sahkoherkat.fi\/?p=659\" aria-label=\"Read more about \u00c4lypuhelimen yhdist\u00e4minen lankaverkkoon\" tabindex=\"-1\" >\n\t\t\tLue lis\u00e4\u00e4\t\t<\/a>\n\n\t\t\t\t<\/div>\n\t\t\t\t<\/article>\n\t\t\t\t<\/div>\n\t\t\n\t\t\t\t\t\t<\/div>\n\t\t\t\t<\/div>\n\t\t\t\t<\/div>\n\t\t<div class=\"elementor-element elementor-element-bbf2677 e-flex e-con-boxed e-con e-parent\" data-id=\"bbf2677\" data-element_type=\"container\" data-e-type=\"container\">\n\t\t\t\t\t<div class=\"e-con-inner\">\n\t\t<div class=\"elementor-element elementor-element-16ae1fd e-con-full e-flex e-con e-child\" data-id=\"16ae1fd\" data-element_type=\"container\" data-e-type=\"container\">\n\t\t\t\t<\/div>\n\t\t\t\t\t<\/div>\n\t\t\t\t<\/div>\n\t\t\t\t<\/div>\n\t\t","protected":false},"excerpt":{"rendered":"<p>This is my example excerpt text. T\u00e4m\u00e4 on sivun esittelyteksti, joka n\u00e4kyy galleriakortissa. <\/p>\n","protected":false},"author":1,"featured_media":1813,"parent":1911,"menu_order":11,"comment_status":"closed","ping_status":"closed","template":"","meta":{"footnotes":""},"class_list":["post-1919","page","type-page","status-publish","has-post-thumbnail","hentry"],"yoast_head":"<!-- This site is optimized with the Yoast SEO plugin v27.2 - https:\/\/yoast.com\/product\/yoast-seo-wordpress\/ -->\n<title>Vinkkej\u00e4 - S\u00e4hk\u00f6herk\u00e4t ry<\/title>\n<meta name=\"robots\" content=\"index, follow, max-snippet:-1, max-image-preview:large, max-video-preview:-1\" \/>\n<link rel=\"canonical\" href=\"https:\/\/dev.sahkoherkat.fi\/?page_id=1919\" \/>\n<meta property=\"og:locale\" content=\"fi_FI\" \/>\n<meta property=\"og:type\" content=\"article\" \/>\n<meta property=\"og:title\" content=\"Vinkkej\u00e4 - S\u00e4hk\u00f6herk\u00e4t ry\" \/>\n<meta property=\"og:description\" content=\"This is my example excerpt text. T\u00e4m\u00e4 on sivun esittelyteksti, joka n\u00e4kyy galleriakortissa.\" \/>\n<meta property=\"og:url\" content=\"https:\/\/dev.sahkoherkat.fi\/?page_id=1919\" \/>\n<meta property=\"og:site_name\" content=\"S\u00e4hk\u00f6herk\u00e4t ry\" \/>\n<meta property=\"article:modified_time\" content=\"2026-05-13T17:19:19+00:00\" \/>\n<meta property=\"og:image\" content=\"https:\/\/dev.sahkoherkat.fi\/wp-content\/uploads\/2026\/03\/bruno-nascimento-PHIgYUGQPvU-unsplash-scaled.jpg\" \/>\n\t<meta property=\"og:image:width\" content=\"2560\" \/>\n\t<meta property=\"og:image:height\" content=\"1707\" \/>\n\t<meta property=\"og:image:type\" content=\"image\/jpeg\" \/>\n<meta name=\"twitter:card\" content=\"summary_large_image\" \/>\n<meta name=\"twitter:label1\" content=\"Arvioitu lukuaika\" \/>\n\t<meta name=\"twitter:data1\" content=\"3 minuuttia\" \/>\n<script type=\"application\/ld+json\" class=\"yoast-schema-graph\">{\"@context\":\"https:\/\/schema.org\",\"@graph\":[{\"@type\":\"WebPage\",\"@id\":\"https:\/\/dev.sahkoherkat.fi\/?page_id=1919\",\"url\":\"https:\/\/dev.sahkoherkat.fi\/?page_id=1919\",\"name\":\"Vinkkej\u00e4 - S\u00e4hk\u00f6herk\u00e4t ry\",\"isPartOf\":{\"@id\":\"https:\/\/dev.sahkoherkat.fi\/#website\"},\"primaryImageOfPage\":{\"@id\":\"https:\/\/dev.sahkoherkat.fi\/?page_id=1919#primaryimage\"},\"image\":{\"@id\":\"https:\/\/dev.sahkoherkat.fi\/?page_id=1919#primaryimage\"},\"thumbnailUrl\":\"https:\/\/dev.sahkoherkat.fi\/wp-content\/uploads\/2026\/03\/bruno-nascimento-PHIgYUGQPvU-unsplash-scaled.jpg\",\"datePublished\":\"2026-03-30T13:42:46+00:00\",\"dateModified\":\"2026-05-13T17:19:19+00:00\",\"breadcrumb\":{\"@id\":\"https:\/\/dev.sahkoherkat.fi\/?page_id=1919#breadcrumb\"},\"inLanguage\":\"fi\",\"potentialAction\":[{\"@type\":\"ReadAction\",\"target\":[\"https:\/\/dev.sahkoherkat.fi\/?page_id=1919\"]}]},{\"@type\":\"ImageObject\",\"inLanguage\":\"fi\",\"@id\":\"https:\/\/dev.sahkoherkat.fi\/?page_id=1919#primaryimage\",\"url\":\"https:\/\/dev.sahkoherkat.fi\/wp-content\/uploads\/2026\/03\/bruno-nascimento-PHIgYUGQPvU-unsplash-scaled.jpg\",\"contentUrl\":\"https:\/\/dev.sahkoherkat.fi\/wp-content\/uploads\/2026\/03\/bruno-nascimento-PHIgYUGQPvU-unsplash-scaled.jpg\",\"width\":2560,\"height\":1707},{\"@type\":\"BreadcrumbList\",\"@id\":\"https:\/\/dev.sahkoherkat.fi\/?page_id=1919#breadcrumb\",\"itemListElement\":[{\"@type\":\"ListItem\",\"position\":1,\"name\":\"Etusivu\",\"item\":\"https:\/\/dev.sahkoherkat.fi\/\"},{\"@type\":\"ListItem\",\"position\":2,\"name\":\"Tukea\",\"item\":\"https:\/\/dev.sahkoherkat.fi\/?page_id=1911\"},{\"@type\":\"ListItem\",\"position\":3,\"name\":\"Vinkkej\u00e4\"}]},{\"@type\":\"WebSite\",\"@id\":\"https:\/\/dev.sahkoherkat.fi\/#website\",\"url\":\"https:\/\/dev.sahkoherkat.fi\/\",\"name\":\"S\u00e4hk\u00f6herk\u00e4t ry\",\"description\":\"S\u00e4hk\u00f6herk\u00e4t ry on suomalainen yhdistys, jonka p\u00e4\u00e4asiallisena teht\u00e4v\u00e4n\u00e4 on toimia s\u00e4hk\u00f6herkkien etuj\u00e4rjest\u00f6n\u00e4.  Yhdistys jakaa tietoa s\u00e4hk\u00f6herkkyyden tunnetuksi tekemisess\u00e4 sek\u00e4 vaikuttaa viranomaisiin ja p\u00e4\u00e4tt\u00e4jiin, jotta s\u00e4hk\u00f6herkkyys hyv\u00e4ksytt\u00e4isiin sairaudeksi ja henkil\u00f6t saisivat virallisen diagnoosin ja korvauksen ty\u00f6kyvyn menett\u00e4misest\u00e4.\",\"potentialAction\":[{\"@type\":\"SearchAction\",\"target\":{\"@type\":\"EntryPoint\",\"urlTemplate\":\"https:\/\/dev.sahkoherkat.fi\/?s={search_term_string}\"},\"query-input\":{\"@type\":\"PropertyValueSpecification\",\"valueRequired\":true,\"valueName\":\"search_term_string\"}}],\"inLanguage\":\"fi\"}]}<\/script>\n<!-- \/ Yoast SEO plugin. -->","yoast_head_json":{"title":"Vinkkej\u00e4 - S\u00e4hk\u00f6herk\u00e4t ry","robots":{"index":"index","follow":"follow","max-snippet":"max-snippet:-1","max-image-preview":"max-image-preview:large","max-video-preview":"max-video-preview:-1"},"canonical":"https:\/\/dev.sahkoherkat.fi\/?page_id=1919","og_locale":"fi_FI","og_type":"article","og_title":"Vinkkej\u00e4 - S\u00e4hk\u00f6herk\u00e4t ry","og_description":"This is my example excerpt text. T\u00e4m\u00e4 on sivun esittelyteksti, joka n\u00e4kyy galleriakortissa.","og_url":"https:\/\/dev.sahkoherkat.fi\/?page_id=1919","og_site_name":"S\u00e4hk\u00f6herk\u00e4t ry","article_modified_time":"2026-05-13T17:19:19+00:00","og_image":[{"width":2560,"height":1707,"url":"https:\/\/dev.sahkoherkat.fi\/wp-content\/uploads\/2026\/03\/bruno-nascimento-PHIgYUGQPvU-unsplash-scaled.jpg","type":"image\/jpeg"}],"twitter_card":"summary_large_image","twitter_misc":{"Arvioitu lukuaika":"3 minuuttia"},"schema":{"@context":"https:\/\/schema.org","@graph":[{"@type":"WebPage","@id":"https:\/\/dev.sahkoherkat.fi\/?page_id=1919","url":"https:\/\/dev.sahkoherkat.fi\/?page_id=1919","name":"Vinkkej\u00e4 - S\u00e4hk\u00f6herk\u00e4t ry","isPartOf":{"@id":"https:\/\/dev.sahkoherkat.fi\/#website"},"primaryImageOfPage":{"@id":"https:\/\/dev.sahkoherkat.fi\/?page_id=1919#primaryimage"},"image":{"@id":"https:\/\/dev.sahkoherkat.fi\/?page_id=1919#primaryimage"},"thumbnailUrl":"https:\/\/dev.sahkoherkat.fi\/wp-content\/uploads\/2026\/03\/bruno-nascimento-PHIgYUGQPvU-unsplash-scaled.jpg","datePublished":"2026-03-30T13:42:46+00:00","dateModified":"2026-05-13T17:19:19+00:00","breadcrumb":{"@id":"https:\/\/dev.sahkoherkat.fi\/?page_id=1919#breadcrumb"},"inLanguage":"fi","potentialAction":[{"@type":"ReadAction","target":["https:\/\/dev.sahkoherkat.fi\/?page_id=1919"]}]},{"@type":"ImageObject","inLanguage":"fi","@id":"https:\/\/dev.sahkoherkat.fi\/?page_id=1919#primaryimage","url":"https:\/\/dev.sahkoherkat.fi\/wp-content\/uploads\/2026\/03\/bruno-nascimento-PHIgYUGQPvU-unsplash-scaled.jpg","contentUrl":"https:\/\/dev.sahkoherkat.fi\/wp-content\/uploads\/2026\/03\/bruno-nascimento-PHIgYUGQPvU-unsplash-scaled.jpg","width":2560,"height":1707},{"@type":"BreadcrumbList","@id":"https:\/\/dev.sahkoherkat.fi\/?page_id=1919#breadcrumb","itemListElement":[{"@type":"ListItem","position":1,"name":"Etusivu","item":"https:\/\/dev.sahkoherkat.fi\/"},{"@type":"ListItem","position":2,"name":"Tukea","item":"https:\/\/dev.sahkoherkat.fi\/?page_id=1911"},{"@type":"ListItem","position":3,"name":"Vinkkej\u00e4"}]},{"@type":"WebSite","@id":"https:\/\/dev.sahkoherkat.fi\/#website","url":"https:\/\/dev.sahkoherkat.fi\/","name":"S\u00e4hk\u00f6herk\u00e4t ry","description":"S\u00e4hk\u00f6herk\u00e4t ry on suomalainen yhdistys, jonka p\u00e4\u00e4asiallisena teht\u00e4v\u00e4n\u00e4 on toimia s\u00e4hk\u00f6herkkien etuj\u00e4rjest\u00f6n\u00e4.  Yhdistys jakaa tietoa s\u00e4hk\u00f6herkkyyden tunnetuksi tekemisess\u00e4 sek\u00e4 vaikuttaa viranomaisiin ja p\u00e4\u00e4tt\u00e4jiin, jotta s\u00e4hk\u00f6herkkyys hyv\u00e4ksytt\u00e4isiin sairaudeksi ja henkil\u00f6t saisivat virallisen diagnoosin ja korvauksen ty\u00f6kyvyn menett\u00e4misest\u00e4.","potentialAction":[{"@type":"SearchAction","target":{"@type":"EntryPoint","urlTemplate":"https:\/\/dev.sahkoherkat.fi\/?s={search_term_string}"},"query-input":{"@type":"PropertyValueSpecification","valueRequired":true,"valueName":"search_term_string"}}],"inLanguage":"fi"}]}},"_links":{"self":[{"href":"https:\/\/dev.sahkoherkat.fi\/index.php?rest_route=\/wp\/v2\/pages\/1919","targetHints":{"allow":["GET"]}}],"collection":[{"href":"https:\/\/dev.sahkoherkat.fi\/index.php?rest_route=\/wp\/v2\/pages"}],"about":[{"href":"https:\/\/dev.sahkoherkat.fi\/index.php?rest_route=\/wp\/v2\/types\/page"}],"author":[{"embeddable":true,"href":"https:\/\/dev.sahkoherkat.fi\/index.php?rest_route=\/wp\/v2\/users\/1"}],"replies":[{"embeddable":true,"href":"https:\/\/dev.sahkoherkat.fi\/index.php?rest_route=%2Fwp%2Fv2%2Fcomments&post=1919"}],"version-history":[{"count":14,"href":"https:\/\/dev.sahkoherkat.fi\/index.php?rest_route=\/wp\/v2\/pages\/1919\/revisions"}],"predecessor-version":[{"id":2620,"href":"https:\/\/dev.sahkoherkat.fi\/index.php?rest_route=\/wp\/v2\/pages\/1919\/revisions\/2620"}],"up":[{"embeddable":true,"href":"https:\/\/dev.sahkoherkat.fi\/index.php?rest_route=\/wp\/v2\/pages\/1911"}],"wp:featuredmedia":[{"embeddable":true,"href":"https:\/\/dev.sahkoherkat.fi\/index.php?rest_route=\/wp\/v2\/media\/1813"}],"wp:attachment":[{"href":"https:\/\/dev.sahkoherkat.fi\/index.php?rest_route=%2Fwp%2Fv2%2Fmedia&parent=1919"}],"curies":[{"name":"wp","href":"https:\/\/api.w.org\/{rel}","templated":true}]}}