{"id":1798,"date":"2026-03-30T11:15:42","date_gmt":"2026-03-30T11:15:42","guid":{"rendered":"https:\/\/dev.sahkoherkat.fi\/?page_id=1798"},"modified":"2026-05-10T19:30:33","modified_gmt":"2026-05-10T19:30:33","slug":"sivupohja-ala-poista-perussivu-2-2","status":"publish","type":"page","link":"https:\/\/dev.sahkoherkat.fi\/?page_id=1798","title":{"rendered":"Kirjoja"},"content":{"rendered":"\t\t<div data-elementor-type=\"wp-page\" data-elementor-id=\"1798\" class=\"elementor elementor-1798\" data-elementor-post-type=\"page\">\n\t\t\t\t<div class=\"elementor-element elementor-element-2b56f0a e-flex e-con-boxed e-con e-parent\" data-id=\"2b56f0a\" data-element_type=\"container\" data-e-type=\"container\" data-settings=\"{&quot;background_background&quot;:&quot;classic&quot;}\">\n\t\t\t\t\t<div class=\"e-con-inner\">\n\t\t\t\t\t<\/div>\n\t\t\t\t<\/div>\n\t\t<div class=\"elementor-element elementor-element-d598fdf e-con-full e-flex e-con e-parent\" data-id=\"d598fdf\" data-element_type=\"container\" data-e-type=\"container\" data-settings=\"{&quot;background_background&quot;:&quot;classic&quot;}\">\n\t\t\t\t<div class=\"elementor-element elementor-element-8c0f7b5 elementor-widget elementor-widget-shortcode\" data-id=\"8c0f7b5\" data-element_type=\"widget\" data-e-type=\"widget\" data-widget_type=\"shortcode.default\">\n\t\t\t\t\t\t\t<div class=\"elementor-shortcode\"><span><span><a href=\"https:\/\/dev.sahkoherkat.fi\/\">Etusivu<\/a><\/span><\/span>\n<\/div>\n\t\t\t\t\t\t<\/div>\n\t\t\t\t<div class=\"elementor-element elementor-element-48b3855 elementor-widget elementor-widget-heading\" data-id=\"48b3855\" data-element_type=\"widget\" data-e-type=\"widget\" data-widget_type=\"heading.default\">\n\t\t\t\t\t<h1 class=\"elementor-heading-title elementor-size-default\">Kirjoja<\/h1>\t\t\t\t<\/div>\n\t\t\t\t<\/div>\n\t\t<div class=\"elementor-element elementor-element-dbf2f9c e-con-full e-flex e-con e-parent\" data-id=\"dbf2f9c\" data-element_type=\"container\" data-e-type=\"container\">\n\t\t<div class=\"elementor-element elementor-element-3c5be42 e-con-full e-flex e-con e-child\" data-id=\"3c5be42\" data-element_type=\"container\" data-e-type=\"container\">\n\t\t\t\t<div class=\"elementor-element elementor-element-102e383 elementor-widget elementor-widget-heading\" data-id=\"102e383\" data-element_type=\"widget\" data-e-type=\"widget\" data-widget_type=\"heading.default\">\n\t\t\t\t\t<p class=\"elementor-heading-title elementor-size-default\">S\u00e4hk\u00f6herkkyytt\u00e4 ja s\u00e4hk\u00f6magneettisten kenttien terveysvaikutuksia k\u00e4sittelev\u00e4\u00e4 suomenkielist\u00e4 kirjallisuutta on julkaistu verrattain v\u00e4h\u00e4n. T\u00e4lle sivulle on koottu valikoima Suomessa julkaistuja ja suomalaisten kirjoittajien teoksia, jotka k\u00e4sittelev\u00e4t s\u00e4hk\u00f6herkkyytt\u00e4 ja siihen liittyvi\u00e4 teemoja eri n\u00e4k\u00f6kulmista.<\/p>\t\t\t\t<\/div>\n\t\t\t\t<\/div>\n\t\t\t\t<\/div>\n\t\t<div class=\"elementor-element elementor-element-e90a518 e-con-full e-flex e-con e-parent\" data-id=\"e90a518\" data-element_type=\"container\" data-e-type=\"container\">\n\t\t<div class=\"elementor-element elementor-element-72eabde e-con-full e-flex e-con e-child\" data-id=\"72eabde\" data-element_type=\"container\" data-e-type=\"container\">\n\t\t\t\t<div class=\"elementor-element elementor-element-cd618db elementor-widget elementor-widget-heading\" data-id=\"cd618db\" data-element_type=\"widget\" data-e-type=\"widget\" id=\"Otsikko-1\" data-widget_type=\"heading.default\">\n\t\t\t\t\t<h2 class=\"elementor-heading-title elementor-size-default\">S\u00e4hk\u00f6herkkyys<\/h2>\t\t\t\t<\/div>\n\t\t\t\t<div class=\"elementor-element elementor-element-3918a85 elementor-widget elementor-widget-text-editor\" data-id=\"3918a85\" data-element_type=\"widget\" data-e-type=\"widget\" data-widget_type=\"text-editor.default\">\n\t\t\t\t\t\t\t\t\t<p><img decoding=\"async\" class=\"alignleft\" src=\"https:\/\/dev.sahkoherkat.fi\/wp-content\/uploads\/2026\/05\/SHS_kirja_kansi_web_2023-216x300.jpg\" alt=\"\" width=\"150\" height=\"209\" \/><\/p><p><span style=\"font-weight: bolder;\">S\u00e4hk\u00f6herkkyys \u2013 tietoa ja n\u00e4k\u00f6kulmia<\/span><\/p><p><span style=\"font-size: 1rem;\">Marjukka Hagstr\u00f6m &amp; Hannu Multim\u00e4ki. S\u00e4hk\u00f6herkkyyss\u00e4\u00e4ti\u00f6 sr, 2023.<\/span><\/p><p>Ajankohtainen suomenkielinen teos s\u00e4hk\u00f6herkkyydest\u00e4, sen ilmenemismuodoista ja aiheeseen liittyvist\u00e4 n\u00e4k\u00f6kulmista.<\/p>\t\t\t\t\t\t\t\t<\/div>\n\t\t\t\t<div class=\"elementor-element elementor-element-f74b3ab elementor-widget elementor-widget-text-editor\" data-id=\"f74b3ab\" data-element_type=\"widget\" data-e-type=\"widget\" data-widget_type=\"text-editor.default\">\n\t\t\t\t\t\t\t\t\t<p><img decoding=\"async\" class=\"wp-image-2438 alignleft\" src=\"https:\/\/dev.sahkoherkat.fi\/wp-content\/uploads\/2026\/05\/julkaisut_kymmenen-vastausta-sahkoherkkyydesta_kansi-208x300.png\" alt=\"\" width=\"150\" height=\"216\" srcset=\"https:\/\/dev.sahkoherkat.fi\/wp-content\/uploads\/2026\/05\/julkaisut_kymmenen-vastausta-sahkoherkkyydesta_kansi-208x300.png 208w, https:\/\/dev.sahkoherkat.fi\/wp-content\/uploads\/2026\/05\/julkaisut_kymmenen-vastausta-sahkoherkkyydesta_kansi.png 542w\" sizes=\"(max-width: 150px) 100vw, 150px\" \/><\/p><p><span style=\"font-size: 1rem;\"><span style=\"font-weight: bold;\">Kymmenen vastausta s\u00e4hk\u00f6herkkyydest\u00e4<\/span><\/span><\/p><p>Marjukka Hagstr\u00f6m, Markku Sainio, Rauno P\u00e4\u00e4kk\u00f6nen &amp; Reijo Ekman. Turun ammattikorkeakoulun raportteja 221, 2015.<\/p><p>Tiivis tietopaketti s\u00e4hk\u00f6herkkyydest\u00e4 ja siihen liittyvist\u00e4 kysymyksist\u00e4.<\/p>\t\t\t\t\t\t\t\t<\/div>\n\t\t\t\t<div class=\"elementor-element elementor-element-945bd04 elementor-widget elementor-widget-text-editor\" data-id=\"945bd04\" data-element_type=\"widget\" data-e-type=\"widget\" data-widget_type=\"text-editor.default\">\n\t\t\t\t\t\t\t\t\t<p><img decoding=\"async\" class=\"wp-image-2444 alignleft\" src=\"https:\/\/dev.sahkoherkat.fi\/wp-content\/uploads\/2026\/05\/sahkoherkan-selviytymisopas-212x300.jpg\" alt=\"\" width=\"150\" height=\"212\" srcset=\"https:\/\/dev.sahkoherkat.fi\/wp-content\/uploads\/2026\/05\/sahkoherkan-selviytymisopas-212x300.jpg 212w, https:\/\/dev.sahkoherkat.fi\/wp-content\/uploads\/2026\/05\/sahkoherkan-selviytymisopas.jpg 235w\" sizes=\"(max-width: 150px) 100vw, 150px\" \/><\/p><p><b>S\u00e4hk\u00f6herk\u00e4n selviytymisopas<\/b><\/p><p><span style=\"font-size: 1rem;\">Hannu Rytil\u00e4.\u00a0<\/span><span style=\"font-size: 1rem;\">Omakustanne, 2014.<\/span><\/p><p class=\"MsoNormal\">K\u00e4yt\u00e4nn\u00f6nl\u00e4heinen opas s\u00e4hk\u00f6herkkyyden kanssa el\u00e4miseen ja arjen ratkaisuihin.<\/p>\t\t\t\t\t\t\t\t<\/div>\n\t\t\t\t<div class=\"elementor-element elementor-element-6e04bca elementor-widget elementor-widget-text-editor\" data-id=\"6e04bca\" data-element_type=\"widget\" data-e-type=\"widget\" data-widget_type=\"text-editor.default\">\n\t\t\t\t\t\t\t\t\t<p><img loading=\"lazy\" decoding=\"async\" class=\"wp-image-2442 alignleft\" src=\"https:\/\/dev.sahkoherkat.fi\/wp-content\/uploads\/2026\/05\/kun-sateily-satuttaa-214x300.jpg\" alt=\"\" width=\"150\" height=\"211\" srcset=\"https:\/\/dev.sahkoherkat.fi\/wp-content\/uploads\/2026\/05\/kun-sateily-satuttaa-214x300.jpg 214w, https:\/\/dev.sahkoherkat.fi\/wp-content\/uploads\/2026\/05\/kun-sateily-satuttaa.jpg 235w\" sizes=\"(max-width: 150px) 100vw, 150px\" \/><\/p><p><b>Kun s\u00e4teily satuttaa \u2013 s\u00e4hk\u00f6herkkien selviytymistarinoita<\/b><\/p><p>Toim. Anelma J\u00e4rvenp\u00e4\u00e4-Summanen &amp; Hanna Nurminen. Edita, 2012.<\/p><p class=\"MsoNormal\">Kokemuskertomuksia s\u00e4hk\u00f6herkkyyden vaikutuksista arkeen, ihmissuhteisiin ja el\u00e4m\u00e4nhallintaan.<\/p>\t\t\t\t\t\t\t\t<\/div>\n\t\t\t\t<div class=\"elementor-element elementor-element-ca0ec18 elementor-widget elementor-widget-heading\" data-id=\"ca0ec18\" data-element_type=\"widget\" data-e-type=\"widget\" data-widget_type=\"heading.default\">\n\t\t\t\t\t<h2 class=\"elementor-heading-title elementor-size-default\">Teknologia ja terveys<\/h2>\t\t\t\t<\/div>\n\t\t\t\t<div class=\"elementor-element elementor-element-16d578a elementor-widget elementor-widget-text-editor\" data-id=\"16d578a\" data-element_type=\"widget\" data-e-type=\"widget\" data-widget_type=\"text-editor.default\">\n\t\t\t\t\t\t\t\t\t<p><img loading=\"lazy\" decoding=\"async\" class=\"wp-image-2440 alignleft\" src=\"https:\/\/dev.sahkoherkat.fi\/wp-content\/uploads\/2026\/05\/9789528035732_1-ihminen-ja-sateily-188x300.webp\" alt=\"\" width=\"150\" height=\"239\" srcset=\"https:\/\/dev.sahkoherkat.fi\/wp-content\/uploads\/2026\/05\/9789528035732_1-ihminen-ja-sateily-188x300.webp 188w, https:\/\/dev.sahkoherkat.fi\/wp-content\/uploads\/2026\/05\/9789528035732_1-ihminen-ja-sateily-643x1024.webp 643w, https:\/\/dev.sahkoherkat.fi\/wp-content\/uploads\/2026\/05\/9789528035732_1-ihminen-ja-sateily-768x1223.webp 768w, https:\/\/dev.sahkoherkat.fi\/wp-content\/uploads\/2026\/05\/9789528035732_1-ihminen-ja-sateily.webp 950w\" sizes=\"(max-width: 150px) 100vw, 150px\" \/><\/p><p><span style=\"font-size: 1rem;\"><b>Ihminen ja s\u00e4teily<\/b><\/span><\/p><p>Georgiy Ostroumov &amp; Eva Jansson. Book on Demand, 2020.<\/p><p>Kirja k\u00e4sittelee ionisoimatonta s\u00e4teily\u00e4 ja siihen liittyvi\u00e4 terveysn\u00e4k\u00f6kulmia.<\/p>\t\t\t\t\t\t\t\t<\/div>\n\t\t\t\t<div class=\"elementor-element elementor-element-19de489 elementor-widget elementor-widget-text-editor\" data-id=\"19de489\" data-element_type=\"widget\" data-e-type=\"widget\" data-widget_type=\"text-editor.default\">\n\t\t\t\t\t\t\t\t\t<p><img loading=\"lazy\" decoding=\"async\" class=\"alignleft\" src=\"https:\/\/dev.sahkoherkat.fi\/wp-content\/uploads\/2026\/05\/sahkoailmassa-kansi.jpg\" alt=\"\" width=\"150\" height=\"211\" \/><\/p><p><span style=\"font-size: 1rem;\"><b>S\u00e4hk\u00f6\u00e4 ilmassa<\/b><\/span><\/p><p>Erja Tamminen, P\u00e4ivi Rekula &amp; Matti Juusela. Erja Tamminen Ay, 2002\u00a0(uudet painokset 2003 ja 2015)<\/p><p>Tietokirja s\u00e4hk\u00f6magneettisista kentist\u00e4, niiden terveysvaikutuksista sek\u00e4 erilaisista suojautumiskeinoista.<\/p>\t\t\t\t\t\t\t\t<\/div>\n\t\t\t\t<div class=\"elementor-element elementor-element-980c630 elementor-widget elementor-widget-text-editor\" data-id=\"980c630\" data-element_type=\"widget\" data-e-type=\"widget\" data-widget_type=\"text-editor.default\">\n\t\t\t\t\t\t\t\t\t<p><img loading=\"lazy\" decoding=\"async\" class=\" wp-image-2439 alignleft\" src=\"https:\/\/dev.sahkoherkat.fi\/wp-content\/uploads\/2026\/05\/9789525459142_1-patkii-211x300.avif\" alt=\"\" width=\"150\" height=\"214\" srcset=\"https:\/\/dev.sahkoherkat.fi\/wp-content\/uploads\/2026\/05\/9789525459142_1-patkii-211x300.avif 211w, https:\/\/dev.sahkoherkat.fi\/wp-content\/uploads\/2026\/05\/9789525459142_1-patkii.avif 235w\" sizes=\"(max-width: 150px) 100vw, 150px\" \/><\/p><p><span style=\"font-size: 1rem;\"><b>P\u00e4tkii! Matkapuhelinten terveysvaikutukset, tutkimuksia ja torjuntaa<\/b><\/span><\/p><p>Devra Davis. Suom. Jussi Hirvi. Green Spot, 2011.<\/p><p>Kansainv\u00e4lisesti tunnetun tutkijan yleistajuinen teos matkapuhelinteknologian terveysvaikutuksista.<\/p>\t\t\t\t\t\t\t\t<\/div>\n\t\t\t\t<\/div>\n\t\t\t\t<\/div>\n\t\t\t\t<\/div>\n\t\t","protected":false},"excerpt":{"rendered":"<p>This is my example excerpt text. T\u00e4m\u00e4 on sivun esittelyteksti, joka n\u00e4kyy galleriakortissa. <\/p>\n","protected":false},"author":1,"featured_media":1830,"parent":1778,"menu_order":4,"comment_status":"closed","ping_status":"closed","template":"","meta":{"footnotes":""},"class_list":["post-1798","page","type-page","status-publish","has-post-thumbnail","hentry"],"yoast_head":"<!-- This site is optimized with the Yoast SEO plugin v27.2 - https:\/\/yoast.com\/product\/yoast-seo-wordpress\/ -->\n<title>Kirjoja - S\u00e4hk\u00f6herk\u00e4t ry<\/title>\n<meta name=\"robots\" content=\"index, follow, max-snippet:-1, max-image-preview:large, max-video-preview:-1\" \/>\n<link rel=\"canonical\" href=\"https:\/\/dev.sahkoherkat.fi\/?page_id=1798\" \/>\n<meta property=\"og:locale\" content=\"fi_FI\" \/>\n<meta property=\"og:type\" content=\"article\" \/>\n<meta property=\"og:title\" content=\"Kirjoja - S\u00e4hk\u00f6herk\u00e4t ry\" \/>\n<meta property=\"og:description\" content=\"This is my example excerpt text. T\u00e4m\u00e4 on sivun esittelyteksti, joka n\u00e4kyy galleriakortissa.\" \/>\n<meta property=\"og:url\" content=\"https:\/\/dev.sahkoherkat.fi\/?page_id=1798\" \/>\n<meta property=\"og:site_name\" content=\"S\u00e4hk\u00f6herk\u00e4t ry\" \/>\n<meta property=\"article:modified_time\" content=\"2026-05-10T19:30:33+00:00\" \/>\n<meta property=\"og:image\" content=\"https:\/\/dev.sahkoherkat.fi\/wp-content\/uploads\/2026\/03\/kimberly-farmer-lUaaKCUANVI-unsplash-scaled.jpg\" \/>\n\t<meta property=\"og:image:width\" content=\"2560\" \/>\n\t<meta property=\"og:image:height\" content=\"1702\" \/>\n\t<meta property=\"og:image:type\" content=\"image\/jpeg\" \/>\n<meta name=\"twitter:card\" content=\"summary_large_image\" \/>\n<meta name=\"twitter:label1\" content=\"Arvioitu lukuaika\" \/>\n\t<meta name=\"twitter:data1\" content=\"3 minuuttia\" \/>\n<script type=\"application\/ld+json\" class=\"yoast-schema-graph\">{\"@context\":\"https:\/\/schema.org\",\"@graph\":[{\"@type\":\"WebPage\",\"@id\":\"https:\/\/dev.sahkoherkat.fi\/?page_id=1798\",\"url\":\"https:\/\/dev.sahkoherkat.fi\/?page_id=1798\",\"name\":\"Kirjoja - S\u00e4hk\u00f6herk\u00e4t ry\",\"isPartOf\":{\"@id\":\"https:\/\/dev.sahkoherkat.fi\/#website\"},\"primaryImageOfPage\":{\"@id\":\"https:\/\/dev.sahkoherkat.fi\/?page_id=1798#primaryimage\"},\"image\":{\"@id\":\"https:\/\/dev.sahkoherkat.fi\/?page_id=1798#primaryimage\"},\"thumbnailUrl\":\"https:\/\/dev.sahkoherkat.fi\/wp-content\/uploads\/2026\/03\/kimberly-farmer-lUaaKCUANVI-unsplash-scaled.jpg\",\"datePublished\":\"2026-03-30T11:15:42+00:00\",\"dateModified\":\"2026-05-10T19:30:33+00:00\",\"breadcrumb\":{\"@id\":\"https:\/\/dev.sahkoherkat.fi\/?page_id=1798#breadcrumb\"},\"inLanguage\":\"fi\",\"potentialAction\":[{\"@type\":\"ReadAction\",\"target\":[\"https:\/\/dev.sahkoherkat.fi\/?page_id=1798\"]}]},{\"@type\":\"ImageObject\",\"inLanguage\":\"fi\",\"@id\":\"https:\/\/dev.sahkoherkat.fi\/?page_id=1798#primaryimage\",\"url\":\"https:\/\/dev.sahkoherkat.fi\/wp-content\/uploads\/2026\/03\/kimberly-farmer-lUaaKCUANVI-unsplash-scaled.jpg\",\"contentUrl\":\"https:\/\/dev.sahkoherkat.fi\/wp-content\/uploads\/2026\/03\/kimberly-farmer-lUaaKCUANVI-unsplash-scaled.jpg\",\"width\":2560,\"height\":1702},{\"@type\":\"BreadcrumbList\",\"@id\":\"https:\/\/dev.sahkoherkat.fi\/?page_id=1798#breadcrumb\",\"itemListElement\":[{\"@type\":\"ListItem\",\"position\":1,\"name\":\"Etusivu\",\"item\":\"https:\/\/dev.sahkoherkat.fi\/\"},{\"@type\":\"ListItem\",\"position\":2,\"name\":\"Tietopankki\",\"item\":\"https:\/\/dev.sahkoherkat.fi\/?page_id=1778\"},{\"@type\":\"ListItem\",\"position\":3,\"name\":\"Kirjoja\"}]},{\"@type\":\"WebSite\",\"@id\":\"https:\/\/dev.sahkoherkat.fi\/#website\",\"url\":\"https:\/\/dev.sahkoherkat.fi\/\",\"name\":\"S\u00e4hk\u00f6herk\u00e4t ry\",\"description\":\"S\u00e4hk\u00f6herk\u00e4t ry on suomalainen yhdistys, jonka p\u00e4\u00e4asiallisena teht\u00e4v\u00e4n\u00e4 on toimia s\u00e4hk\u00f6herkkien etuj\u00e4rjest\u00f6n\u00e4.  Yhdistys jakaa tietoa s\u00e4hk\u00f6herkkyyden tunnetuksi tekemisess\u00e4 sek\u00e4 vaikuttaa viranomaisiin ja p\u00e4\u00e4tt\u00e4jiin, jotta s\u00e4hk\u00f6herkkyys hyv\u00e4ksytt\u00e4isiin sairaudeksi ja henkil\u00f6t saisivat virallisen diagnoosin ja korvauksen ty\u00f6kyvyn menett\u00e4misest\u00e4.\",\"potentialAction\":[{\"@type\":\"SearchAction\",\"target\":{\"@type\":\"EntryPoint\",\"urlTemplate\":\"https:\/\/dev.sahkoherkat.fi\/?s={search_term_string}\"},\"query-input\":{\"@type\":\"PropertyValueSpecification\",\"valueRequired\":true,\"valueName\":\"search_term_string\"}}],\"inLanguage\":\"fi\"}]}<\/script>\n<!-- \/ Yoast SEO plugin. -->","yoast_head_json":{"title":"Kirjoja - S\u00e4hk\u00f6herk\u00e4t ry","robots":{"index":"index","follow":"follow","max-snippet":"max-snippet:-1","max-image-preview":"max-image-preview:large","max-video-preview":"max-video-preview:-1"},"canonical":"https:\/\/dev.sahkoherkat.fi\/?page_id=1798","og_locale":"fi_FI","og_type":"article","og_title":"Kirjoja - S\u00e4hk\u00f6herk\u00e4t ry","og_description":"This is my example excerpt text. T\u00e4m\u00e4 on sivun esittelyteksti, joka n\u00e4kyy galleriakortissa.","og_url":"https:\/\/dev.sahkoherkat.fi\/?page_id=1798","og_site_name":"S\u00e4hk\u00f6herk\u00e4t ry","article_modified_time":"2026-05-10T19:30:33+00:00","og_image":[{"width":2560,"height":1702,"url":"https:\/\/dev.sahkoherkat.fi\/wp-content\/uploads\/2026\/03\/kimberly-farmer-lUaaKCUANVI-unsplash-scaled.jpg","type":"image\/jpeg"}],"twitter_card":"summary_large_image","twitter_misc":{"Arvioitu lukuaika":"3 minuuttia"},"schema":{"@context":"https:\/\/schema.org","@graph":[{"@type":"WebPage","@id":"https:\/\/dev.sahkoherkat.fi\/?page_id=1798","url":"https:\/\/dev.sahkoherkat.fi\/?page_id=1798","name":"Kirjoja - S\u00e4hk\u00f6herk\u00e4t ry","isPartOf":{"@id":"https:\/\/dev.sahkoherkat.fi\/#website"},"primaryImageOfPage":{"@id":"https:\/\/dev.sahkoherkat.fi\/?page_id=1798#primaryimage"},"image":{"@id":"https:\/\/dev.sahkoherkat.fi\/?page_id=1798#primaryimage"},"thumbnailUrl":"https:\/\/dev.sahkoherkat.fi\/wp-content\/uploads\/2026\/03\/kimberly-farmer-lUaaKCUANVI-unsplash-scaled.jpg","datePublished":"2026-03-30T11:15:42+00:00","dateModified":"2026-05-10T19:30:33+00:00","breadcrumb":{"@id":"https:\/\/dev.sahkoherkat.fi\/?page_id=1798#breadcrumb"},"inLanguage":"fi","potentialAction":[{"@type":"ReadAction","target":["https:\/\/dev.sahkoherkat.fi\/?page_id=1798"]}]},{"@type":"ImageObject","inLanguage":"fi","@id":"https:\/\/dev.sahkoherkat.fi\/?page_id=1798#primaryimage","url":"https:\/\/dev.sahkoherkat.fi\/wp-content\/uploads\/2026\/03\/kimberly-farmer-lUaaKCUANVI-unsplash-scaled.jpg","contentUrl":"https:\/\/dev.sahkoherkat.fi\/wp-content\/uploads\/2026\/03\/kimberly-farmer-lUaaKCUANVI-unsplash-scaled.jpg","width":2560,"height":1702},{"@type":"BreadcrumbList","@id":"https:\/\/dev.sahkoherkat.fi\/?page_id=1798#breadcrumb","itemListElement":[{"@type":"ListItem","position":1,"name":"Etusivu","item":"https:\/\/dev.sahkoherkat.fi\/"},{"@type":"ListItem","position":2,"name":"Tietopankki","item":"https:\/\/dev.sahkoherkat.fi\/?page_id=1778"},{"@type":"ListItem","position":3,"name":"Kirjoja"}]},{"@type":"WebSite","@id":"https:\/\/dev.sahkoherkat.fi\/#website","url":"https:\/\/dev.sahkoherkat.fi\/","name":"S\u00e4hk\u00f6herk\u00e4t ry","description":"S\u00e4hk\u00f6herk\u00e4t ry on suomalainen yhdistys, jonka p\u00e4\u00e4asiallisena teht\u00e4v\u00e4n\u00e4 on toimia s\u00e4hk\u00f6herkkien etuj\u00e4rjest\u00f6n\u00e4.  Yhdistys jakaa tietoa s\u00e4hk\u00f6herkkyyden tunnetuksi tekemisess\u00e4 sek\u00e4 vaikuttaa viranomaisiin ja p\u00e4\u00e4tt\u00e4jiin, jotta s\u00e4hk\u00f6herkkyys hyv\u00e4ksytt\u00e4isiin sairaudeksi ja henkil\u00f6t saisivat virallisen diagnoosin ja korvauksen ty\u00f6kyvyn menett\u00e4misest\u00e4.","potentialAction":[{"@type":"SearchAction","target":{"@type":"EntryPoint","urlTemplate":"https:\/\/dev.sahkoherkat.fi\/?s={search_term_string}"},"query-input":{"@type":"PropertyValueSpecification","valueRequired":true,"valueName":"search_term_string"}}],"inLanguage":"fi"}]}},"_links":{"self":[{"href":"https:\/\/dev.sahkoherkat.fi\/index.php?rest_route=\/wp\/v2\/pages\/1798","targetHints":{"allow":["GET"]}}],"collection":[{"href":"https:\/\/dev.sahkoherkat.fi\/index.php?rest_route=\/wp\/v2\/pages"}],"about":[{"href":"https:\/\/dev.sahkoherkat.fi\/index.php?rest_route=\/wp\/v2\/types\/page"}],"author":[{"embeddable":true,"href":"https:\/\/dev.sahkoherkat.fi\/index.php?rest_route=\/wp\/v2\/users\/1"}],"replies":[{"embeddable":true,"href":"https:\/\/dev.sahkoherkat.fi\/index.php?rest_route=%2Fwp%2Fv2%2Fcomments&post=1798"}],"version-history":[{"count":22,"href":"https:\/\/dev.sahkoherkat.fi\/index.php?rest_route=\/wp\/v2\/pages\/1798\/revisions"}],"predecessor-version":[{"id":2459,"href":"https:\/\/dev.sahkoherkat.fi\/index.php?rest_route=\/wp\/v2\/pages\/1798\/revisions\/2459"}],"up":[{"embeddable":true,"href":"https:\/\/dev.sahkoherkat.fi\/index.php?rest_route=\/wp\/v2\/pages\/1778"}],"wp:featuredmedia":[{"embeddable":true,"href":"https:\/\/dev.sahkoherkat.fi\/index.php?rest_route=\/wp\/v2\/media\/1830"}],"wp:attachment":[{"href":"https:\/\/dev.sahkoherkat.fi\/index.php?rest_route=%2Fwp%2Fv2%2Fmedia&parent=1798"}],"curies":[{"name":"wp","href":"https:\/\/api.w.org\/{rel}","templated":true}]}}