{"id":1797,"date":"2026-03-30T11:00:01","date_gmt":"2026-03-30T11:00:01","guid":{"rendered":"https:\/\/dev.sahkoherkat.fi\/?page_id=1797"},"modified":"2026-05-13T16:56:30","modified_gmt":"2026-05-13T16:56:30","slug":"sivupohja-ala-poista-perussivu-2","status":"publish","type":"page","link":"https:\/\/dev.sahkoherkat.fi\/?page_id=1797","title":{"rendered":"Ohjeita terveydenhuoltoon"},"content":{"rendered":"\t\t<div data-elementor-type=\"wp-page\" data-elementor-id=\"1797\" class=\"elementor elementor-1797\" data-elementor-post-type=\"page\">\n\t\t\t\t<div class=\"elementor-element elementor-element-2b56f0a e-flex e-con-boxed e-con e-parent\" data-id=\"2b56f0a\" data-element_type=\"container\" data-e-type=\"container\" data-settings=\"{&quot;background_background&quot;:&quot;classic&quot;}\">\n\t\t\t\t\t<div class=\"e-con-inner\">\n\t\t\t\t\t<\/div>\n\t\t\t\t<\/div>\n\t\t<div class=\"elementor-element elementor-element-d598fdf e-con-full e-flex e-con e-parent\" data-id=\"d598fdf\" data-element_type=\"container\" data-e-type=\"container\" data-settings=\"{&quot;background_background&quot;:&quot;classic&quot;}\">\n\t\t\t\t<div class=\"elementor-element elementor-element-8c0f7b5 elementor-widget elementor-widget-shortcode\" data-id=\"8c0f7b5\" data-element_type=\"widget\" data-e-type=\"widget\" data-widget_type=\"shortcode.default\">\n\t\t\t\t\t\t\t<div class=\"elementor-shortcode\"><span><span><a href=\"https:\/\/dev.sahkoherkat.fi\/\">Etusivu<\/a><\/span><\/span>\n<\/div>\n\t\t\t\t\t\t<\/div>\n\t\t\t\t<div class=\"elementor-element elementor-element-48b3855 elementor-widget elementor-widget-heading\" data-id=\"48b3855\" data-element_type=\"widget\" data-e-type=\"widget\" data-widget_type=\"heading.default\">\n\t\t\t\t\t<h1 class=\"elementor-heading-title elementor-size-default\">Ohjeita terveydenhuoltoon<\/h1>\t\t\t\t<\/div>\n\t\t\t\t<\/div>\n\t\t<div class=\"elementor-element elementor-element-dbf2f9c e-con-full e-flex e-con e-parent\" data-id=\"dbf2f9c\" data-element_type=\"container\" data-e-type=\"container\">\n\t\t<div class=\"elementor-element elementor-element-3c5be42 e-con-full e-flex e-con e-child\" data-id=\"3c5be42\" data-element_type=\"container\" data-e-type=\"container\">\n\t\t\t\t<div class=\"elementor-element elementor-element-102e383 elementor-widget elementor-widget-heading\" data-id=\"102e383\" data-element_type=\"widget\" data-e-type=\"widget\" data-widget_type=\"heading.default\">\n\t\t\t\t\t<p class=\"elementor-heading-title elementor-size-default\">Tietoa s\u00e4hk\u00f6herkkyydest\u00e4 terveydenhuollon ammattilaisille.<\/p>\t\t\t\t<\/div>\n\t\t\t\t<div class=\"elementor-element elementor-element-2ec3621 elementor-widget elementor-widget-heading\" data-id=\"2ec3621\" data-element_type=\"widget\" data-e-type=\"widget\" data-widget_type=\"heading.default\">\n\t\t\t\t\t<p class=\"elementor-heading-title elementor-size-default\">S\u00e4hk\u00f6herkk\u00e4 voi hyvin, kun ymp\u00e4rist\u00f6ss\u00e4 on mahdollisimman v\u00e4h\u00e4n tiettyj\u00e4 s\u00e4hk\u00f6laitteita. Jos laitteita on paljon ja niit\u00e4 k\u00e4ytet\u00e4\u00e4n aktiivisesti, potilaan kunto voi heiket\u00e4 nopeasti \u2013 siksi tarvitsemme apuasi.\n<\/p>\t\t\t\t<\/div>\n\t\t\t\t<\/div>\n\t\t\t\t<\/div>\n\t\t<div class=\"elementor-element elementor-element-e90a518 e-con-full e-flex e-con e-parent\" data-id=\"e90a518\" data-element_type=\"container\" data-e-type=\"container\">\n\t\t<div class=\"elementor-element elementor-element-72eabde e-con-full e-flex e-con e-child\" data-id=\"72eabde\" data-element_type=\"container\" data-e-type=\"container\">\n\t\t\t\t<div class=\"elementor-element elementor-element-d7882cb elementor-widget elementor-widget-text-editor\" data-id=\"d7882cb\" data-element_type=\"widget\" data-e-type=\"widget\" data-widget_type=\"text-editor.default\">\n\t\t\t\t\t\t\t\t\t<p data-start=\"268\" data-end=\"447\"><span style=\"font-size: 1rem;\">Useimmat s\u00e4hk\u00f6herk\u00e4t reagoivat langattomiin verkkoyhteyksiin, joita k\u00e4ytet\u00e4\u00e4n \u00e4lypuhelimissa, tableteissa ja tietokoneissa. My\u00f6s l\u00e4hell\u00e4 olevat magneettikentti\u00e4 synnytt\u00e4v\u00e4t laitteet, kuten virtal\u00e4hteet ja muuntajat, voivat aiheuttaa oireita.<\/span><\/p><p data-start=\"694\" data-end=\"784\">Tavallisia oireita, jotka voivat ilmaantua muutaman minuutin tai tunnin viiveell\u00e4, ovat:<\/p><ul data-start=\"785\" data-end=\"955\"><li data-section-id=\"1155a2d\" data-start=\"785\" data-end=\"823\">Ihon polttelu, pistely ja kuumotus<\/li><li data-section-id=\"fu0yk\" data-start=\"824\" data-end=\"848\">Lihas- ja nivelkivut<\/li><li data-section-id=\"akci50\" data-start=\"849\" data-end=\"873\">Huimaus ja p\u00e4\u00e4ns\u00e4rky<\/li><li data-section-id=\"myg0er\" data-start=\"874\" data-end=\"926\">Pahoinvointi, keskittymisvaikeudet ja unettomuus<\/li><li data-section-id=\"1m5rvis\" data-start=\"927\" data-end=\"955\">Muunlaiset stressioireet<\/li><\/ul><p data-start=\"957\" data-end=\"1110\"><br \/>On my\u00f6s tavallista, ett\u00e4 s\u00e4hk\u00f6herkk\u00e4 reagoi sis\u00e4ilman kemikaaleihin tai muihin ep\u00e4puhtauksiin. Joillakin esiintyy my\u00f6s haju-, \u00e4\u00e4ni- tai valoherkkyytt\u00e4.<\/p><p data-start=\"1112\" data-end=\"1243\">S\u00e4hk\u00f6herkkyyteen ei ole olemassa spesifi\u00e4 l\u00e4\u00e4ketieteellist\u00e4 hoitoa. Altisteiden v\u00e4ltt\u00e4minen sek\u00e4 terveelliset el\u00e4m\u00e4ntavat edist\u00e4v\u00e4t kuitenkin usein potilaan vointia.<\/p><p data-start=\"1245\" data-end=\"1307\"><strong data-start=\"1245\" data-end=\"1305\">N\u00e4in voit helpottaa s\u00e4hk\u00f6herk\u00e4n potilaan oloa ja edist\u00e4\u00e4 toipumista:<\/strong><\/p><ul data-start=\"1308\" data-end=\"1562\"><li data-section-id=\"kssv8p\" data-start=\"1308\" data-end=\"1369\">Sammuta potilaan l\u00e4helt\u00e4 langattomasti viestiv\u00e4t laitteet<\/li><li data-section-id=\"1cgoqzi\" data-start=\"1370\" data-end=\"1498\">Sijoita potilas mielell\u00e4\u00e4n huoneeseen, jossa on mahdollisimman v\u00e4h\u00e4n tekniikkaa ja joka sijaitsee kaukana WiFi-reitittimist\u00e4<\/li><li data-section-id=\"9ewcmo\" data-start=\"1499\" data-end=\"1562\">Pyri tekem\u00e4\u00e4n k\u00e4ynnist\u00e4 mahdollisimman lyhyt ja altisteeton<\/li><\/ul><p data-start=\"1564\" data-end=\"1710\"><br \/>S\u00e4hk\u00f6herk\u00e4t ry antaa mielell\u00e4\u00e4n lis\u00e4tietoa aiheesta. Tutustu my\u00f6s verkkosivuihimme osoitteessa <a class=\"decorated-link\" href=\"https:\/\/www.sahkoherkat.fi\" target=\"_new\" rel=\"noopener\" data-start=\"1659\" data-end=\"1707\">www.sahkoherkat.fi<\/a>.<\/p><p data-start=\"1712\" data-end=\"1768\"><strong data-start=\"1712\" data-end=\"1766\">Kiitos avustasi ja my\u00f6nteisest\u00e4 suhtautumisestasi!<\/strong><\/p>\t\t\t\t\t\t\t\t<\/div>\n\t\t\t\t<\/div>\n\t\t\t\t<\/div>\n\t\t\t\t<\/div>\n\t\t","protected":false},"excerpt":{"rendered":"<p>This is my example excerpt text. T\u00e4m\u00e4 on sivun esittelyteksti, joka n\u00e4kyy galleriakortissa. <\/p>\n","protected":false},"author":1,"featured_media":1886,"parent":1778,"menu_order":2,"comment_status":"closed","ping_status":"closed","template":"","meta":{"footnotes":""},"class_list":["post-1797","page","type-page","status-publish","has-post-thumbnail","hentry"],"yoast_head":"<!-- This site is optimized with the Yoast SEO plugin v27.2 - https:\/\/yoast.com\/product\/yoast-seo-wordpress\/ -->\n<title>Ohjeita terveydenhuoltoon - S\u00e4hk\u00f6herk\u00e4t ry<\/title>\n<meta name=\"robots\" content=\"index, follow, max-snippet:-1, max-image-preview:large, max-video-preview:-1\" \/>\n<link rel=\"canonical\" href=\"https:\/\/dev.sahkoherkat.fi\/?page_id=1797\" \/>\n<meta property=\"og:locale\" content=\"fi_FI\" \/>\n<meta property=\"og:type\" content=\"article\" \/>\n<meta property=\"og:title\" content=\"Ohjeita terveydenhuoltoon - S\u00e4hk\u00f6herk\u00e4t ry\" \/>\n<meta property=\"og:description\" content=\"This is my example excerpt text. T\u00e4m\u00e4 on sivun esittelyteksti, joka n\u00e4kyy galleriakortissa.\" \/>\n<meta property=\"og:url\" content=\"https:\/\/dev.sahkoherkat.fi\/?page_id=1797\" \/>\n<meta property=\"og:site_name\" content=\"S\u00e4hk\u00f6herk\u00e4t ry\" \/>\n<meta property=\"article:modified_time\" content=\"2026-05-13T16:56:30+00:00\" \/>\n<meta property=\"og:image\" content=\"https:\/\/dev.sahkoherkat.fi\/wp-content\/uploads\/2026\/03\/hush-naidoo-jade-photography-yo01Z-9HQAw-unsplash-scaled.jpg\" \/>\n\t<meta property=\"og:image:width\" content=\"2560\" \/>\n\t<meta property=\"og:image:height\" content=\"1707\" \/>\n\t<meta property=\"og:image:type\" content=\"image\/jpeg\" \/>\n<meta name=\"twitter:card\" content=\"summary_large_image\" \/>\n<meta name=\"twitter:label1\" content=\"Arvioitu lukuaika\" \/>\n\t<meta name=\"twitter:data1\" content=\"2 minuuttia\" \/>\n<script type=\"application\/ld+json\" class=\"yoast-schema-graph\">{\"@context\":\"https:\/\/schema.org\",\"@graph\":[{\"@type\":\"WebPage\",\"@id\":\"https:\/\/dev.sahkoherkat.fi\/?page_id=1797\",\"url\":\"https:\/\/dev.sahkoherkat.fi\/?page_id=1797\",\"name\":\"Ohjeita terveydenhuoltoon - S\u00e4hk\u00f6herk\u00e4t ry\",\"isPartOf\":{\"@id\":\"https:\/\/dev.sahkoherkat.fi\/#website\"},\"primaryImageOfPage\":{\"@id\":\"https:\/\/dev.sahkoherkat.fi\/?page_id=1797#primaryimage\"},\"image\":{\"@id\":\"https:\/\/dev.sahkoherkat.fi\/?page_id=1797#primaryimage\"},\"thumbnailUrl\":\"https:\/\/dev.sahkoherkat.fi\/wp-content\/uploads\/2026\/03\/hush-naidoo-jade-photography-yo01Z-9HQAw-unsplash-scaled.jpg\",\"datePublished\":\"2026-03-30T11:00:01+00:00\",\"dateModified\":\"2026-05-13T16:56:30+00:00\",\"breadcrumb\":{\"@id\":\"https:\/\/dev.sahkoherkat.fi\/?page_id=1797#breadcrumb\"},\"inLanguage\":\"fi\",\"potentialAction\":[{\"@type\":\"ReadAction\",\"target\":[\"https:\/\/dev.sahkoherkat.fi\/?page_id=1797\"]}]},{\"@type\":\"ImageObject\",\"inLanguage\":\"fi\",\"@id\":\"https:\/\/dev.sahkoherkat.fi\/?page_id=1797#primaryimage\",\"url\":\"https:\/\/dev.sahkoherkat.fi\/wp-content\/uploads\/2026\/03\/hush-naidoo-jade-photography-yo01Z-9HQAw-unsplash-scaled.jpg\",\"contentUrl\":\"https:\/\/dev.sahkoherkat.fi\/wp-content\/uploads\/2026\/03\/hush-naidoo-jade-photography-yo01Z-9HQAw-unsplash-scaled.jpg\",\"width\":2560,\"height\":1707},{\"@type\":\"BreadcrumbList\",\"@id\":\"https:\/\/dev.sahkoherkat.fi\/?page_id=1797#breadcrumb\",\"itemListElement\":[{\"@type\":\"ListItem\",\"position\":1,\"name\":\"Etusivu\",\"item\":\"https:\/\/dev.sahkoherkat.fi\/\"},{\"@type\":\"ListItem\",\"position\":2,\"name\":\"Tietopankki\",\"item\":\"https:\/\/dev.sahkoherkat.fi\/?page_id=1778\"},{\"@type\":\"ListItem\",\"position\":3,\"name\":\"Ohjeita terveydenhuoltoon\"}]},{\"@type\":\"WebSite\",\"@id\":\"https:\/\/dev.sahkoherkat.fi\/#website\",\"url\":\"https:\/\/dev.sahkoherkat.fi\/\",\"name\":\"S\u00e4hk\u00f6herk\u00e4t ry\",\"description\":\"S\u00e4hk\u00f6herk\u00e4t ry on suomalainen yhdistys, jonka p\u00e4\u00e4asiallisena teht\u00e4v\u00e4n\u00e4 on toimia s\u00e4hk\u00f6herkkien etuj\u00e4rjest\u00f6n\u00e4.  Yhdistys jakaa tietoa s\u00e4hk\u00f6herkkyyden tunnetuksi tekemisess\u00e4 sek\u00e4 vaikuttaa viranomaisiin ja p\u00e4\u00e4tt\u00e4jiin, jotta s\u00e4hk\u00f6herkkyys hyv\u00e4ksytt\u00e4isiin sairaudeksi ja henkil\u00f6t saisivat virallisen diagnoosin ja korvauksen ty\u00f6kyvyn menett\u00e4misest\u00e4.\",\"potentialAction\":[{\"@type\":\"SearchAction\",\"target\":{\"@type\":\"EntryPoint\",\"urlTemplate\":\"https:\/\/dev.sahkoherkat.fi\/?s={search_term_string}\"},\"query-input\":{\"@type\":\"PropertyValueSpecification\",\"valueRequired\":true,\"valueName\":\"search_term_string\"}}],\"inLanguage\":\"fi\"}]}<\/script>\n<!-- \/ Yoast SEO plugin. -->","yoast_head_json":{"title":"Ohjeita terveydenhuoltoon - S\u00e4hk\u00f6herk\u00e4t ry","robots":{"index":"index","follow":"follow","max-snippet":"max-snippet:-1","max-image-preview":"max-image-preview:large","max-video-preview":"max-video-preview:-1"},"canonical":"https:\/\/dev.sahkoherkat.fi\/?page_id=1797","og_locale":"fi_FI","og_type":"article","og_title":"Ohjeita terveydenhuoltoon - S\u00e4hk\u00f6herk\u00e4t ry","og_description":"This is my example excerpt text. T\u00e4m\u00e4 on sivun esittelyteksti, joka n\u00e4kyy galleriakortissa.","og_url":"https:\/\/dev.sahkoherkat.fi\/?page_id=1797","og_site_name":"S\u00e4hk\u00f6herk\u00e4t ry","article_modified_time":"2026-05-13T16:56:30+00:00","og_image":[{"width":2560,"height":1707,"url":"https:\/\/dev.sahkoherkat.fi\/wp-content\/uploads\/2026\/03\/hush-naidoo-jade-photography-yo01Z-9HQAw-unsplash-scaled.jpg","type":"image\/jpeg"}],"twitter_card":"summary_large_image","twitter_misc":{"Arvioitu lukuaika":"2 minuuttia"},"schema":{"@context":"https:\/\/schema.org","@graph":[{"@type":"WebPage","@id":"https:\/\/dev.sahkoherkat.fi\/?page_id=1797","url":"https:\/\/dev.sahkoherkat.fi\/?page_id=1797","name":"Ohjeita terveydenhuoltoon - S\u00e4hk\u00f6herk\u00e4t ry","isPartOf":{"@id":"https:\/\/dev.sahkoherkat.fi\/#website"},"primaryImageOfPage":{"@id":"https:\/\/dev.sahkoherkat.fi\/?page_id=1797#primaryimage"},"image":{"@id":"https:\/\/dev.sahkoherkat.fi\/?page_id=1797#primaryimage"},"thumbnailUrl":"https:\/\/dev.sahkoherkat.fi\/wp-content\/uploads\/2026\/03\/hush-naidoo-jade-photography-yo01Z-9HQAw-unsplash-scaled.jpg","datePublished":"2026-03-30T11:00:01+00:00","dateModified":"2026-05-13T16:56:30+00:00","breadcrumb":{"@id":"https:\/\/dev.sahkoherkat.fi\/?page_id=1797#breadcrumb"},"inLanguage":"fi","potentialAction":[{"@type":"ReadAction","target":["https:\/\/dev.sahkoherkat.fi\/?page_id=1797"]}]},{"@type":"ImageObject","inLanguage":"fi","@id":"https:\/\/dev.sahkoherkat.fi\/?page_id=1797#primaryimage","url":"https:\/\/dev.sahkoherkat.fi\/wp-content\/uploads\/2026\/03\/hush-naidoo-jade-photography-yo01Z-9HQAw-unsplash-scaled.jpg","contentUrl":"https:\/\/dev.sahkoherkat.fi\/wp-content\/uploads\/2026\/03\/hush-naidoo-jade-photography-yo01Z-9HQAw-unsplash-scaled.jpg","width":2560,"height":1707},{"@type":"BreadcrumbList","@id":"https:\/\/dev.sahkoherkat.fi\/?page_id=1797#breadcrumb","itemListElement":[{"@type":"ListItem","position":1,"name":"Etusivu","item":"https:\/\/dev.sahkoherkat.fi\/"},{"@type":"ListItem","position":2,"name":"Tietopankki","item":"https:\/\/dev.sahkoherkat.fi\/?page_id=1778"},{"@type":"ListItem","position":3,"name":"Ohjeita terveydenhuoltoon"}]},{"@type":"WebSite","@id":"https:\/\/dev.sahkoherkat.fi\/#website","url":"https:\/\/dev.sahkoherkat.fi\/","name":"S\u00e4hk\u00f6herk\u00e4t ry","description":"S\u00e4hk\u00f6herk\u00e4t ry on suomalainen yhdistys, jonka p\u00e4\u00e4asiallisena teht\u00e4v\u00e4n\u00e4 on toimia s\u00e4hk\u00f6herkkien etuj\u00e4rjest\u00f6n\u00e4.  Yhdistys jakaa tietoa s\u00e4hk\u00f6herkkyyden tunnetuksi tekemisess\u00e4 sek\u00e4 vaikuttaa viranomaisiin ja p\u00e4\u00e4tt\u00e4jiin, jotta s\u00e4hk\u00f6herkkyys hyv\u00e4ksytt\u00e4isiin sairaudeksi ja henkil\u00f6t saisivat virallisen diagnoosin ja korvauksen ty\u00f6kyvyn menett\u00e4misest\u00e4.","potentialAction":[{"@type":"SearchAction","target":{"@type":"EntryPoint","urlTemplate":"https:\/\/dev.sahkoherkat.fi\/?s={search_term_string}"},"query-input":{"@type":"PropertyValueSpecification","valueRequired":true,"valueName":"search_term_string"}}],"inLanguage":"fi"}]}},"_links":{"self":[{"href":"https:\/\/dev.sahkoherkat.fi\/index.php?rest_route=\/wp\/v2\/pages\/1797","targetHints":{"allow":["GET"]}}],"collection":[{"href":"https:\/\/dev.sahkoherkat.fi\/index.php?rest_route=\/wp\/v2\/pages"}],"about":[{"href":"https:\/\/dev.sahkoherkat.fi\/index.php?rest_route=\/wp\/v2\/types\/page"}],"author":[{"embeddable":true,"href":"https:\/\/dev.sahkoherkat.fi\/index.php?rest_route=\/wp\/v2\/users\/1"}],"replies":[{"embeddable":true,"href":"https:\/\/dev.sahkoherkat.fi\/index.php?rest_route=%2Fwp%2Fv2%2Fcomments&post=1797"}],"version-history":[{"count":28,"href":"https:\/\/dev.sahkoherkat.fi\/index.php?rest_route=\/wp\/v2\/pages\/1797\/revisions"}],"predecessor-version":[{"id":2610,"href":"https:\/\/dev.sahkoherkat.fi\/index.php?rest_route=\/wp\/v2\/pages\/1797\/revisions\/2610"}],"up":[{"embeddable":true,"href":"https:\/\/dev.sahkoherkat.fi\/index.php?rest_route=\/wp\/v2\/pages\/1778"}],"wp:featuredmedia":[{"embeddable":true,"href":"https:\/\/dev.sahkoherkat.fi\/index.php?rest_route=\/wp\/v2\/media\/1886"}],"wp:attachment":[{"href":"https:\/\/dev.sahkoherkat.fi\/index.php?rest_route=%2Fwp%2Fv2%2Fmedia&parent=1797"}],"curies":[{"name":"wp","href":"https:\/\/api.w.org\/{rel}","templated":true}]}}