{"id":1796,"date":"2026-03-30T11:28:18","date_gmt":"2026-03-30T11:28:18","guid":{"rendered":"https:\/\/dev.sahkoherkat.fi\/?page_id=1796"},"modified":"2026-05-13T15:54:10","modified_gmt":"2026-05-13T15:54:10","slug":"sivupohja-ala-poista-koostesivu-2","status":"publish","type":"page","link":"https:\/\/dev.sahkoherkat.fi\/?page_id=1796","title":{"rendered":"Kokemustarinat"},"content":{"rendered":"\t\t<div data-elementor-type=\"wp-page\" data-elementor-id=\"1796\" class=\"elementor elementor-1796\" data-elementor-post-type=\"page\">\n\t\t\t\t<div class=\"elementor-element elementor-element-2b56f0a e-flex e-con-boxed e-con e-parent\" data-id=\"2b56f0a\" data-element_type=\"container\" data-e-type=\"container\" data-settings=\"{&quot;background_background&quot;:&quot;classic&quot;,&quot;background_motion_fx_motion_fx_mouse&quot;:&quot;yes&quot;}\">\n\t\t\t\t\t<div class=\"e-con-inner\">\n\t\t\t\t\t<\/div>\n\t\t\t\t<\/div>\n\t\t<div class=\"elementor-element elementor-element-d598fdf e-con-full e-flex e-con e-parent\" data-id=\"d598fdf\" data-element_type=\"container\" data-e-type=\"container\" data-settings=\"{&quot;background_background&quot;:&quot;classic&quot;}\">\n\t\t<div class=\"elementor-element elementor-element-c95d2c6 e-con-full e-flex e-con e-child\" data-id=\"c95d2c6\" data-element_type=\"container\" data-e-type=\"container\">\n\t\t\t\t<div class=\"elementor-element elementor-element-66d1b75 elementor-widget elementor-widget-shortcode\" data-id=\"66d1b75\" data-element_type=\"widget\" data-e-type=\"widget\" data-widget_type=\"shortcode.default\">\n\t\t\t\t\t\t\t<div class=\"elementor-shortcode\"><span><span><a href=\"https:\/\/dev.sahkoherkat.fi\/\">Etusivu<\/a><\/span><\/span>\n<\/div>\n\t\t\t\t\t\t<\/div>\n\t\t\t\t<\/div>\n\t\t\t\t<div class=\"elementor-element elementor-element-48b3855 elementor-widget elementor-widget-heading\" data-id=\"48b3855\" data-element_type=\"widget\" data-e-type=\"widget\" data-widget_type=\"heading.default\">\n\t\t\t\t\t<h1 class=\"elementor-heading-title elementor-size-default\">Kokemustarinat<\/h1>\t\t\t\t<\/div>\n\t\t\t\t<\/div>\n\t\t<div class=\"elementor-element elementor-element-06f14e2 e-flex e-con-boxed e-con e-parent\" data-id=\"06f14e2\" data-element_type=\"container\" data-e-type=\"container\">\n\t\t\t\t\t<div class=\"e-con-inner\">\n\t\t\t\t<div class=\"elementor-element elementor-element-4a600c8 elementor-widget elementor-widget-text-editor\" data-id=\"4a600c8\" data-element_type=\"widget\" data-e-type=\"widget\" data-widget_type=\"text-editor.default\">\n\t\t\t\t\t\t\t\t\t<p>T\u00e4ss\u00e4 osiossa s\u00e4hk\u00f6herk\u00e4t kertovat haasteistaan, oivalluksistaan ja keinoistaan, jotka tekev\u00e4t arjesta sujuvampaa. Tarinoista voi l\u00f6yt\u00e4\u00e4 uusia n\u00e4k\u00f6kulmia, k\u00e4yt\u00e4nn\u00f6n vinkkej\u00e4 ja inspiraatiota. Jokainen kertomus tarjoaa ikkunan siihen, miten s\u00e4hk\u00f6herkkyys n\u00e4kyy ihmisen el\u00e4m\u00e4ss\u00e4.<\/p>\t\t\t\t\t\t\t\t<\/div>\n\t\t\t\t\t<\/div>\n\t\t\t\t<\/div>\n\t\t<div class=\"elementor-element elementor-element-58a9b4a e-flex e-con-boxed e-con e-parent\" data-id=\"58a9b4a\" data-element_type=\"container\" data-e-type=\"container\">\n\t\t\t\t\t<div class=\"e-con-inner\">\n\t\t\t\t<div class=\"elementor-element elementor-element-55f2b99 elementor-widget elementor-widget-heading\" data-id=\"55f2b99\" data-element_type=\"widget\" data-e-type=\"widget\" data-widget_type=\"heading.default\">\n\t\t\t\t\t<h2 class=\"elementor-heading-title elementor-size-default\">Lue kokemuksia<\/h2>\t\t\t\t<\/div>\n\t\t\t\t\t<\/div>\n\t\t\t\t<\/div>\n\t\t<div class=\"elementor-element elementor-element-55e84c4 e-con-full e-flex e-con e-parent\" data-id=\"55e84c4\" data-element_type=\"container\" data-e-type=\"container\">\n\t\t\t\t<div class=\"elementor-element elementor-element-31e27e0 elementor-posts--align-center custom elementor-grid-3 elementor-grid-tablet-2 elementor-grid-mobile-1 elementor-posts--thumbnail-top elementor-widget elementor-widget-posts\" data-id=\"31e27e0\" data-element_type=\"widget\" data-e-type=\"widget\" data-settings=\"{&quot;classic_row_gap_mobile&quot;:{&quot;unit&quot;:&quot;px&quot;,&quot;size&quot;:10,&quot;sizes&quot;:[]},&quot;classic_row_gap_tablet&quot;:{&quot;unit&quot;:&quot;px&quot;,&quot;size&quot;:15,&quot;sizes&quot;:[]},&quot;classic_columns&quot;:&quot;3&quot;,&quot;classic_columns_tablet&quot;:&quot;2&quot;,&quot;classic_columns_mobile&quot;:&quot;1&quot;,&quot;classic_row_gap&quot;:{&quot;unit&quot;:&quot;px&quot;,&quot;size&quot;:35,&quot;sizes&quot;:[]}}\" data-widget_type=\"posts.classic\">\n\t\t\t\t<div class=\"elementor-widget-container\">\n\t\t\t\t\t\t\t<div class=\"elementor-posts-container elementor-posts elementor-posts--skin-classic elementor-grid\" role=\"list\">\n\t\t\t\t<article class=\"elementor-post elementor-grid-item post-1 post type-post status-publish format-standard has-post-thumbnail hentry category-kokemustarinat\" role=\"listitem\">\n\t\t\t\t<a class=\"elementor-post__thumbnail__link\" href=\"https:\/\/dev.sahkoherkat.fi\/?p=1\" tabindex=\"-1\" >\n\t\t\t<div class=\"elementor-post__thumbnail\"><img decoding=\"async\" width=\"300\" height=\"158\" src=\"https:\/\/dev.sahkoherkat.fi\/wp-content\/uploads\/2024\/04\/facebook-default-post-image-300x158.jpg\" class=\"attachment-medium size-medium wp-image-832\" alt=\"\" srcset=\"https:\/\/dev.sahkoherkat.fi\/wp-content\/uploads\/2024\/04\/facebook-default-post-image-300x158.jpg 300w, https:\/\/dev.sahkoherkat.fi\/wp-content\/uploads\/2024\/04\/facebook-default-post-image-1024x538.jpg 1024w, https:\/\/dev.sahkoherkat.fi\/wp-content\/uploads\/2024\/04\/facebook-default-post-image-768x403.jpg 768w, https:\/\/dev.sahkoherkat.fi\/wp-content\/uploads\/2024\/04\/facebook-default-post-image.jpg 1200w\" sizes=\"(max-width: 300px) 100vw, 300px\" \/><\/div>\n\t\t<\/a>\n\t\t\t\t<div class=\"elementor-post__text\">\n\t\t\t\t<h3 class=\"elementor-post__title\">\n\t\t\t<a href=\"https:\/\/dev.sahkoherkat.fi\/?p=1\" >\n\t\t\t\tKokemustarinaesimerkki\t\t\t<\/a>\n\t\t<\/h3>\n\t\t\t\t<div class=\"elementor-post__excerpt\">\n\t\t\t<p>T\u00e4m\u00e4 on testi kokemustarina-artikkelista. Artikkeli on laitettu kokemustarinakategoriaan ja se suodattuu kokemustarinat-sivulle.<\/p>\n\t\t<\/div>\n\t\t\n\t\t<a class=\"elementor-post__read-more\" href=\"https:\/\/dev.sahkoherkat.fi\/?p=1\" aria-label=\"Read more about Kokemustarinaesimerkki\" tabindex=\"-1\" >\n\t\t\tLue lis\u00e4\u00e4\t\t<\/a>\n\n\t\t\t\t<\/div>\n\t\t\t\t<\/article>\n\t\t\t\t<\/div>\n\t\t\n\t\t\t\t\t\t<\/div>\n\t\t\t\t<\/div>\n\t\t\t\t<\/div>\n\t\t<div class=\"elementor-element elementor-element-bbf2677 e-flex e-con-boxed e-con e-parent\" data-id=\"bbf2677\" data-element_type=\"container\" data-e-type=\"container\">\n\t\t\t\t\t<div class=\"e-con-inner\">\n\t\t<div class=\"elementor-element elementor-element-16ae1fd e-con-full e-flex e-con e-child\" data-id=\"16ae1fd\" data-element_type=\"container\" data-e-type=\"container\">\n\t\t\t\t<div class=\"elementor-element elementor-element-c8dbd6d elementor-widget elementor-widget-text-editor\" data-id=\"c8dbd6d\" data-element_type=\"widget\" data-e-type=\"widget\" data-widget_type=\"text-editor.default\">\n\t\t\t\t\t\t\t\t\t<p>Haluatko kertoa oman tarinasi? Ota yhteytt\u00e4 yhdistykseen \u2013 tarinasi voi rohkaista muita, tuoda uusia n\u00e4k\u00f6kulmia ja lis\u00e4t\u00e4 ymm\u00e4rryst\u00e4 s\u00e4hk\u00f6herkkyydest\u00e4.<\/p>\t\t\t\t\t\t\t\t<\/div>\n\t\t\t\t<\/div>\n\t\t\t\t\t<\/div>\n\t\t\t\t<\/div>\n\t\t\t\t<\/div>\n\t\t","protected":false},"excerpt":{"rendered":"<p>This is my example excerpt text. T\u00e4m\u00e4 on sivun esittelyteksti, joka n\u00e4kyy galleriakortissa. <\/p>\n","protected":false},"author":1,"featured_media":1815,"parent":1778,"menu_order":6,"comment_status":"closed","ping_status":"closed","template":"","meta":{"footnotes":""},"class_list":["post-1796","page","type-page","status-publish","has-post-thumbnail","hentry"],"yoast_head":"<!-- This site is optimized with the Yoast SEO plugin v27.2 - https:\/\/yoast.com\/product\/yoast-seo-wordpress\/ -->\n<title>Kokemustarinat - S\u00e4hk\u00f6herk\u00e4t ry<\/title>\n<meta name=\"robots\" content=\"index, follow, max-snippet:-1, max-image-preview:large, max-video-preview:-1\" \/>\n<link rel=\"canonical\" href=\"https:\/\/dev.sahkoherkat.fi\/?page_id=1796\" \/>\n<meta property=\"og:locale\" content=\"fi_FI\" \/>\n<meta property=\"og:type\" content=\"article\" \/>\n<meta property=\"og:title\" content=\"Kokemustarinat - S\u00e4hk\u00f6herk\u00e4t ry\" \/>\n<meta property=\"og:description\" content=\"This is my example excerpt text. T\u00e4m\u00e4 on sivun esittelyteksti, joka n\u00e4kyy galleriakortissa.\" \/>\n<meta property=\"og:url\" content=\"https:\/\/dev.sahkoherkat.fi\/?page_id=1796\" \/>\n<meta property=\"og:site_name\" content=\"S\u00e4hk\u00f6herk\u00e4t ry\" \/>\n<meta property=\"article:modified_time\" content=\"2026-05-13T15:54:10+00:00\" \/>\n<meta property=\"og:image\" content=\"https:\/\/dev.sahkoherkat.fi\/wp-content\/uploads\/2026\/03\/conner-bowe-87E3h1v7-CA-unsplash-scaled.jpg\" \/>\n\t<meta property=\"og:image:width\" content=\"1707\" \/>\n\t<meta property=\"og:image:height\" content=\"2560\" \/>\n\t<meta property=\"og:image:type\" content=\"image\/jpeg\" \/>\n<meta name=\"twitter:card\" content=\"summary_large_image\" \/>\n<meta name=\"twitter:label1\" content=\"Arvioitu lukuaika\" \/>\n\t<meta name=\"twitter:data1\" content=\"1 minuutti\" \/>\n<script type=\"application\/ld+json\" class=\"yoast-schema-graph\">{\"@context\":\"https:\/\/schema.org\",\"@graph\":[{\"@type\":\"WebPage\",\"@id\":\"https:\/\/dev.sahkoherkat.fi\/?page_id=1796\",\"url\":\"https:\/\/dev.sahkoherkat.fi\/?page_id=1796\",\"name\":\"Kokemustarinat - S\u00e4hk\u00f6herk\u00e4t ry\",\"isPartOf\":{\"@id\":\"https:\/\/dev.sahkoherkat.fi\/#website\"},\"primaryImageOfPage\":{\"@id\":\"https:\/\/dev.sahkoherkat.fi\/?page_id=1796#primaryimage\"},\"image\":{\"@id\":\"https:\/\/dev.sahkoherkat.fi\/?page_id=1796#primaryimage\"},\"thumbnailUrl\":\"https:\/\/dev.sahkoherkat.fi\/wp-content\/uploads\/2026\/03\/conner-bowe-87E3h1v7-CA-unsplash-scaled.jpg\",\"datePublished\":\"2026-03-30T11:28:18+00:00\",\"dateModified\":\"2026-05-13T15:54:10+00:00\",\"breadcrumb\":{\"@id\":\"https:\/\/dev.sahkoherkat.fi\/?page_id=1796#breadcrumb\"},\"inLanguage\":\"fi\",\"potentialAction\":[{\"@type\":\"ReadAction\",\"target\":[\"https:\/\/dev.sahkoherkat.fi\/?page_id=1796\"]}]},{\"@type\":\"ImageObject\",\"inLanguage\":\"fi\",\"@id\":\"https:\/\/dev.sahkoherkat.fi\/?page_id=1796#primaryimage\",\"url\":\"https:\/\/dev.sahkoherkat.fi\/wp-content\/uploads\/2026\/03\/conner-bowe-87E3h1v7-CA-unsplash-scaled.jpg\",\"contentUrl\":\"https:\/\/dev.sahkoherkat.fi\/wp-content\/uploads\/2026\/03\/conner-bowe-87E3h1v7-CA-unsplash-scaled.jpg\",\"width\":1707,\"height\":2560},{\"@type\":\"BreadcrumbList\",\"@id\":\"https:\/\/dev.sahkoherkat.fi\/?page_id=1796#breadcrumb\",\"itemListElement\":[{\"@type\":\"ListItem\",\"position\":1,\"name\":\"Etusivu\",\"item\":\"https:\/\/dev.sahkoherkat.fi\/\"},{\"@type\":\"ListItem\",\"position\":2,\"name\":\"Tietopankki\",\"item\":\"https:\/\/dev.sahkoherkat.fi\/?page_id=1778\"},{\"@type\":\"ListItem\",\"position\":3,\"name\":\"Kokemustarinat\"}]},{\"@type\":\"WebSite\",\"@id\":\"https:\/\/dev.sahkoherkat.fi\/#website\",\"url\":\"https:\/\/dev.sahkoherkat.fi\/\",\"name\":\"S\u00e4hk\u00f6herk\u00e4t ry\",\"description\":\"S\u00e4hk\u00f6herk\u00e4t ry on suomalainen yhdistys, jonka p\u00e4\u00e4asiallisena teht\u00e4v\u00e4n\u00e4 on toimia s\u00e4hk\u00f6herkkien etuj\u00e4rjest\u00f6n\u00e4.  Yhdistys jakaa tietoa s\u00e4hk\u00f6herkkyyden tunnetuksi tekemisess\u00e4 sek\u00e4 vaikuttaa viranomaisiin ja p\u00e4\u00e4tt\u00e4jiin, jotta s\u00e4hk\u00f6herkkyys hyv\u00e4ksytt\u00e4isiin sairaudeksi ja henkil\u00f6t saisivat virallisen diagnoosin ja korvauksen ty\u00f6kyvyn menett\u00e4misest\u00e4.\",\"potentialAction\":[{\"@type\":\"SearchAction\",\"target\":{\"@type\":\"EntryPoint\",\"urlTemplate\":\"https:\/\/dev.sahkoherkat.fi\/?s={search_term_string}\"},\"query-input\":{\"@type\":\"PropertyValueSpecification\",\"valueRequired\":true,\"valueName\":\"search_term_string\"}}],\"inLanguage\":\"fi\"}]}<\/script>\n<!-- \/ Yoast SEO plugin. -->","yoast_head_json":{"title":"Kokemustarinat - S\u00e4hk\u00f6herk\u00e4t ry","robots":{"index":"index","follow":"follow","max-snippet":"max-snippet:-1","max-image-preview":"max-image-preview:large","max-video-preview":"max-video-preview:-1"},"canonical":"https:\/\/dev.sahkoherkat.fi\/?page_id=1796","og_locale":"fi_FI","og_type":"article","og_title":"Kokemustarinat - S\u00e4hk\u00f6herk\u00e4t ry","og_description":"This is my example excerpt text. T\u00e4m\u00e4 on sivun esittelyteksti, joka n\u00e4kyy galleriakortissa.","og_url":"https:\/\/dev.sahkoherkat.fi\/?page_id=1796","og_site_name":"S\u00e4hk\u00f6herk\u00e4t ry","article_modified_time":"2026-05-13T15:54:10+00:00","og_image":[{"width":1707,"height":2560,"url":"https:\/\/dev.sahkoherkat.fi\/wp-content\/uploads\/2026\/03\/conner-bowe-87E3h1v7-CA-unsplash-scaled.jpg","type":"image\/jpeg"}],"twitter_card":"summary_large_image","twitter_misc":{"Arvioitu lukuaika":"1 minuutti"},"schema":{"@context":"https:\/\/schema.org","@graph":[{"@type":"WebPage","@id":"https:\/\/dev.sahkoherkat.fi\/?page_id=1796","url":"https:\/\/dev.sahkoherkat.fi\/?page_id=1796","name":"Kokemustarinat - S\u00e4hk\u00f6herk\u00e4t ry","isPartOf":{"@id":"https:\/\/dev.sahkoherkat.fi\/#website"},"primaryImageOfPage":{"@id":"https:\/\/dev.sahkoherkat.fi\/?page_id=1796#primaryimage"},"image":{"@id":"https:\/\/dev.sahkoherkat.fi\/?page_id=1796#primaryimage"},"thumbnailUrl":"https:\/\/dev.sahkoherkat.fi\/wp-content\/uploads\/2026\/03\/conner-bowe-87E3h1v7-CA-unsplash-scaled.jpg","datePublished":"2026-03-30T11:28:18+00:00","dateModified":"2026-05-13T15:54:10+00:00","breadcrumb":{"@id":"https:\/\/dev.sahkoherkat.fi\/?page_id=1796#breadcrumb"},"inLanguage":"fi","potentialAction":[{"@type":"ReadAction","target":["https:\/\/dev.sahkoherkat.fi\/?page_id=1796"]}]},{"@type":"ImageObject","inLanguage":"fi","@id":"https:\/\/dev.sahkoherkat.fi\/?page_id=1796#primaryimage","url":"https:\/\/dev.sahkoherkat.fi\/wp-content\/uploads\/2026\/03\/conner-bowe-87E3h1v7-CA-unsplash-scaled.jpg","contentUrl":"https:\/\/dev.sahkoherkat.fi\/wp-content\/uploads\/2026\/03\/conner-bowe-87E3h1v7-CA-unsplash-scaled.jpg","width":1707,"height":2560},{"@type":"BreadcrumbList","@id":"https:\/\/dev.sahkoherkat.fi\/?page_id=1796#breadcrumb","itemListElement":[{"@type":"ListItem","position":1,"name":"Etusivu","item":"https:\/\/dev.sahkoherkat.fi\/"},{"@type":"ListItem","position":2,"name":"Tietopankki","item":"https:\/\/dev.sahkoherkat.fi\/?page_id=1778"},{"@type":"ListItem","position":3,"name":"Kokemustarinat"}]},{"@type":"WebSite","@id":"https:\/\/dev.sahkoherkat.fi\/#website","url":"https:\/\/dev.sahkoherkat.fi\/","name":"S\u00e4hk\u00f6herk\u00e4t ry","description":"S\u00e4hk\u00f6herk\u00e4t ry on suomalainen yhdistys, jonka p\u00e4\u00e4asiallisena teht\u00e4v\u00e4n\u00e4 on toimia s\u00e4hk\u00f6herkkien etuj\u00e4rjest\u00f6n\u00e4.  Yhdistys jakaa tietoa s\u00e4hk\u00f6herkkyyden tunnetuksi tekemisess\u00e4 sek\u00e4 vaikuttaa viranomaisiin ja p\u00e4\u00e4tt\u00e4jiin, jotta s\u00e4hk\u00f6herkkyys hyv\u00e4ksytt\u00e4isiin sairaudeksi ja henkil\u00f6t saisivat virallisen diagnoosin ja korvauksen ty\u00f6kyvyn menett\u00e4misest\u00e4.","potentialAction":[{"@type":"SearchAction","target":{"@type":"EntryPoint","urlTemplate":"https:\/\/dev.sahkoherkat.fi\/?s={search_term_string}"},"query-input":{"@type":"PropertyValueSpecification","valueRequired":true,"valueName":"search_term_string"}}],"inLanguage":"fi"}]}},"_links":{"self":[{"href":"https:\/\/dev.sahkoherkat.fi\/index.php?rest_route=\/wp\/v2\/pages\/1796","targetHints":{"allow":["GET"]}}],"collection":[{"href":"https:\/\/dev.sahkoherkat.fi\/index.php?rest_route=\/wp\/v2\/pages"}],"about":[{"href":"https:\/\/dev.sahkoherkat.fi\/index.php?rest_route=\/wp\/v2\/types\/page"}],"author":[{"embeddable":true,"href":"https:\/\/dev.sahkoherkat.fi\/index.php?rest_route=\/wp\/v2\/users\/1"}],"replies":[{"embeddable":true,"href":"https:\/\/dev.sahkoherkat.fi\/index.php?rest_route=%2Fwp%2Fv2%2Fcomments&post=1796"}],"version-history":[{"count":19,"href":"https:\/\/dev.sahkoherkat.fi\/index.php?rest_route=\/wp\/v2\/pages\/1796\/revisions"}],"predecessor-version":[{"id":2588,"href":"https:\/\/dev.sahkoherkat.fi\/index.php?rest_route=\/wp\/v2\/pages\/1796\/revisions\/2588"}],"up":[{"embeddable":true,"href":"https:\/\/dev.sahkoherkat.fi\/index.php?rest_route=\/wp\/v2\/pages\/1778"}],"wp:featuredmedia":[{"embeddable":true,"href":"https:\/\/dev.sahkoherkat.fi\/index.php?rest_route=\/wp\/v2\/media\/1815"}],"wp:attachment":[{"href":"https:\/\/dev.sahkoherkat.fi\/index.php?rest_route=%2Fwp%2Fv2%2Fmedia&parent=1796"}],"curies":[{"name":"wp","href":"https:\/\/api.w.org\/{rel}","templated":true}]}}