{"id":1763,"date":"2026-03-30T10:24:17","date_gmt":"2026-03-30T10:24:17","guid":{"rendered":"https:\/\/dev.sahkoherkat.fi\/?page_id=1763"},"modified":"2026-05-13T17:09:42","modified_gmt":"2026-05-13T17:09:42","slug":"sivupohja-ala-poista-koostesivu","status":"publish","type":"page","link":"https:\/\/dev.sahkoherkat.fi\/?page_id=1763","title":{"rendered":"Tutkimustietoa"},"content":{"rendered":"\t\t<div data-elementor-type=\"wp-page\" data-elementor-id=\"1763\" class=\"elementor elementor-1763\" data-elementor-post-type=\"page\">\n\t\t\t\t<div class=\"elementor-element elementor-element-2b56f0a e-flex e-con-boxed e-con e-parent\" data-id=\"2b56f0a\" data-element_type=\"container\" data-e-type=\"container\" data-settings=\"{&quot;background_background&quot;:&quot;classic&quot;}\">\n\t\t\t\t\t<div class=\"e-con-inner\">\n\t\t\t\t\t<\/div>\n\t\t\t\t<\/div>\n\t\t<div class=\"elementor-element elementor-element-d598fdf e-con-full e-flex e-con e-parent\" data-id=\"d598fdf\" data-element_type=\"container\" data-e-type=\"container\" data-settings=\"{&quot;background_background&quot;:&quot;classic&quot;}\">\n\t\t\t\t<div class=\"elementor-element elementor-element-3613427 elementor-widget elementor-widget-shortcode\" data-id=\"3613427\" data-element_type=\"widget\" data-e-type=\"widget\" data-widget_type=\"shortcode.default\">\n\t\t\t\t\t\t\t<div class=\"elementor-shortcode\"><span><span><a href=\"https:\/\/dev.sahkoherkat.fi\/\">Etusivu<\/a><\/span><\/span>\n<\/div>\n\t\t\t\t\t\t<\/div>\n\t\t\t\t<div class=\"elementor-element elementor-element-48b3855 elementor-widget elementor-widget-heading\" data-id=\"48b3855\" data-element_type=\"widget\" data-e-type=\"widget\" data-widget_type=\"heading.default\">\n\t\t\t\t\t<h1 class=\"elementor-heading-title elementor-size-default\">Tutkimustietoa<\/h1>\t\t\t\t<\/div>\n\t\t\t\t<\/div>\n\t\t<div class=\"elementor-element elementor-element-06f14e2 e-flex e-con-boxed e-con e-parent\" data-id=\"06f14e2\" data-element_type=\"container\" data-e-type=\"container\">\n\t\t\t\t\t<div class=\"e-con-inner\">\n\t\t\t\t<div class=\"elementor-element elementor-element-4a600c8 elementor-widget elementor-widget-text-editor\" data-id=\"4a600c8\" data-element_type=\"widget\" data-e-type=\"widget\" data-widget_type=\"text-editor.default\">\n\t\t\t\t\t\t\t\t\t<p>T\u00e4lt\u00e4 sivulta l\u00f6yd\u00e4t S\u00e4hk\u00f6herk\u00e4t ry:n verkkosivuilla julkaistuja uutisia ja katsauksia, jotka pohjautuvat tutkimuksiin, asiantuntijalausuntoihin ja ajankohtaisiin havaintoihin s\u00e4hk\u00f6herkkyydest\u00e4 ja s\u00e4hk\u00f6magneettisten kenttien vaikutuksista.<\/p>\t\t\t\t\t\t\t\t<\/div>\n\t\t\t\t\t<\/div>\n\t\t\t\t<\/div>\n\t\t<div class=\"elementor-element elementor-element-58a9b4a e-flex e-con-boxed e-con e-parent\" data-id=\"58a9b4a\" data-element_type=\"container\" data-e-type=\"container\">\n\t\t\t\t\t<div class=\"e-con-inner\">\n\t\t\t\t<div class=\"elementor-element elementor-element-55f2b99 elementor-widget elementor-widget-heading\" data-id=\"55f2b99\" data-element_type=\"widget\" data-e-type=\"widget\" data-widget_type=\"heading.default\">\n\t\t\t\t\t<h2 class=\"elementor-heading-title elementor-size-default\">Lue uusimmat tutkimukset<\/h2>\t\t\t\t<\/div>\n\t\t\t\t\t<\/div>\n\t\t\t\t<\/div>\n\t\t<div class=\"elementor-element elementor-element-55e84c4 e-con-full e-flex e-con e-parent\" data-id=\"55e84c4\" data-element_type=\"container\" data-e-type=\"container\">\n\t\t\t\t<div class=\"elementor-element elementor-element-31e27e0 elementor-posts--align-left custom elementor-grid-3 elementor-grid-tablet-2 elementor-grid-mobile-1 elementor-posts--thumbnail-top elementor-widget elementor-widget-posts\" data-id=\"31e27e0\" data-element_type=\"widget\" data-e-type=\"widget\" data-settings=\"{&quot;classic_row_gap_mobile&quot;:{&quot;unit&quot;:&quot;px&quot;,&quot;size&quot;:10,&quot;sizes&quot;:[]},&quot;classic_row_gap_tablet&quot;:{&quot;unit&quot;:&quot;px&quot;,&quot;size&quot;:15,&quot;sizes&quot;:[]},&quot;classic_columns&quot;:&quot;3&quot;,&quot;classic_columns_tablet&quot;:&quot;2&quot;,&quot;classic_columns_mobile&quot;:&quot;1&quot;,&quot;classic_row_gap&quot;:{&quot;unit&quot;:&quot;px&quot;,&quot;size&quot;:35,&quot;sizes&quot;:[]}}\" data-widget_type=\"posts.classic\">\n\t\t\t\t<div class=\"elementor-widget-container\">\n\t\t\t\t\t\t\t<div class=\"elementor-posts-container elementor-posts elementor-posts--skin-classic elementor-grid\" role=\"list\">\n\t\t\t\t<article class=\"elementor-post elementor-grid-item post-918 post type-post status-publish format-standard has-post-thumbnail hentry category-tutkimustietoa\" role=\"listitem\">\n\t\t\t\t<a class=\"elementor-post__thumbnail__link\" href=\"https:\/\/dev.sahkoherkat.fi\/?p=918\" tabindex=\"-1\" >\n\t\t\t<div class=\"elementor-post__thumbnail\"><img fetchpriority=\"high\" decoding=\"async\" width=\"300\" height=\"200\" src=\"https:\/\/dev.sahkoherkat.fi\/wp-content\/uploads\/2026\/03\/helena-lopes-PGnqT0rXWLs-unsplash-1-300x200.jpg\" class=\"attachment-medium size-medium wp-image-1217\" alt=\"\" srcset=\"https:\/\/dev.sahkoherkat.fi\/wp-content\/uploads\/2026\/03\/helena-lopes-PGnqT0rXWLs-unsplash-1-300x200.jpg 300w, https:\/\/dev.sahkoherkat.fi\/wp-content\/uploads\/2026\/03\/helena-lopes-PGnqT0rXWLs-unsplash-1-1024x683.jpg 1024w, https:\/\/dev.sahkoherkat.fi\/wp-content\/uploads\/2026\/03\/helena-lopes-PGnqT0rXWLs-unsplash-1-768x512.jpg 768w, https:\/\/dev.sahkoherkat.fi\/wp-content\/uploads\/2026\/03\/helena-lopes-PGnqT0rXWLs-unsplash-1-1536x1024.jpg 1536w, https:\/\/dev.sahkoherkat.fi\/wp-content\/uploads\/2026\/03\/helena-lopes-PGnqT0rXWLs-unsplash-1-2048x1365.jpg 2048w\" sizes=\"(max-width: 300px) 100vw, 300px\" \/><\/div>\n\t\t<\/a>\n\t\t\t\t<div class=\"elementor-post__text\">\n\t\t\t\t<h3 class=\"elementor-post__title\">\n\t\t\t<a href=\"https:\/\/dev.sahkoherkat.fi\/?p=918\" >\n\t\t\t\tJyv\u00e4skyl\u00e4n yliopisto: Ruutuaika ja mobiililaitteiden k\u00e4ytt\u00f6 lis\u00e4\u00e4v\u00e4t nuorten stressi\u00e4 ja masennusta\t\t\t<\/a>\n\t\t<\/h3>\n\t\t\t\t<div class=\"elementor-post__meta-data\">\n\t\t\t\t\t<span class=\"elementor-post-date\">\n\t\t\t7.3.2025\t\t<\/span>\n\t\t\t\t<\/div>\n\t\t\t\t<div class=\"elementor-post__excerpt\">\n\t\t\t<p>Runsaampi ruutuaika ja mobiililaitteiden k\u00e4ytt\u00f6 lapsuudesta nuoruuteen lis\u00e4\u00e4v\u00e4t stressi- ja masennusoireita nuoruudessa. Ruutuajan rajoittaminen v\u00e4hent\u00e4\u00e4 nuorten stressi- ja masennusoireita, kertoo Jyv\u00e4skyl\u00e4n yliopiston ja It\u00e4-Suomen yliopiston yhteisty\u00f6tutkimus. Samalla havaittiin, ett\u00e4 runsaampi liikunta taas v\u00e4hensi nuoruuden stressi- ja masennusoireita. Liikunta kuitenkin v\u00e4hensi oireita heikommin kuin mobiililaitteiden k\u00e4ytt\u00f6 lis\u00e4si. Jyv\u00e4skyl\u00e4n yliopiston lasten ja<\/p>\n\t\t<\/div>\n\t\t\n\t\t<a class=\"elementor-post__read-more\" href=\"https:\/\/dev.sahkoherkat.fi\/?p=918\" aria-label=\"Read more about Jyv\u00e4skyl\u00e4n yliopisto: Ruutuaika ja mobiililaitteiden k\u00e4ytt\u00f6 lis\u00e4\u00e4v\u00e4t nuorten stressi\u00e4 ja masennusta\" tabindex=\"-1\" >\n\t\t\tLue lis\u00e4\u00e4\t\t<\/a>\n\n\t\t\t\t<\/div>\n\t\t\t\t<\/article>\n\t\t\t\t<article class=\"elementor-post elementor-grid-item post-444 post type-post status-publish format-standard hentry category-ajankohtaista category-tietoa category-tutkimustietoa\" role=\"listitem\">\n\t\t\t\t<div class=\"elementor-post__text\">\n\t\t\t\t<h3 class=\"elementor-post__title\">\n\t\t\t<a href=\"https:\/\/dev.sahkoherkat.fi\/?p=444\" >\n\t\t\t\tKatsaus langattomien verkkojen ja 5g-teknologian nykytilasta\t\t\t<\/a>\n\t\t<\/h3>\n\t\t\t\t<div class=\"elementor-post__meta-data\">\n\t\t\t\t\t<span class=\"elementor-post-date\">\n\t\t\t17.12.2019\t\t<\/span>\n\t\t\t\t<\/div>\n\t\t\t\t<div class=\"elementor-post__excerpt\">\n\t\t\t<p>Hyv\u00e4 kooste 5g-teknologian riskeist\u00e4 ja tahoista, jotka ovat yritt\u00e4neet vaikuttaa niiden huomioimiseen eri maissa. Mukana muun muassa l\u00e4\u00e4k\u00e4rij\u00e4rjest\u00f6jen ja tutkijoiden vetoomuksia. https:\/\/www.valuewalk.com\/2019\/12\/human-health-danger-5g\/ Kanadalainen, Trentin yliopiston professori Magda Havas kertoo langattomien verkkojen riskeist\u00e4, erityisesti 5G-teknologiasta. https:\/\/www.youtube.com\/watch?v=Vh8DNKmDGk0 National Geograpic -lehdess\u00e4 on hyv\u00e4 juttu 5G-verkkojen mahdollisista haitoista s\u00e4\u00e4tilojen ennusteiden laatimisessa. Hurrikaanit, jotka artikkelissa<\/p>\n\t\t<\/div>\n\t\t\n\t\t<a class=\"elementor-post__read-more\" href=\"https:\/\/dev.sahkoherkat.fi\/?p=444\" aria-label=\"Read more about Katsaus langattomien verkkojen ja 5g-teknologian nykytilasta\" tabindex=\"-1\" >\n\t\t\tLue lis\u00e4\u00e4\t\t<\/a>\n\n\t\t\t\t<\/div>\n\t\t\t\t<\/article>\n\t\t\t\t<article class=\"elementor-post elementor-grid-item post-386 post type-post status-publish format-standard hentry category-tietoa category-tutkimustietoa\" role=\"listitem\">\n\t\t\t\t<div class=\"elementor-post__text\">\n\t\t\t\t<h3 class=\"elementor-post__title\">\n\t\t\t<a href=\"https:\/\/dev.sahkoherkat.fi\/?p=386\" >\n\t\t\t\tS\u00e4hk\u00f6magneettiset kent\u00e4t aiheuttavat oireita terveille ja s\u00e4hk\u00f6herkille\t\t\t<\/a>\n\t\t<\/h3>\n\t\t\t\t<div class=\"elementor-post__meta-data\">\n\t\t\t\t\t<span class=\"elementor-post-date\">\n\t\t\t13.7.2018\t\t<\/span>\n\t\t\t\t<\/div>\n\t\t\t\t<div class=\"elementor-post__excerpt\">\n\t\t\t<p>HS uutisoi 4.7. Environmental Research -tiedelehden tutkimuksesta, jossa terveet koehenkil\u00f6t kokivat s\u00e4hk\u00f6\u00adherkkyytt\u00e4, kun tutkijat n\u00e4yttiv\u00e4t heille k\u00e4nnyk\u00f6iden s\u00e4teilyll\u00e4 pelottelevan videon. Kyse on nosebo-vaikutuksesta, todettiin artikkelissa. Ranskalaisen Ma\u00ebl Dieudonn\u00e9n tutkimus ei puolla olettamusta, ett\u00e4 s\u00e4hk\u00f6herkkyyys johtuisi nosebovaikutuksesta. Useimmat s\u00e4hk\u00f6herk\u00e4t ovat Dieudonn\u00e9n mukaan saaneet oireita ennen kuin ovat edes kuulleet s\u00e4hk\u00f6herkkyydest\u00e4 ja<\/p>\n\t\t<\/div>\n\t\t\n\t\t<a class=\"elementor-post__read-more\" href=\"https:\/\/dev.sahkoherkat.fi\/?p=386\" aria-label=\"Read more about S\u00e4hk\u00f6magneettiset kent\u00e4t aiheuttavat oireita terveille ja s\u00e4hk\u00f6herkille\" tabindex=\"-1\" >\n\t\t\tLue lis\u00e4\u00e4\t\t<\/a>\n\n\t\t\t\t<\/div>\n\t\t\t\t<\/article>\n\t\t\t\t<article class=\"elementor-post elementor-grid-item post-319 post type-post status-publish format-standard hentry category-tietoa category-tutkimustietoa\" role=\"listitem\">\n\t\t\t\t<div class=\"elementor-post__text\">\n\t\t\t\t<h3 class=\"elementor-post__title\">\n\t\t\t<a href=\"https:\/\/dev.sahkoherkat.fi\/?p=319\" >\n\t\t\t\tTietoa s\u00e4hk\u00f6herkkyydest\u00e4 &#8211; oireet ja niiden yleisyys, diagnostiikka, potilaiden asema, tieteellinen tutkimus\t\t\t<\/a>\n\t\t<\/h3>\n\t\t\t\t<div class=\"elementor-post__meta-data\">\n\t\t\t\t\t<span class=\"elementor-post-date\">\n\t\t\t23.5.2017\t\t<\/span>\n\t\t\t\t<\/div>\n\t\t\t\t<div class=\"elementor-post__excerpt\">\n\t\t\t<p>\u00bb Lataa dokumentti luettavaksi (PDF)<\/p>\n\t\t<\/div>\n\t\t\n\t\t<a class=\"elementor-post__read-more\" href=\"https:\/\/dev.sahkoherkat.fi\/?p=319\" aria-label=\"Read more about Tietoa s\u00e4hk\u00f6herkkyydest\u00e4 &#8211; oireet ja niiden yleisyys, diagnostiikka, potilaiden asema, tieteellinen tutkimus\" tabindex=\"-1\" >\n\t\t\tLue lis\u00e4\u00e4\t\t<\/a>\n\n\t\t\t\t<\/div>\n\t\t\t\t<\/article>\n\t\t\t\t<article class=\"elementor-post elementor-grid-item post-294 post type-post status-publish format-standard hentry category-tietoa category-tutkimustietoa\" role=\"listitem\">\n\t\t\t\t<div class=\"elementor-post__text\">\n\t\t\t\t<h3 class=\"elementor-post__title\">\n\t\t\t<a href=\"https:\/\/dev.sahkoherkat.fi\/?p=294\" >\n\t\t\t\tS\u00e4hk\u00f6herkkyys \u2013 uusia tieteellisi\u00e4 artikkeleita ja hoitosuosituksia\t\t\t<\/a>\n\t\t<\/h3>\n\t\t\t\t<div class=\"elementor-post__meta-data\">\n\t\t\t\t\t<span class=\"elementor-post-date\">\n\t\t\t14.2.2017\t\t<\/span>\n\t\t\t\t<\/div>\n\t\t\t\t<div class=\"elementor-post__excerpt\">\n\t\t\t<p>Juhana Harjun S\u00e4teileek\u00f6-blogissa puhutaan s\u00e4hk\u00f6herkkyyteen liittyvist\u00e4 uusista tieteellisist\u00e4 artikkeleista sek\u00e4 hoitosuosituksista. \u00bb Lue koko juttu t\u00e4\u00e4lt\u00e4<\/p>\n\t\t<\/div>\n\t\t\n\t\t<a class=\"elementor-post__read-more\" href=\"https:\/\/dev.sahkoherkat.fi\/?p=294\" aria-label=\"Read more about S\u00e4hk\u00f6herkkyys \u2013 uusia tieteellisi\u00e4 artikkeleita ja hoitosuosituksia\" tabindex=\"-1\" >\n\t\t\tLue lis\u00e4\u00e4\t\t<\/a>\n\n\t\t\t\t<\/div>\n\t\t\t\t<\/article>\n\t\t\t\t<article class=\"elementor-post elementor-grid-item post-251 post type-post status-publish format-standard hentry category-tutkimustietoa\" role=\"listitem\">\n\t\t\t\t<div class=\"elementor-post__text\">\n\t\t\t\t<h3 class=\"elementor-post__title\">\n\t\t\t<a href=\"https:\/\/dev.sahkoherkat.fi\/?p=251\" >\n\t\t\t\tSuurtutkimus osoittaa: k\u00e4nnyk\u00f6iden s\u00e4teily aiheuttaa sy\u00f6p\u00e4\u00e4\t\t\t<\/a>\n\t\t<\/h3>\n\t\t\t\t<div class=\"elementor-post__meta-data\">\n\t\t\t\t\t<span class=\"elementor-post-date\">\n\t\t\t3.6.2016\t\t<\/span>\n\t\t\t\t<\/div>\n\t\t\t\t<div class=\"elementor-post__excerpt\">\n\t\t\t<p>KIRJOITTANUT JUHANA HARJU Maailmalla on aiheuttanut suurta kohua se, ett\u00e4 Yhdysvalloissa julkaistiin viime viikolla laajan ja kalliin National Toxicology Programin (NTP) tutkimuksen tuloksia. Pitk\u00e4\u00e4n kest\u00e4neess\u00e4 tutkimuksessa havaittiin, ett\u00e4 k\u00e4nnyk\u00f6iden radiotaajuinen s\u00e4teily aiheuttaa sy\u00f6p\u00e4\u00e4 koirasrotilla (Wyde 2016). Tutkimuksessa laboratoriorottia altistettiin radiotaajuiselle s\u00e4teilylle siten, ett\u00e4 rotat saivat s\u00e4teily\u00e4 kerrallaan 10 minuutin ajan,<\/p>\n\t\t<\/div>\n\t\t\n\t\t<a class=\"elementor-post__read-more\" href=\"https:\/\/dev.sahkoherkat.fi\/?p=251\" aria-label=\"Read more about Suurtutkimus osoittaa: k\u00e4nnyk\u00f6iden s\u00e4teily aiheuttaa sy\u00f6p\u00e4\u00e4\" tabindex=\"-1\" >\n\t\t\tLue lis\u00e4\u00e4\t\t<\/a>\n\n\t\t\t\t<\/div>\n\t\t\t\t<\/article>\n\t\t\t\t<article class=\"elementor-post elementor-grid-item post-231 post type-post status-publish format-standard hentry category-ajankohtaista category-tutkimustietoa\" role=\"listitem\">\n\t\t\t\t<div class=\"elementor-post__text\">\n\t\t\t\t<h3 class=\"elementor-post__title\">\n\t\t\t<a href=\"https:\/\/dev.sahkoherkat.fi\/?p=231\" >\n\t\t\t\tRanskalaisl\u00e4\u00e4k\u00e4rin tuore julkaisu\t\t\t<\/a>\n\t\t<\/h3>\n\t\t\t\t<div class=\"elementor-post__meta-data\">\n\t\t\t\t\t<span class=\"elementor-post-date\">\n\t\t\t26.12.2015\t\t<\/span>\n\t\t\t\t<\/div>\n\t\t\t\t<div class=\"elementor-post__excerpt\">\n\t\t\t<p>Ranskalaisl\u00e4\u00e4k\u00e4ri Dominique Belpomme on ymp\u00e4rist\u00f6sairauksiin erikoistuneella klinikallaan tutkinut s\u00e4hk\u00f6- ja kemikaaliherkki\u00e4 potilaita jo vuosien ajan. Tuoreen julkaisun (Belpomme &amp; al.) mukaan s\u00e4hk\u00f6magneettiset kent\u00e4t ja kemikaalit saavat aikaan herkistyneill\u00e4 mm. kudoksien kroonisia tulehdustiloja, oksidatiivista stressi\u00e4, aivoverenkierron h\u00e4iri\u00f6it\u00e4, veriaivoesteen l\u00e4p\u00e4isevyyden lis\u00e4\u00e4ntymist\u00e4 ja monilla on my\u00f6s vajausta melatoniinista. Belpomme on kehitt\u00e4nyt diagnostiikkaa ja<\/p>\n\t\t<\/div>\n\t\t\n\t\t<a class=\"elementor-post__read-more\" href=\"https:\/\/dev.sahkoherkat.fi\/?p=231\" aria-label=\"Read more about Ranskalaisl\u00e4\u00e4k\u00e4rin tuore julkaisu\" tabindex=\"-1\" >\n\t\t\tLue lis\u00e4\u00e4\t\t<\/a>\n\n\t\t\t\t<\/div>\n\t\t\t\t<\/article>\n\t\t\t\t<article class=\"elementor-post elementor-grid-item post-200 post type-post status-publish format-standard hentry category-tutkimustietoa\" role=\"listitem\">\n\t\t\t\t<div class=\"elementor-post__text\">\n\t\t\t\t<h3 class=\"elementor-post__title\">\n\t\t\t<a href=\"https:\/\/dev.sahkoherkat.fi\/?p=200\" >\n\t\t\t\tTietoa s\u00e4hk\u00f6herkkyydest\u00e4\t\t\t<\/a>\n\t\t<\/h3>\n\t\t\t\t<div class=\"elementor-post__meta-data\">\n\t\t\t\t\t<span class=\"elementor-post-date\">\n\t\t\t16.4.2015\t\t<\/span>\n\t\t\t\t<\/div>\n\t\t\t\t<div class=\"elementor-post__excerpt\">\n\t\t\t<p>Ymp\u00e4rist\u00f6mme s\u00e4hk\u00f6magneettinen s\u00e4teily on lis\u00e4\u00e4ntynyt \u2013 erityisesti langaton teknologia. Sama p\u00e4tee kemikaalikuormitukseen. My\u00f6s s\u00e4hk\u00f6herkkien m\u00e4\u00e4r\u00e4 on kasvussa. Altistus s\u00e4hk\u00f6magneettisille kentille, elektroniikan palonestoaineille tai hammaspaikkojen amalgaamille n\u00e4ytt\u00e4isi olevan s\u00e4hk\u00f6herkkyyden taustalla. Mit\u00e4 sanoo tiede? Jo 1800-luvun lopulla el\u00e4nyt Nikola Tesla, s\u00e4hk\u00f6alan suuri keksij\u00e4 ja tutkija, k\u00e4rsi invalidisoivista oireista rakkaiden s\u00e4hk\u00f6laitteidensa \u00e4\u00e4rell\u00e4. Tehdess\u00e4\u00e4n<\/p>\n\t\t<\/div>\n\t\t\n\t\t<a class=\"elementor-post__read-more\" href=\"https:\/\/dev.sahkoherkat.fi\/?p=200\" aria-label=\"Read more about Tietoa s\u00e4hk\u00f6herkkyydest\u00e4\" tabindex=\"-1\" >\n\t\t\tLue lis\u00e4\u00e4\t\t<\/a>\n\n\t\t\t\t<\/div>\n\t\t\t\t<\/article>\n\t\t\t\t<\/div>\n\t\t\n\t\t\t\t\t\t<\/div>\n\t\t\t\t<\/div>\n\t\t\t\t<\/div>\n\t\t<div class=\"elementor-element elementor-element-bbf2677 e-flex e-con-boxed e-con e-parent\" data-id=\"bbf2677\" data-element_type=\"container\" data-e-type=\"container\">\n\t\t\t\t\t<div class=\"e-con-inner\">\n\t\t<div class=\"elementor-element elementor-element-16ae1fd e-con-full e-flex e-con e-child\" data-id=\"16ae1fd\" data-element_type=\"container\" data-e-type=\"container\">\n\t\t\t\t<\/div>\n\t\t\t\t\t<\/div>\n\t\t\t\t<\/div>\n\t\t\t\t<\/div>\n\t\t","protected":false},"excerpt":{"rendered":"<p>This is my example excerpt text. T\u00e4m\u00e4 on sivun esittelyteksti, joka n\u00e4kyy galleriakortissa. <\/p>\n","protected":false},"author":1,"featured_media":832,"parent":1778,"menu_order":3,"comment_status":"closed","ping_status":"closed","template":"","meta":{"footnotes":""},"class_list":["post-1763","page","type-page","status-publish","has-post-thumbnail","hentry"],"yoast_head":"<!-- This site is optimized with the Yoast SEO plugin v27.2 - https:\/\/yoast.com\/product\/yoast-seo-wordpress\/ -->\n<title>Tutkimustietoa - S\u00e4hk\u00f6herk\u00e4t ry<\/title>\n<meta name=\"robots\" content=\"index, follow, max-snippet:-1, max-image-preview:large, max-video-preview:-1\" \/>\n<link rel=\"canonical\" href=\"https:\/\/dev.sahkoherkat.fi\/?page_id=1763\" \/>\n<meta property=\"og:locale\" content=\"fi_FI\" \/>\n<meta property=\"og:type\" content=\"article\" \/>\n<meta property=\"og:title\" content=\"Tutkimustietoa - S\u00e4hk\u00f6herk\u00e4t ry\" \/>\n<meta property=\"og:description\" content=\"This is my example excerpt text. T\u00e4m\u00e4 on sivun esittelyteksti, joka n\u00e4kyy galleriakortissa.\" \/>\n<meta property=\"og:url\" content=\"https:\/\/dev.sahkoherkat.fi\/?page_id=1763\" \/>\n<meta property=\"og:site_name\" content=\"S\u00e4hk\u00f6herk\u00e4t ry\" \/>\n<meta property=\"article:modified_time\" content=\"2026-05-13T17:09:42+00:00\" \/>\n<meta property=\"og:image\" content=\"https:\/\/dev.sahkoherkat.fi\/wp-content\/uploads\/2024\/04\/facebook-default-post-image.jpg\" \/>\n\t<meta property=\"og:image:width\" content=\"1200\" \/>\n\t<meta property=\"og:image:height\" content=\"630\" \/>\n\t<meta property=\"og:image:type\" content=\"image\/jpeg\" \/>\n<meta name=\"twitter:card\" content=\"summary_large_image\" \/>\n<meta name=\"twitter:label1\" content=\"Arvioitu lukuaika\" \/>\n\t<meta name=\"twitter:data1\" content=\"5 minuuttia\" \/>\n<script type=\"application\/ld+json\" class=\"yoast-schema-graph\">{\"@context\":\"https:\/\/schema.org\",\"@graph\":[{\"@type\":\"WebPage\",\"@id\":\"https:\/\/dev.sahkoherkat.fi\/?page_id=1763\",\"url\":\"https:\/\/dev.sahkoherkat.fi\/?page_id=1763\",\"name\":\"Tutkimustietoa - S\u00e4hk\u00f6herk\u00e4t ry\",\"isPartOf\":{\"@id\":\"https:\/\/dev.sahkoherkat.fi\/#website\"},\"primaryImageOfPage\":{\"@id\":\"https:\/\/dev.sahkoherkat.fi\/?page_id=1763#primaryimage\"},\"image\":{\"@id\":\"https:\/\/dev.sahkoherkat.fi\/?page_id=1763#primaryimage\"},\"thumbnailUrl\":\"https:\/\/dev.sahkoherkat.fi\/wp-content\/uploads\/2024\/04\/facebook-default-post-image.jpg\",\"datePublished\":\"2026-03-30T10:24:17+00:00\",\"dateModified\":\"2026-05-13T17:09:42+00:00\",\"breadcrumb\":{\"@id\":\"https:\/\/dev.sahkoherkat.fi\/?page_id=1763#breadcrumb\"},\"inLanguage\":\"fi\",\"potentialAction\":[{\"@type\":\"ReadAction\",\"target\":[\"https:\/\/dev.sahkoherkat.fi\/?page_id=1763\"]}]},{\"@type\":\"ImageObject\",\"inLanguage\":\"fi\",\"@id\":\"https:\/\/dev.sahkoherkat.fi\/?page_id=1763#primaryimage\",\"url\":\"https:\/\/dev.sahkoherkat.fi\/wp-content\/uploads\/2024\/04\/facebook-default-post-image.jpg\",\"contentUrl\":\"https:\/\/dev.sahkoherkat.fi\/wp-content\/uploads\/2024\/04\/facebook-default-post-image.jpg\",\"width\":1200,\"height\":630},{\"@type\":\"BreadcrumbList\",\"@id\":\"https:\/\/dev.sahkoherkat.fi\/?page_id=1763#breadcrumb\",\"itemListElement\":[{\"@type\":\"ListItem\",\"position\":1,\"name\":\"Etusivu\",\"item\":\"https:\/\/dev.sahkoherkat.fi\/\"},{\"@type\":\"ListItem\",\"position\":2,\"name\":\"Tietopankki\",\"item\":\"https:\/\/dev.sahkoherkat.fi\/?page_id=1778\"},{\"@type\":\"ListItem\",\"position\":3,\"name\":\"Tutkimustietoa\"}]},{\"@type\":\"WebSite\",\"@id\":\"https:\/\/dev.sahkoherkat.fi\/#website\",\"url\":\"https:\/\/dev.sahkoherkat.fi\/\",\"name\":\"S\u00e4hk\u00f6herk\u00e4t ry\",\"description\":\"S\u00e4hk\u00f6herk\u00e4t ry on suomalainen yhdistys, jonka p\u00e4\u00e4asiallisena teht\u00e4v\u00e4n\u00e4 on toimia s\u00e4hk\u00f6herkkien etuj\u00e4rjest\u00f6n\u00e4.  Yhdistys jakaa tietoa s\u00e4hk\u00f6herkkyyden tunnetuksi tekemisess\u00e4 sek\u00e4 vaikuttaa viranomaisiin ja p\u00e4\u00e4tt\u00e4jiin, jotta s\u00e4hk\u00f6herkkyys hyv\u00e4ksytt\u00e4isiin sairaudeksi ja henkil\u00f6t saisivat virallisen diagnoosin ja korvauksen ty\u00f6kyvyn menett\u00e4misest\u00e4.\",\"potentialAction\":[{\"@type\":\"SearchAction\",\"target\":{\"@type\":\"EntryPoint\",\"urlTemplate\":\"https:\/\/dev.sahkoherkat.fi\/?s={search_term_string}\"},\"query-input\":{\"@type\":\"PropertyValueSpecification\",\"valueRequired\":true,\"valueName\":\"search_term_string\"}}],\"inLanguage\":\"fi\"}]}<\/script>\n<!-- \/ Yoast SEO plugin. -->","yoast_head_json":{"title":"Tutkimustietoa - S\u00e4hk\u00f6herk\u00e4t ry","robots":{"index":"index","follow":"follow","max-snippet":"max-snippet:-1","max-image-preview":"max-image-preview:large","max-video-preview":"max-video-preview:-1"},"canonical":"https:\/\/dev.sahkoherkat.fi\/?page_id=1763","og_locale":"fi_FI","og_type":"article","og_title":"Tutkimustietoa - S\u00e4hk\u00f6herk\u00e4t ry","og_description":"This is my example excerpt text. T\u00e4m\u00e4 on sivun esittelyteksti, joka n\u00e4kyy galleriakortissa.","og_url":"https:\/\/dev.sahkoherkat.fi\/?page_id=1763","og_site_name":"S\u00e4hk\u00f6herk\u00e4t ry","article_modified_time":"2026-05-13T17:09:42+00:00","og_image":[{"width":1200,"height":630,"url":"https:\/\/dev.sahkoherkat.fi\/wp-content\/uploads\/2024\/04\/facebook-default-post-image.jpg","type":"image\/jpeg"}],"twitter_card":"summary_large_image","twitter_misc":{"Arvioitu lukuaika":"5 minuuttia"},"schema":{"@context":"https:\/\/schema.org","@graph":[{"@type":"WebPage","@id":"https:\/\/dev.sahkoherkat.fi\/?page_id=1763","url":"https:\/\/dev.sahkoherkat.fi\/?page_id=1763","name":"Tutkimustietoa - S\u00e4hk\u00f6herk\u00e4t ry","isPartOf":{"@id":"https:\/\/dev.sahkoherkat.fi\/#website"},"primaryImageOfPage":{"@id":"https:\/\/dev.sahkoherkat.fi\/?page_id=1763#primaryimage"},"image":{"@id":"https:\/\/dev.sahkoherkat.fi\/?page_id=1763#primaryimage"},"thumbnailUrl":"https:\/\/dev.sahkoherkat.fi\/wp-content\/uploads\/2024\/04\/facebook-default-post-image.jpg","datePublished":"2026-03-30T10:24:17+00:00","dateModified":"2026-05-13T17:09:42+00:00","breadcrumb":{"@id":"https:\/\/dev.sahkoherkat.fi\/?page_id=1763#breadcrumb"},"inLanguage":"fi","potentialAction":[{"@type":"ReadAction","target":["https:\/\/dev.sahkoherkat.fi\/?page_id=1763"]}]},{"@type":"ImageObject","inLanguage":"fi","@id":"https:\/\/dev.sahkoherkat.fi\/?page_id=1763#primaryimage","url":"https:\/\/dev.sahkoherkat.fi\/wp-content\/uploads\/2024\/04\/facebook-default-post-image.jpg","contentUrl":"https:\/\/dev.sahkoherkat.fi\/wp-content\/uploads\/2024\/04\/facebook-default-post-image.jpg","width":1200,"height":630},{"@type":"BreadcrumbList","@id":"https:\/\/dev.sahkoherkat.fi\/?page_id=1763#breadcrumb","itemListElement":[{"@type":"ListItem","position":1,"name":"Etusivu","item":"https:\/\/dev.sahkoherkat.fi\/"},{"@type":"ListItem","position":2,"name":"Tietopankki","item":"https:\/\/dev.sahkoherkat.fi\/?page_id=1778"},{"@type":"ListItem","position":3,"name":"Tutkimustietoa"}]},{"@type":"WebSite","@id":"https:\/\/dev.sahkoherkat.fi\/#website","url":"https:\/\/dev.sahkoherkat.fi\/","name":"S\u00e4hk\u00f6herk\u00e4t ry","description":"S\u00e4hk\u00f6herk\u00e4t ry on suomalainen yhdistys, jonka p\u00e4\u00e4asiallisena teht\u00e4v\u00e4n\u00e4 on toimia s\u00e4hk\u00f6herkkien etuj\u00e4rjest\u00f6n\u00e4.  Yhdistys jakaa tietoa s\u00e4hk\u00f6herkkyyden tunnetuksi tekemisess\u00e4 sek\u00e4 vaikuttaa viranomaisiin ja p\u00e4\u00e4tt\u00e4jiin, jotta s\u00e4hk\u00f6herkkyys hyv\u00e4ksytt\u00e4isiin sairaudeksi ja henkil\u00f6t saisivat virallisen diagnoosin ja korvauksen ty\u00f6kyvyn menett\u00e4misest\u00e4.","potentialAction":[{"@type":"SearchAction","target":{"@type":"EntryPoint","urlTemplate":"https:\/\/dev.sahkoherkat.fi\/?s={search_term_string}"},"query-input":{"@type":"PropertyValueSpecification","valueRequired":true,"valueName":"search_term_string"}}],"inLanguage":"fi"}]}},"_links":{"self":[{"href":"https:\/\/dev.sahkoherkat.fi\/index.php?rest_route=\/wp\/v2\/pages\/1763","targetHints":{"allow":["GET"]}}],"collection":[{"href":"https:\/\/dev.sahkoherkat.fi\/index.php?rest_route=\/wp\/v2\/pages"}],"about":[{"href":"https:\/\/dev.sahkoherkat.fi\/index.php?rest_route=\/wp\/v2\/types\/page"}],"author":[{"embeddable":true,"href":"https:\/\/dev.sahkoherkat.fi\/index.php?rest_route=\/wp\/v2\/users\/1"}],"replies":[{"embeddable":true,"href":"https:\/\/dev.sahkoherkat.fi\/index.php?rest_route=%2Fwp%2Fv2%2Fcomments&post=1763"}],"version-history":[{"count":19,"href":"https:\/\/dev.sahkoherkat.fi\/index.php?rest_route=\/wp\/v2\/pages\/1763\/revisions"}],"predecessor-version":[{"id":2613,"href":"https:\/\/dev.sahkoherkat.fi\/index.php?rest_route=\/wp\/v2\/pages\/1763\/revisions\/2613"}],"up":[{"embeddable":true,"href":"https:\/\/dev.sahkoherkat.fi\/index.php?rest_route=\/wp\/v2\/pages\/1778"}],"wp:featuredmedia":[{"embeddable":true,"href":"https:\/\/dev.sahkoherkat.fi\/index.php?rest_route=\/wp\/v2\/media\/832"}],"wp:attachment":[{"href":"https:\/\/dev.sahkoherkat.fi\/index.php?rest_route=%2Fwp%2Fv2%2Fmedia&parent=1763"}],"curies":[{"name":"wp","href":"https:\/\/api.w.org\/{rel}","templated":true}]}}