{"id":1223,"date":"2026-03-13T21:42:27","date_gmt":"2026-03-13T21:42:27","guid":{"rendered":"https:\/\/dev.sahkoherkat.fi\/?page_id=1223"},"modified":"2026-04-28T19:06:34","modified_gmt":"2026-04-28T19:06:34","slug":"tavoitteemme","status":"publish","type":"page","link":"https:\/\/dev.sahkoherkat.fi\/?page_id=1223","title":{"rendered":"Tavoitteemme"},"content":{"rendered":"\t\t<div data-elementor-type=\"wp-page\" data-elementor-id=\"1223\" class=\"elementor elementor-1223\" data-elementor-post-type=\"page\">\n\t\t\t\t<div class=\"elementor-element elementor-element-2e49658 e-flex e-con-boxed e-con e-parent\" data-id=\"2e49658\" data-element_type=\"container\" data-e-type=\"container\" data-settings=\"{&quot;background_background&quot;:&quot;classic&quot;}\">\n\t\t\t\t\t<div class=\"e-con-inner\">\n\t\t\t\t\t<\/div>\n\t\t\t\t<\/div>\n\t\t<div class=\"elementor-element elementor-element-a315928 e-con-full e-flex e-con e-parent\" data-id=\"a315928\" data-element_type=\"container\" data-e-type=\"container\" data-settings=\"{&quot;background_background&quot;:&quot;classic&quot;}\">\n\t\t\t\t<div class=\"elementor-element elementor-element-e9fecbe elementor-widget elementor-widget-shortcode\" data-id=\"e9fecbe\" data-element_type=\"widget\" data-e-type=\"widget\" data-widget_type=\"shortcode.default\">\n\t\t\t\t\t\t\t<div class=\"elementor-shortcode\"><span><span><a href=\"https:\/\/dev.sahkoherkat.fi\/\">Etusivu<\/a><\/span><\/span>\n<\/div>\n\t\t\t\t\t\t<\/div>\n\t\t\t\t<div class=\"elementor-element elementor-element-a2a9dab elementor-widget elementor-widget-heading\" data-id=\"a2a9dab\" data-element_type=\"widget\" data-e-type=\"widget\" data-widget_type=\"heading.default\">\n\t\t\t\t\t<h1 class=\"elementor-heading-title elementor-size-default\">Tavoitteemme<\/h1>\t\t\t\t<\/div>\n\t\t\t\t<\/div>\n\t\t<div class=\"elementor-element elementor-element-d214a30 e-con-full e-flex e-con e-parent\" data-id=\"d214a30\" data-element_type=\"container\" data-e-type=\"container\">\n\t\t<div class=\"elementor-element elementor-element-df18820 e-con-full e-flex e-con e-child\" data-id=\"df18820\" data-element_type=\"container\" data-e-type=\"container\">\n\t\t\t\t<div class=\"elementor-element elementor-element-2557164 elementor-widget elementor-widget-heading\" data-id=\"2557164\" data-element_type=\"widget\" data-e-type=\"widget\" data-widget_type=\"heading.default\">\n\t\t\t\t\t<p class=\"elementor-heading-title elementor-size-default\">S\u00e4hk\u00f6herk\u00e4t ry on vuonna 1998 perustettu yhdistys, jonka teht\u00e4v\u00e4n\u00e4 on toimia s\u00e4hk\u00f6herkkien ihmisten tukena ja edunvalvojana.<\/p>\t\t\t\t<\/div>\n\t\t\t\t<div class=\"elementor-element elementor-element-2f27aa4 elementor-widget elementor-widget-heading\" data-id=\"2f27aa4\" data-element_type=\"widget\" data-e-type=\"widget\" data-widget_type=\"heading.default\">\n\t\t\t\t\t<p class=\"elementor-heading-title elementor-size-default\">T\u00e4m\u00e4 sivu esittelee yhdistyksen toimintasuunnitelman vuosille 2025\u20132029.<\/p>\t\t\t\t<\/div>\n\t\t\t\t<\/div>\n\t\t\t\t<\/div>\n\t\t<div class=\"elementor-element elementor-element-a737905 e-con-full e-flex e-con e-parent\" data-id=\"a737905\" data-element_type=\"container\" data-e-type=\"container\">\n\t\t<div class=\"elementor-element elementor-element-578ab47 e-con-full e-flex e-con e-child\" data-id=\"578ab47\" data-element_type=\"container\" data-e-type=\"container\">\n\t\t\t\t<div class=\"elementor-element elementor-element-f75fa5c elementor-widget elementor-widget-heading\" data-id=\"f75fa5c\" data-element_type=\"widget\" data-e-type=\"widget\" data-widget_type=\"heading.default\">\n\t\t\t\t\t<h2 class=\"elementor-heading-title elementor-size-default\">Tavoitteet<\/h2>\t\t\t\t<\/div>\n\t\t\t\t<div class=\"elementor-element elementor-element-8ffe979 elementor-widget elementor-widget-heading\" data-id=\"8ffe979\" data-element_type=\"widget\" data-e-type=\"widget\" data-widget_type=\"heading.default\">\n\t\t\t\t\t<h4 class=\"elementor-heading-title elementor-size-default\">1. Tukea ja auttaa s\u00e4hk\u00f6herkki\u00e4<\/h4>\t\t\t\t<\/div>\n\t\t\t\t<div class=\"elementor-element elementor-element-10e4f9b elementor-widget elementor-widget-text-editor\" data-id=\"10e4f9b\" data-element_type=\"widget\" data-e-type=\"widget\" data-widget_type=\"text-editor.default\">\n\t\t\t\t\t\t\t\t\t<p>Haluamme, ett\u00e4 jokainen s\u00e4hk\u00f6herkk\u00e4 saa tukea ja l\u00f6yt\u00e4\u00e4 keinoja arjen sujuvuuden ja hallittavuuden parantamiseen. Tavoitteena on, ett\u00e4 apu, tieto ja vertaistuki ovat helposti saavutettavissa erilaisissa el\u00e4m\u00e4ntilanteissa.<\/p>\t\t\t\t\t\t\t\t<\/div>\n\t\t\t\t<div class=\"elementor-element elementor-element-f02c88a elementor-widget elementor-widget-heading\" data-id=\"f02c88a\" data-element_type=\"widget\" data-e-type=\"widget\" data-widget_type=\"heading.default\">\n\t\t\t\t\t<h4 class=\"elementor-heading-title elementor-size-default\">2. Edist\u00e4\u00e4 s\u00e4hk\u00f6herkkien asemaa yhteiskunnassa<\/h4>\t\t\t\t<\/div>\n\t\t\t\t<div class=\"elementor-element elementor-element-5776de1 elementor-widget elementor-widget-text-editor\" data-id=\"5776de1\" data-element_type=\"widget\" data-e-type=\"widget\" data-widget_type=\"text-editor.default\">\n\t\t\t\t\t\t\t\t\t<p>Teemme ty\u00f6t\u00e4 sen eteen, ett\u00e4 s\u00e4hk\u00f6herkkyys tunnistetaan paremmin ja ett\u00e4 s\u00e4hk\u00f6herk\u00e4t huomioidaan osana yhteiskunnan rakenteita, palveluja ja p\u00e4\u00e4t\u00f6ksentekoa.<\/p>\t\t\t\t\t\t\t\t<\/div>\n\t\t\t\t<div class=\"elementor-element elementor-element-86c34a0 elementor-widget elementor-widget-heading\" data-id=\"86c34a0\" data-element_type=\"widget\" data-e-type=\"widget\" data-widget_type=\"heading.default\">\n\t\t\t\t\t<h4 class=\"elementor-heading-title elementor-size-default\">3. Lis\u00e4t\u00e4 tietoa ja ymm\u00e4rryst\u00e4<\/h4>\t\t\t\t<\/div>\n\t\t\t\t<div class=\"elementor-element elementor-element-d154429 elementor-widget elementor-widget-text-editor\" data-id=\"d154429\" data-element_type=\"widget\" data-e-type=\"widget\" data-widget_type=\"text-editor.default\">\n\t\t\t\t\t\t\t\t\t<p>Tavoitteemme on lis\u00e4t\u00e4 ymm\u00e4rryst\u00e4 s\u00e4hk\u00f6magneettisten kenttien terveysvaikutuksista sek\u00e4 s\u00e4hk\u00f6herkkyyteen liittyvist\u00e4 oireista ja niiden vaikutuksista arkeen. Haluamme lis\u00e4t\u00e4 yleist\u00e4 tietoisuutta s\u00e4hk\u00f6herkkyydest\u00e4 ilmi\u00f6n\u00e4.<\/p>\t\t\t\t\t\t\t\t<\/div>\n\t\t\t\t<div class=\"elementor-element elementor-element-364bdda elementor-widget elementor-widget-heading\" data-id=\"364bdda\" data-element_type=\"widget\" data-e-type=\"widget\" data-widget_type=\"heading.default\">\n\t\t\t\t\t<h3 class=\"elementor-heading-title elementor-size-default\">Toimintatavat<\/h3>\t\t\t\t<\/div>\n\t\t\t\t<div class=\"elementor-element elementor-element-44b8a1c elementor-widget elementor-widget-heading\" data-id=\"44b8a1c\" data-element_type=\"widget\" data-e-type=\"widget\" data-widget_type=\"heading.default\">\n\t\t\t\t\t<h4 class=\"elementor-heading-title elementor-size-default\">1. Vertaistuki ja yhteis\u00f6llisyys<\/h4>\t\t\t\t<\/div>\n\t\t\t\t<div class=\"elementor-element elementor-element-884f600 elementor-widget elementor-widget-text-editor\" data-id=\"884f600\" data-element_type=\"widget\" data-e-type=\"widget\" data-widget_type=\"text-editor.default\">\n\t\t\t\t\t\t\t\t\t<p>J\u00e4rjest\u00e4mme tapaamisia ja et\u00e4tilaisuuksia, joissa s\u00e4hk\u00f6herk\u00e4t voivat kohdata toisiaan ja saada tukea.<\/p>\t\t\t\t\t\t\t\t<\/div>\n\t\t\t\t<div class=\"elementor-element elementor-element-d47c7e7 elementor-widget elementor-widget-heading\" data-id=\"d47c7e7\" data-element_type=\"widget\" data-e-type=\"widget\" data-widget_type=\"heading.default\">\n\t\t\t\t\t<h4 class=\"elementor-heading-title elementor-size-default\">2. Neuvonta ja k\u00e4yt\u00e4nn\u00f6n apu<\/h4>\t\t\t\t<\/div>\n\t\t\t\t<div class=\"elementor-element elementor-element-807dfcd elementor-widget elementor-widget-text-editor\" data-id=\"807dfcd\" data-element_type=\"widget\" data-e-type=\"widget\" data-widget_type=\"text-editor.default\">\n\t\t\t\t\t\t\t\t\t<p>Tarjoamme j\u00e4senillemme ohjausta esimerkiksi viranomaisten ja terveydenhuollon kanssa asiointiin liittyviss\u00e4 kysymyksiss\u00e4.<\/p>\t\t\t\t\t\t\t\t<\/div>\n\t\t\t\t<div class=\"elementor-element elementor-element-0bd43b0 elementor-widget elementor-widget-heading\" data-id=\"0bd43b0\" data-element_type=\"widget\" data-e-type=\"widget\" data-widget_type=\"heading.default\">\n\t\t\t\t\t<h4 class=\"elementor-heading-title elementor-size-default\">3. Tiedon jakaminen<\/h4>\t\t\t\t<\/div>\n\t\t\t\t<div class=\"elementor-element elementor-element-d2a8963 elementor-widget elementor-widget-text-editor\" data-id=\"d2a8963\" data-element_type=\"widget\" data-e-type=\"widget\" data-widget_type=\"text-editor.default\">\n\t\t\t\t\t\t\t\t\t<p>V\u00e4lit\u00e4mme tietoa sairastuneille, heid\u00e4n l\u00e4heisilleen ja muille aiheesta kiinnostuneille esimerkiksi j\u00e4senlehden ja verkkosivujemme kautta. Jaamme sek\u00e4 arkeen liittyv\u00e4\u00e4 k\u00e4yt\u00e4nn\u00f6n tietoa ett\u00e4 tutkimukseen perustuvia n\u00e4k\u00f6kulmia ymm\u00e4rrett\u00e4v\u00e4ss\u00e4 muodossa.<\/p>\t\t\t\t\t\t\t\t<\/div>\n\t\t\t\t<div class=\"elementor-element elementor-element-7993008 elementor-widget elementor-widget-heading\" data-id=\"7993008\" data-element_type=\"widget\" data-e-type=\"widget\" data-widget_type=\"heading.default\">\n\t\t\t\t\t<h4 class=\"elementor-heading-title elementor-size-default\">4. Vaikuttamisty\u00f6<\/h4>\t\t\t\t<\/div>\n\t\t\t\t<div class=\"elementor-element elementor-element-e0dd647 elementor-widget elementor-widget-text-editor\" data-id=\"e0dd647\" data-element_type=\"widget\" data-e-type=\"widget\" data-widget_type=\"text-editor.default\">\n\t\t\t\t\t\t\t\t\t<p>K\u00e4ymme vuoropuhelua p\u00e4\u00e4tt\u00e4jien, viranomaisten ja asiantuntijoiden kanssa, jotta s\u00e4hk\u00f6herkkien tarpeet tulisivat paremmin huomioiduiksi.<\/p>\t\t\t\t\t\t\t\t<\/div>\n\t\t\t\t<div class=\"elementor-element elementor-element-aa64936 elementor-widget elementor-widget-heading\" data-id=\"aa64936\" data-element_type=\"widget\" data-e-type=\"widget\" data-widget_type=\"heading.default\">\n\t\t\t\t\t<h4 class=\"elementor-heading-title elementor-size-default\">5. Yhteisty\u00f6 ja verkostoituminen<\/h4>\t\t\t\t<\/div>\n\t\t\t\t<div class=\"elementor-element elementor-element-9a1cab3 elementor-widget elementor-widget-text-editor\" data-id=\"9a1cab3\" data-element_type=\"widget\" data-e-type=\"widget\" data-widget_type=\"text-editor.default\">\n\t\t\t\t\t\t\t\t\t<p>Verkostoidumme kansainv\u00e4lisesti sek\u00e4 teemme yhteisty\u00f6t\u00e4 kotimaisten ymp\u00e4rist\u00f6herkkyyteen liittyvien j\u00e4rjest\u00f6jen kanssa. Osallistumme erilaisiin aloitteisiin s\u00e4hk\u00f6herkkien aseman parantamiseksi, tavoitteena, ett\u00e4\u00a0<a href=\"https:\/\/www.ihmisoikeuskeskus.fi\/vammaisten-henkiloiden-oikeudet\/yk-n-vammaisyleissopimus\/\" target=\"_blank\" rel=\"noopener\">YK:n vammaisyleissopimus<\/a>\u00a0ulotettaisiin koskemaan my\u00f6s s\u00e4hk\u00f6herkki\u00e4 ja muita ymp\u00e4rist\u00f6herkki\u00e4.<\/p>\t\t\t\t\t\t\t\t<\/div>\n\t\t\t\t<div class=\"elementor-element elementor-element-c49f59d elementor-widget elementor-widget-heading\" data-id=\"c49f59d\" data-element_type=\"widget\" data-e-type=\"widget\" data-widget_type=\"heading.default\">\n\t\t\t\t\t<h3 class=\"elementor-heading-title elementor-size-default\">Toiminnan l\u00e4ht\u00f6kohdat<\/h3>\t\t\t\t<\/div>\n\t\t\t\t<div class=\"elementor-element elementor-element-beaca89 elementor-widget elementor-widget-text-editor\" data-id=\"beaca89\" data-element_type=\"widget\" data-e-type=\"widget\" data-widget_type=\"text-editor.default\">\n\t\t\t\t\t\t\t\t\t<p data-start=\"2453\" data-end=\"2800\">Yhdistyksemme hallituksessa ja j\u00e4senist\u00f6ss\u00e4 on useita s\u00e4hk\u00f6herkki\u00e4 ihmisi\u00e4, ja suuri osa aktiivisesti toimintaan osallistuvista el\u00e4\u00e4 itse s\u00e4hk\u00f6herkkyyden kanssa. T\u00e4m\u00e4 tuo toimintaan vahvaa k\u00e4yt\u00e4nn\u00f6n ymm\u00e4rryst\u00e4 arjesta ja sen haasteista, mutta samalla rajalliset resurssit asettavat rajoja toiminnan laajuudelle.<\/p><p data-start=\"444\" data-end=\"648\">Yhdistyksen toiminta rahoitetaan j\u00e4senmaksuilla sek\u00e4 kannatusj\u00e4senten ja tukijoiden tuella.\u00a0Kehit\u00e4mme rahoituspohjaa pitk\u00e4j\u00e4nteisesti toiminnan jatkuvuuden turvaamiseksi.<\/p><p data-start=\"650\" data-end=\"773\">Yhteisty\u00f6, tukijat ja kumppanuudet ovat t\u00e4rkeit\u00e4 my\u00f6s toiminnan kehitt\u00e4misen, vaikuttavuuden ja verkostoitumisen kannalta.<\/p>\t\t\t\t\t\t\t\t<\/div>\n\t\t\t\t<\/div>\n\t\t\t\t<\/div>\n\t\t\t\t<\/div>\n\t\t","protected":false},"excerpt":{"rendered":"<p>S\u00e4hk\u00f6herk\u00e4t ry toimii s\u00e4hk\u00f6herkkien ihmisten tukena ja edunvalvojana.<\/p>\n","protected":false},"author":1,"featured_media":1817,"parent":1133,"menu_order":24,"comment_status":"closed","ping_status":"closed","template":"","meta":{"footnotes":""},"class_list":["post-1223","page","type-page","status-publish","has-post-thumbnail","hentry"],"yoast_head":"<!-- This site is optimized with the Yoast SEO plugin v27.2 - https:\/\/yoast.com\/product\/yoast-seo-wordpress\/ -->\n<title>Tavoitteemme - S\u00e4hk\u00f6herk\u00e4t ry<\/title>\n<meta name=\"robots\" content=\"index, follow, max-snippet:-1, max-image-preview:large, max-video-preview:-1\" \/>\n<link rel=\"canonical\" href=\"https:\/\/dev.sahkoherkat.fi\/?page_id=1223\" \/>\n<meta property=\"og:locale\" content=\"fi_FI\" \/>\n<meta property=\"og:type\" content=\"article\" \/>\n<meta property=\"og:title\" content=\"Tavoitteemme - S\u00e4hk\u00f6herk\u00e4t ry\" \/>\n<meta property=\"og:description\" content=\"S\u00e4hk\u00f6herk\u00e4t ry toimii s\u00e4hk\u00f6herkkien ihmisten tukena ja edunvalvojana.\" \/>\n<meta property=\"og:url\" content=\"https:\/\/dev.sahkoherkat.fi\/?page_id=1223\" \/>\n<meta property=\"og:site_name\" content=\"S\u00e4hk\u00f6herk\u00e4t ry\" \/>\n<meta property=\"article:modified_time\" content=\"2026-04-28T19:06:34+00:00\" \/>\n<meta property=\"og:image\" content=\"https:\/\/dev.sahkoherkat.fi\/wp-content\/uploads\/2026\/03\/jenny-hill-mQVWb7kUoOE-unsplash-scaled.jpg\" \/>\n\t<meta property=\"og:image:width\" content=\"2560\" \/>\n\t<meta property=\"og:image:height\" content=\"1703\" \/>\n\t<meta property=\"og:image:type\" content=\"image\/jpeg\" \/>\n<meta name=\"twitter:card\" content=\"summary_large_image\" \/>\n<meta name=\"twitter:label1\" content=\"Arvioitu lukuaika\" \/>\n\t<meta name=\"twitter:data1\" content=\"2 minuuttia\" \/>\n<script type=\"application\/ld+json\" class=\"yoast-schema-graph\">{\"@context\":\"https:\/\/schema.org\",\"@graph\":[{\"@type\":\"WebPage\",\"@id\":\"https:\/\/dev.sahkoherkat.fi\/?page_id=1223\",\"url\":\"https:\/\/dev.sahkoherkat.fi\/?page_id=1223\",\"name\":\"Tavoitteemme - S\u00e4hk\u00f6herk\u00e4t ry\",\"isPartOf\":{\"@id\":\"https:\/\/dev.sahkoherkat.fi\/#website\"},\"primaryImageOfPage\":{\"@id\":\"https:\/\/dev.sahkoherkat.fi\/?page_id=1223#primaryimage\"},\"image\":{\"@id\":\"https:\/\/dev.sahkoherkat.fi\/?page_id=1223#primaryimage\"},\"thumbnailUrl\":\"https:\/\/dev.sahkoherkat.fi\/wp-content\/uploads\/2026\/03\/jenny-hill-mQVWb7kUoOE-unsplash-scaled.jpg\",\"datePublished\":\"2026-03-13T21:42:27+00:00\",\"dateModified\":\"2026-04-28T19:06:34+00:00\",\"breadcrumb\":{\"@id\":\"https:\/\/dev.sahkoherkat.fi\/?page_id=1223#breadcrumb\"},\"inLanguage\":\"fi\",\"potentialAction\":[{\"@type\":\"ReadAction\",\"target\":[\"https:\/\/dev.sahkoherkat.fi\/?page_id=1223\"]}]},{\"@type\":\"ImageObject\",\"inLanguage\":\"fi\",\"@id\":\"https:\/\/dev.sahkoherkat.fi\/?page_id=1223#primaryimage\",\"url\":\"https:\/\/dev.sahkoherkat.fi\/wp-content\/uploads\/2026\/03\/jenny-hill-mQVWb7kUoOE-unsplash-scaled.jpg\",\"contentUrl\":\"https:\/\/dev.sahkoherkat.fi\/wp-content\/uploads\/2026\/03\/jenny-hill-mQVWb7kUoOE-unsplash-scaled.jpg\",\"width\":2560,\"height\":1703},{\"@type\":\"BreadcrumbList\",\"@id\":\"https:\/\/dev.sahkoherkat.fi\/?page_id=1223#breadcrumb\",\"itemListElement\":[{\"@type\":\"ListItem\",\"position\":1,\"name\":\"Etusivu\",\"item\":\"https:\/\/dev.sahkoherkat.fi\/\"},{\"@type\":\"ListItem\",\"position\":2,\"name\":\"Yhdistyksest\u00e4\",\"item\":\"https:\/\/dev.sahkoherkat.fi\/?page_id=1133\"},{\"@type\":\"ListItem\",\"position\":3,\"name\":\"Tavoitteemme\"}]},{\"@type\":\"WebSite\",\"@id\":\"https:\/\/dev.sahkoherkat.fi\/#website\",\"url\":\"https:\/\/dev.sahkoherkat.fi\/\",\"name\":\"S\u00e4hk\u00f6herk\u00e4t ry\",\"description\":\"S\u00e4hk\u00f6herk\u00e4t ry on suomalainen yhdistys, jonka p\u00e4\u00e4asiallisena teht\u00e4v\u00e4n\u00e4 on toimia s\u00e4hk\u00f6herkkien etuj\u00e4rjest\u00f6n\u00e4.  Yhdistys jakaa tietoa s\u00e4hk\u00f6herkkyyden tunnetuksi tekemisess\u00e4 sek\u00e4 vaikuttaa viranomaisiin ja p\u00e4\u00e4tt\u00e4jiin, jotta s\u00e4hk\u00f6herkkyys hyv\u00e4ksytt\u00e4isiin sairaudeksi ja henkil\u00f6t saisivat virallisen diagnoosin ja korvauksen ty\u00f6kyvyn menett\u00e4misest\u00e4.\",\"potentialAction\":[{\"@type\":\"SearchAction\",\"target\":{\"@type\":\"EntryPoint\",\"urlTemplate\":\"https:\/\/dev.sahkoherkat.fi\/?s={search_term_string}\"},\"query-input\":{\"@type\":\"PropertyValueSpecification\",\"valueRequired\":true,\"valueName\":\"search_term_string\"}}],\"inLanguage\":\"fi\"}]}<\/script>\n<!-- \/ Yoast SEO plugin. -->","yoast_head_json":{"title":"Tavoitteemme - S\u00e4hk\u00f6herk\u00e4t ry","robots":{"index":"index","follow":"follow","max-snippet":"max-snippet:-1","max-image-preview":"max-image-preview:large","max-video-preview":"max-video-preview:-1"},"canonical":"https:\/\/dev.sahkoherkat.fi\/?page_id=1223","og_locale":"fi_FI","og_type":"article","og_title":"Tavoitteemme - S\u00e4hk\u00f6herk\u00e4t ry","og_description":"S\u00e4hk\u00f6herk\u00e4t ry toimii s\u00e4hk\u00f6herkkien ihmisten tukena ja edunvalvojana.","og_url":"https:\/\/dev.sahkoherkat.fi\/?page_id=1223","og_site_name":"S\u00e4hk\u00f6herk\u00e4t ry","article_modified_time":"2026-04-28T19:06:34+00:00","og_image":[{"width":2560,"height":1703,"url":"https:\/\/dev.sahkoherkat.fi\/wp-content\/uploads\/2026\/03\/jenny-hill-mQVWb7kUoOE-unsplash-scaled.jpg","type":"image\/jpeg"}],"twitter_card":"summary_large_image","twitter_misc":{"Arvioitu lukuaika":"2 minuuttia"},"schema":{"@context":"https:\/\/schema.org","@graph":[{"@type":"WebPage","@id":"https:\/\/dev.sahkoherkat.fi\/?page_id=1223","url":"https:\/\/dev.sahkoherkat.fi\/?page_id=1223","name":"Tavoitteemme - S\u00e4hk\u00f6herk\u00e4t ry","isPartOf":{"@id":"https:\/\/dev.sahkoherkat.fi\/#website"},"primaryImageOfPage":{"@id":"https:\/\/dev.sahkoherkat.fi\/?page_id=1223#primaryimage"},"image":{"@id":"https:\/\/dev.sahkoherkat.fi\/?page_id=1223#primaryimage"},"thumbnailUrl":"https:\/\/dev.sahkoherkat.fi\/wp-content\/uploads\/2026\/03\/jenny-hill-mQVWb7kUoOE-unsplash-scaled.jpg","datePublished":"2026-03-13T21:42:27+00:00","dateModified":"2026-04-28T19:06:34+00:00","breadcrumb":{"@id":"https:\/\/dev.sahkoherkat.fi\/?page_id=1223#breadcrumb"},"inLanguage":"fi","potentialAction":[{"@type":"ReadAction","target":["https:\/\/dev.sahkoherkat.fi\/?page_id=1223"]}]},{"@type":"ImageObject","inLanguage":"fi","@id":"https:\/\/dev.sahkoherkat.fi\/?page_id=1223#primaryimage","url":"https:\/\/dev.sahkoherkat.fi\/wp-content\/uploads\/2026\/03\/jenny-hill-mQVWb7kUoOE-unsplash-scaled.jpg","contentUrl":"https:\/\/dev.sahkoherkat.fi\/wp-content\/uploads\/2026\/03\/jenny-hill-mQVWb7kUoOE-unsplash-scaled.jpg","width":2560,"height":1703},{"@type":"BreadcrumbList","@id":"https:\/\/dev.sahkoherkat.fi\/?page_id=1223#breadcrumb","itemListElement":[{"@type":"ListItem","position":1,"name":"Etusivu","item":"https:\/\/dev.sahkoherkat.fi\/"},{"@type":"ListItem","position":2,"name":"Yhdistyksest\u00e4","item":"https:\/\/dev.sahkoherkat.fi\/?page_id=1133"},{"@type":"ListItem","position":3,"name":"Tavoitteemme"}]},{"@type":"WebSite","@id":"https:\/\/dev.sahkoherkat.fi\/#website","url":"https:\/\/dev.sahkoherkat.fi\/","name":"S\u00e4hk\u00f6herk\u00e4t ry","description":"S\u00e4hk\u00f6herk\u00e4t ry on suomalainen yhdistys, jonka p\u00e4\u00e4asiallisena teht\u00e4v\u00e4n\u00e4 on toimia s\u00e4hk\u00f6herkkien etuj\u00e4rjest\u00f6n\u00e4.  Yhdistys jakaa tietoa s\u00e4hk\u00f6herkkyyden tunnetuksi tekemisess\u00e4 sek\u00e4 vaikuttaa viranomaisiin ja p\u00e4\u00e4tt\u00e4jiin, jotta s\u00e4hk\u00f6herkkyys hyv\u00e4ksytt\u00e4isiin sairaudeksi ja henkil\u00f6t saisivat virallisen diagnoosin ja korvauksen ty\u00f6kyvyn menett\u00e4misest\u00e4.","potentialAction":[{"@type":"SearchAction","target":{"@type":"EntryPoint","urlTemplate":"https:\/\/dev.sahkoherkat.fi\/?s={search_term_string}"},"query-input":{"@type":"PropertyValueSpecification","valueRequired":true,"valueName":"search_term_string"}}],"inLanguage":"fi"}]}},"_links":{"self":[{"href":"https:\/\/dev.sahkoherkat.fi\/index.php?rest_route=\/wp\/v2\/pages\/1223","targetHints":{"allow":["GET"]}}],"collection":[{"href":"https:\/\/dev.sahkoherkat.fi\/index.php?rest_route=\/wp\/v2\/pages"}],"about":[{"href":"https:\/\/dev.sahkoherkat.fi\/index.php?rest_route=\/wp\/v2\/types\/page"}],"author":[{"embeddable":true,"href":"https:\/\/dev.sahkoherkat.fi\/index.php?rest_route=\/wp\/v2\/users\/1"}],"replies":[{"embeddable":true,"href":"https:\/\/dev.sahkoherkat.fi\/index.php?rest_route=%2Fwp%2Fv2%2Fcomments&post=1223"}],"version-history":[{"count":72,"href":"https:\/\/dev.sahkoherkat.fi\/index.php?rest_route=\/wp\/v2\/pages\/1223\/revisions"}],"predecessor-version":[{"id":2279,"href":"https:\/\/dev.sahkoherkat.fi\/index.php?rest_route=\/wp\/v2\/pages\/1223\/revisions\/2279"}],"up":[{"embeddable":true,"href":"https:\/\/dev.sahkoherkat.fi\/index.php?rest_route=\/wp\/v2\/pages\/1133"}],"wp:featuredmedia":[{"embeddable":true,"href":"https:\/\/dev.sahkoherkat.fi\/index.php?rest_route=\/wp\/v2\/media\/1817"}],"wp:attachment":[{"href":"https:\/\/dev.sahkoherkat.fi\/index.php?rest_route=%2Fwp%2Fv2%2Fmedia&parent=1223"}],"curies":[{"name":"wp","href":"https:\/\/api.w.org\/{rel}","templated":true}]}}